{"id":25662,"date":"2025-07-03T07:40:44","date_gmt":"2025-07-03T07:40:44","guid":{"rendered":"https:\/\/www.nogometnizaotroke.com\/?post_type=product&#038;p=25662"},"modified":"2025-07-03T07:40:45","modified_gmt":"2025-07-03T07:40:45","slug":"kupiti-manchester-city-dresi-domaci-2025-26-moski-kompleti","status":"publish","type":"product","link":"https:\/\/www.nogometnizaotroke.com\/da\/product\/kupiti-manchester-city-dresi-domaci-2025-26-moski-kompleti\/","title":{"rendered":"Kupiti Manchester City dresi Doma\u010di 2025-26 Mo\u0161ki kompleti"},"content":{"rendered":"<h3>Kupiti Manchester City dresi Doma\u010di 2025-26 Mo\u0161ki Nogometni kompleti<\/h3>\n<p>Manchester City dresi prvi\u010d nosi trak na svojem doma\u010dem dresu. Trak je klasi\u010den dizajn dresa v zgodovini nogometa, ki se obi\u010dajno pojavlja le na gostujo\u010dih dresih, v sodobnem nogometu pa se je vrnil in doda osebnost in slog vsakemu dresu in klubu. Manchester City dresi Sezona 25\/26 bo zagotovo prinesla renesanso za Manchester City, ki bo ta nebesno modri klasi\u010dni videz traku nosil skozi celotno sezono.<\/p>\n<p>Tips til sokker: T-shirten indeholder ikke sokker som standard. Hvis du vil have sokker, skal du v\u00e6lge sokkeindstillingerne for at betale for dem.<\/p>\n<p>Udskrivningstip: Hvis navnet og nummeret p\u00e5 billedet er pr\u00e6cis det, du vil have, beh\u00f8ver du ikke at indtaste det igen. Hvis det ikke er tilf\u00e6ldet, skal du indtaste det \u00f8nskede navn og nummer.<\/p>\n<p>Vasketip: Det anbefales at vaske fodboldtr\u00f8jer i h\u00e5nden. Hvis du vil bruge en vaskemaskine, skal du huske at vende tr\u00f8jen om og derefter vaske den. Og fyld maskinen med koldt vand og brug et sk\u00e5nsomt vaskeprogram for at beskytte farverne mere.<\/p>","protected":false},"excerpt":{"rendered":"<p>Kupiti Manchester City dresi Doma\u010di 2025-26 Mo\u0161ki Nogometni kompleti Manchester City dresi prvi\u010d nosi trak na svojem doma\u010dem dresu. Trak je klasi\u010den dizajn dresa v zgodovini nogometa, ki se obi\u010dajno pojavlja le na gostujo\u010dih dresih, v sodobnem nogometu pa se je vrnil in doda osebnost in slog vsakemu dresu in klubu. Manchester City dresi Sezona [&hellip;]<\/p>","protected":false},"featured_media":25664,"comment_status":"open","ping_status":"closed","template":"","meta":[],"product_brand":[],"product_cat":[140,44],"product_tag":[483,837,150,490,220,148,1175,147],"class_list":{"0":"post-25662","1":"product","2":"type-product","3":"status-publish","4":"has-post-thumbnail","6":"product_cat-moski","7":"product_cat-nogometni-dresi-manchester-city","8":"product_tag-dresi-manchester-city-za-otroke","9":"product_tag-dresi-za-nogomet","10":"product_tag-moski-nogometni-dresi","11":"product_tag-nogometni-dresi-manchester-city-prodaja","12":"product_tag-nogometni-dresi-za-otroke","13":"product_tag-poceni-nogometni-dresi","14":"product_tag-poceni-nogometni-dresi-manchester-city","15":"product_tag-slovenski-nogometni-dresi","17":"first","18":"instock","19":"shipping-taxable","20":"purchasable","21":"product-type-variable"},"_links":{"self":[{"href":"https:\/\/www.nogometnizaotroke.com\/da\/wp-json\/wp\/v2\/product\/25662","targetHints":{"allow":["GET"]}}],"collection":[{"href":"https:\/\/www.nogometnizaotroke.com\/da\/wp-json\/wp\/v2\/product"}],"about":[{"href":"https:\/\/www.nogometnizaotroke.com\/da\/wp-json\/wp\/v2\/types\/product"}],"replies":[{"embeddable":true,"href":"https:\/\/www.nogometnizaotroke.com\/da\/wp-json\/wp\/v2\/comments?post=25662"}],"wp:featuredmedia":[{"embeddable":true,"href":"https:\/\/www.nogometnizaotroke.com\/da\/wp-json\/wp\/v2\/media\/25664"}],"wp:attachment":[{"href":"https:\/\/www.nogometnizaotroke.com\/da\/wp-json\/wp\/v2\/media?parent=25662"}],"wp:term":[{"taxonomy":"product_brand","embeddable":true,"href":"https:\/\/www.nogometnizaotroke.com\/da\/wp-json\/wp\/v2\/product_brand?post=25662"},{"taxonomy":"product_cat","embeddable":true,"href":"https:\/\/www.nogometnizaotroke.com\/da\/wp-json\/wp\/v2\/product_cat?post=25662"},{"taxonomy":"product_tag","embeddable":true,"href":"https:\/\/www.nogometnizaotroke.com\/da\/wp-json\/wp\/v2\/product_tag?post=25662"}],"curies":[{"name":"wp","href":"https:\/\/api.w.org\/{rel}","templated":true}]}}