{"id":25550,"date":"2025-07-17T09:34:48","date_gmt":"2025-07-17T09:34:48","guid":{"rendered":"https:\/\/www.nogometnizaotroke.com\/?post_type=product&#038;p=25550"},"modified":"2025-07-17T09:37:05","modified_gmt":"2025-07-17T09:37:05","slug":"nogometni-dresi-za-otroke-inter-milan-2025-26-nicolo-barella-23","status":"publish","type":"product","link":"https:\/\/www.nogometnizaotroke.com\/da\/product\/nogometni-dresi-za-otroke-inter-milan-2025-26-nicolo-barella-23\/","title":{"rendered":"Nogometni dresi za otroke Inter Milan 2025-26 Nicolo Barella 23"},"content":{"rendered":"<h3>Nogometni dresi za otroke Inter Milan 2025-26<\/h3>\n<p>Gostujo\u010di dres Interja Milana z ledenim videzom in ponavljajo\u010dimi se vzorci slavi prihod zimskih olimpijskih iger. Tudi barvne in vzor\u010dne podrobnosti dresa so navdihnjene s sodobno milansko obrtjo in arhitekturo, kar ustvarja ledeno vzdu\u0161je.<\/p>\n<p>Tips til sokker: T-shirten indeholder ikke sokker som standard. Hvis du vil have sokker, skal du v\u00e6lge sokkeindstillingerne for at betale for dem.<\/p>\n<p>Udskrivningstip: Hvis navnet og nummeret p\u00e5 billedet er pr\u00e6cis det, du vil have, beh\u00f8ver du ikke at indtaste det igen. Hvis det ikke er tilf\u00e6ldet, skal du indtaste det \u00f8nskede navn og nummer.<\/p>\n<p>Vasketip: Det anbefales at vaske fodboldtr\u00f8jer i h\u00e5nden. Hvis du vil bruge en vaskemaskine, skal du huske at vende tr\u00f8jen om og derefter vaske den. Og fyld maskinen med koldt vand og brug et sk\u00e5nsomt vaskeprogram for at beskytte farverne mere.<\/p>","protected":false},"excerpt":{"rendered":"<p>Nogometni dresi za otroke Inter Milan 2025-26 Gostujo\u010di dres Interja Milana z ledenim videzom in ponavljajo\u010dimi se vzorci slavi prihod zimskih olimpijskih iger. Tudi barvne in vzor\u010dne podrobnosti dresa so navdihnjene s sodobno milansko obrtjo in arhitekturo, kar ustvarja ledeno vzdu\u0161je. Nasveti za nogavice: Majica ne vsebuje nogavic privzeto. \u010ce \u017eelite nogavice, izberite mo\u017enosti nogavic, [&hellip;]<\/p>","protected":false},"featured_media":25552,"comment_status":"open","ping_status":"closed","template":"","meta":[],"product_brand":[],"product_cat":[73,47],"product_tag":[1228,1225,153,480,159,148,147],"class_list":{"0":"post-25550","1":"product","2":"type-product","3":"status-publish","4":"has-post-thumbnail","6":"product_cat-otroski","7":"product_cat-nogometni-dresi-inter-milan","8":"product_tag-dresi-inter-milan-za-otroke","9":"product_tag-nicolo-barella-dresi","10":"product_tag-nogometni-dresi","11":"product_tag-nogometni-dresi-inter-milan-prodaja","12":"product_tag-otroski-nogometni-dresi","13":"product_tag-poceni-nogometni-dresi","14":"product_tag-slovenski-nogometni-dresi","16":"first","17":"instock","18":"shipping-taxable","19":"purchasable","20":"product-type-variable"},"_links":{"self":[{"href":"https:\/\/www.nogometnizaotroke.com\/da\/wp-json\/wp\/v2\/product\/25550","targetHints":{"allow":["GET"]}}],"collection":[{"href":"https:\/\/www.nogometnizaotroke.com\/da\/wp-json\/wp\/v2\/product"}],"about":[{"href":"https:\/\/www.nogometnizaotroke.com\/da\/wp-json\/wp\/v2\/types\/product"}],"replies":[{"embeddable":true,"href":"https:\/\/www.nogometnizaotroke.com\/da\/wp-json\/wp\/v2\/comments?post=25550"}],"wp:featuredmedia":[{"embeddable":true,"href":"https:\/\/www.nogometnizaotroke.com\/da\/wp-json\/wp\/v2\/media\/25552"}],"wp:attachment":[{"href":"https:\/\/www.nogometnizaotroke.com\/da\/wp-json\/wp\/v2\/media?parent=25550"}],"wp:term":[{"taxonomy":"product_brand","embeddable":true,"href":"https:\/\/www.nogometnizaotroke.com\/da\/wp-json\/wp\/v2\/product_brand?post=25550"},{"taxonomy":"product_cat","embeddable":true,"href":"https:\/\/www.nogometnizaotroke.com\/da\/wp-json\/wp\/v2\/product_cat?post=25550"},{"taxonomy":"product_tag","embeddable":true,"href":"https:\/\/www.nogometnizaotroke.com\/da\/wp-json\/wp\/v2\/product_tag?post=25550"}],"curies":[{"name":"wp","href":"https:\/\/api.w.org\/{rel}","templated":true}]}}