{"id":24079,"date":"2025-04-08T08:52:21","date_gmt":"2025-04-08T08:52:21","guid":{"rendered":"https:\/\/www.nogometnizaotroke.com\/?post_type=product&#038;p=24079"},"modified":"2025-05-05T13:30:36","modified_gmt":"2025-05-05T13:30:36","slug":"nakup-otroske-nogometnih-dresov-komplet-mehika-2025-26","status":"publish","type":"product","link":"https:\/\/www.nogometnizaotroke.com\/da\/product\/nakup-otroske-nogometnih-dresov-komplet-mehika-2025-26\/","title":{"rendered":"Nakup Otro\u0161ke Nogometnih dresov Komplet Mehika 2025-26"},"content":{"rendered":"<p>Ta zatemnjeni komplet z zlatimi obrobami je poklon zlati kulturi v <strong>Otro\u0161ke Mehika dres 2025<\/strong>\u2013 barvna paleta in subtilna grafika trupa spominjata na tradicionalno mariachi obleko, pikselizirana obroba in pisava (na dresih po meri z imenom igralca) pa sta navdihnjena z azte\u0161ko arhitekturo. To je komplet M\u00e9xico de Oro in zagotovo bo hitro razprodan.Oblikovanje \u010diste \u010drne in zlate barve. Popolnoma \u010drna podlaga vidi \u017eare\u010de zlate poudarke med dekonstruiranim mehi\u0161kim grbom, ki je povezan poleg ikoni\u010dnega logotipa Trefoil. Trefoil ni bil viden na mehi\u0161kem dresu \u017ee ve\u010d kot 30 let, zdaj pa se zmagoslavno vra\u010da v enem naj\u010distej\u0161ih dresov reprezentance, kar smo jih videli v zadnjih letih. Daj nam resno nostalgijo po 80. letih. Podrobnosti na ovratniku in man\u0161etah \u010drpajo navdih iz mehi\u0161ke tradicije Mariachi, pri \u010demer ostajajo zvesti tradicionalni kulturi de\u017eele.<\/p>\n<p><strong>Izdelano iz 100% recikliranih materialov<\/strong><br \/>\n<strong>\u2022 100% poliester<\/strong><br \/>\n<strong>\u2022 Uradno licenciran<\/strong><\/p>\n<p>Tips til sokker: T-shirten indeholder ikke sokker som standard. Hvis du vil have sokker, skal du v\u00e6lge sokkeindstillingerne for at betale for dem.<\/p>\n<p>Udskrivningstip: Hvis navnet og nummeret p\u00e5 billedet er pr\u00e6cis det, du vil have, beh\u00f8ver du ikke at indtaste det igen. Hvis det ikke er tilf\u00e6ldet, skal du indtaste det \u00f8nskede navn og nummer.<\/p>\n<p>Vasketip: Det anbefales at vaske fodboldtr\u00f8jer i h\u00e5nden. Hvis du vil bruge en vaskemaskine, skal du huske at vende tr\u00f8jen om og derefter vaske den. Og fyld maskinen med koldt vand og brug et sk\u00e5nsomt vaskeprogram for at beskytte farverne mere.<\/p>","protected":false},"excerpt":{"rendered":"<p>Ta zatemnjeni komplet z zlatimi obrobami je poklon zlati kulturi v Otro\u0161ke Mehika dres 2025\u2013 barvna paleta in subtilna grafika trupa spominjata na tradicionalno mariachi obleko, pikselizirana obroba in pisava (na dresih po meri z imenom igralca) pa sta navdihnjena z azte\u0161ko arhitekturo. To je komplet M\u00e9xico de Oro in zagotovo bo hitro razprodan.Oblikovanje \u010diste [&hellip;]<\/p>","protected":false},"featured_media":24081,"comment_status":"open","ping_status":"closed","template":"","meta":[],"product_brand":[],"product_cat":[73,94],"product_tag":[153,1771,1772,148,147],"class_list":{"0":"post-24079","1":"product","2":"type-product","3":"status-publish","4":"has-post-thumbnail","6":"product_cat-otroski","7":"product_cat-dresi-mehika-reprezentance","8":"product_tag-nogometni-dresi","9":"product_tag-otroske-mehika-dres-2025","10":"product_tag-otroske-nogometnih-dresov","11":"product_tag-poceni-nogometni-dresi","12":"product_tag-slovenski-nogometni-dresi","14":"first","15":"instock","16":"shipping-taxable","17":"purchasable","18":"product-type-variable"},"_links":{"self":[{"href":"https:\/\/www.nogometnizaotroke.com\/da\/wp-json\/wp\/v2\/product\/24079","targetHints":{"allow":["GET"]}}],"collection":[{"href":"https:\/\/www.nogometnizaotroke.com\/da\/wp-json\/wp\/v2\/product"}],"about":[{"href":"https:\/\/www.nogometnizaotroke.com\/da\/wp-json\/wp\/v2\/types\/product"}],"replies":[{"embeddable":true,"href":"https:\/\/www.nogometnizaotroke.com\/da\/wp-json\/wp\/v2\/comments?post=24079"}],"wp:featuredmedia":[{"embeddable":true,"href":"https:\/\/www.nogometnizaotroke.com\/da\/wp-json\/wp\/v2\/media\/24081"}],"wp:attachment":[{"href":"https:\/\/www.nogometnizaotroke.com\/da\/wp-json\/wp\/v2\/media?parent=24079"}],"wp:term":[{"taxonomy":"product_brand","embeddable":true,"href":"https:\/\/www.nogometnizaotroke.com\/da\/wp-json\/wp\/v2\/product_brand?post=24079"},{"taxonomy":"product_cat","embeddable":true,"href":"https:\/\/www.nogometnizaotroke.com\/da\/wp-json\/wp\/v2\/product_cat?post=24079"},{"taxonomy":"product_tag","embeddable":true,"href":"https:\/\/www.nogometnizaotroke.com\/da\/wp-json\/wp\/v2\/product_tag?post=24079"}],"curies":[{"name":"wp","href":"https:\/\/api.w.org\/{rel}","templated":true}]}}