{"id":23952,"date":"2025-03-21T08:31:57","date_gmt":"2025-03-21T08:31:57","guid":{"rendered":"https:\/\/www.nogometnizaotroke.com\/product\/moski-nogometni-dresi-kompleti-diogo-costa-1-portugalska-reprezentance-gostujoci-2025-26\/"},"modified":"2025-03-24T02:37:37","modified_gmt":"2025-03-24T02:37:37","slug":"moski-nogometni-dresi-kompleti-diogo-costa-1-portugalska-reprezentance-gostujoci-2025-26","status":"publish","type":"product","link":"https:\/\/www.nogometnizaotroke.com\/da\/product\/moski-nogometni-dresi-kompleti-diogo-costa-1-portugalska-reprezentance-gostujoci-2025-26\/","title":{"rendered":"Mo\u0161ki Nogometni dresi kompleti Diogo Costa 1 Portugalska Reprezentance Gostujo\u010di 2025-26"},"content":{"rendered":"<p>Novi Portugalski gostujo\u010di dres 2025-26 uporablja \u010disto belo barvo kot platno, ki na novo interpretira emblem Quinas v dr\u017eavnem emblemu v futuristi\u010dnem slogu, prekritem s simboli\u010dno rde\u010do in zeleno. Ta dres ni samo spoj umetnosti in tehnologije, ampak tudi prikaz nogometnega duha. \u010crn dizajn z okroglim izrezom doda sodoben pridih, zaradi \u010desar je ta dres edinstven prizor na igri\u0161\u010du.<\/p>\n<p>Nasveti: \u010ce sta ime in \u0161tevilka na sliki nogometni dresi to\u010dno to, kar \u017eelite, vam ju ni treba znova vna\u0161ati. \u010ce ne, potem morate vnesti \u017eeleno ime in \u0161tevilko.<\/p>","protected":false},"excerpt":{"rendered":"<p>Novi Portugalski gostujo\u010di dres 2025-26 uporablja \u010disto belo barvo kot platno, ki na novo interpretira emblem Quinas v dr\u017eavnem emblemu v futuristi\u010dnem slogu, prekritem s simboli\u010dno rde\u010do in zeleno. Ta dres ni samo spoj umetnosti in tehnologije, ampak tudi prikaz nogometnega duha. \u010crn dizajn z okroglim izrezom doda sodoben pridih, zaradi \u010desar je ta dres [&hellip;]<\/p>","protected":false},"featured_media":23958,"comment_status":"open","ping_status":"closed","template":"","meta":[],"product_brand":[],"product_cat":[84,140],"product_tag":[1756,153,1760,1761,768,1758,1759,147],"class_list":{"0":"post-23952","1":"product","2":"type-product","3":"status-publish","4":"has-post-thumbnail","6":"product_cat-dresi-portugalska-reprezentance","7":"product_cat-moski","8":"product_tag-moski-dresi-za-nogomet","9":"product_tag-nogometni-dresi","10":"product_tag-novi-dres-portugala","11":"product_tag-poceni-bruno-fernandes-dresi","12":"product_tag-poceni-moski-nogometni-dresi","13":"product_tag-poceni-portugalski-dresi","14":"product_tag-portugalska-z-lastnim-imenom","15":"product_tag-slovenski-nogometni-dresi","17":"first","18":"instock","19":"shipping-taxable","20":"purchasable","21":"product-type-variable"},"_links":{"self":[{"href":"https:\/\/www.nogometnizaotroke.com\/da\/wp-json\/wp\/v2\/product\/23952","targetHints":{"allow":["GET"]}}],"collection":[{"href":"https:\/\/www.nogometnizaotroke.com\/da\/wp-json\/wp\/v2\/product"}],"about":[{"href":"https:\/\/www.nogometnizaotroke.com\/da\/wp-json\/wp\/v2\/types\/product"}],"replies":[{"embeddable":true,"href":"https:\/\/www.nogometnizaotroke.com\/da\/wp-json\/wp\/v2\/comments?post=23952"}],"wp:featuredmedia":[{"embeddable":true,"href":"https:\/\/www.nogometnizaotroke.com\/da\/wp-json\/wp\/v2\/media\/23958"}],"wp:attachment":[{"href":"https:\/\/www.nogometnizaotroke.com\/da\/wp-json\/wp\/v2\/media?parent=23952"}],"wp:term":[{"taxonomy":"product_brand","embeddable":true,"href":"https:\/\/www.nogometnizaotroke.com\/da\/wp-json\/wp\/v2\/product_brand?post=23952"},{"taxonomy":"product_cat","embeddable":true,"href":"https:\/\/www.nogometnizaotroke.com\/da\/wp-json\/wp\/v2\/product_cat?post=23952"},{"taxonomy":"product_tag","embeddable":true,"href":"https:\/\/www.nogometnizaotroke.com\/da\/wp-json\/wp\/v2\/product_tag?post=23952"}],"curies":[{"name":"wp","href":"https:\/\/api.w.org\/{rel}","templated":true}]}}