{"id":23549,"date":"2025-02-25T09:28:23","date_gmt":"2025-02-25T09:28:23","guid":{"rendered":"https:\/\/www.nogometnizaotroke.com\/?post_type=product&#038;p=23549"},"modified":"2025-03-17T12:15:03","modified_gmt":"2025-03-17T12:15:03","slug":"zenske-nogometnih-dresov-manchester-city-gostujoci-2024-25-z-lastnim-tiskom","status":"publish","type":"product","link":"https:\/\/www.nogometnizaotroke.com\/da\/product\/zenske-nogometnih-dresov-manchester-city-gostujoci-2024-25-z-lastnim-tiskom\/","title":{"rendered":"Manchester City udebanetr\u00f8je til kvinder 2024-25 med personligt tryk"},"content":{"rendered":"<p>Ta majica \u017denske Manchester City Gostujo\u010di za goste, ki zdru\u017euje stil in udobje, se pona\u0161a z obi\u010dajnim krojem in ovratnikom, ki ga navdihuje vintage stil. Z ikoni\u010dno zna\u010dko kluba Manchester City na prsih. Na notranjo stran ovratnice so odtisnili datum v spomin na razburljivo zmago 30. maja 1999. Ta gostujo\u010da majica Manchester Cityja ima tehnologijo odvajanja dryCELL, ki zagotavlja, da se boste ohladili in udobno. Ta dres, oblikovan z mislijo na navija\u010de, zdru\u017euje enak igralni videz z le\u017eerno silhueto, detajli in materiali, popoln tako za dan tekme kot za vsakodnevno no\u0161enje.<\/p>\n<p>Tips til sokker: T-shirten indeholder ikke sokker som standard. Hvis du vil have sokker, skal du v\u00e6lge sokkeindstillingerne for at betale for dem.<\/p>\n<p>Udskrivningstip: Hvis navnet og nummeret p\u00e5 billedet er pr\u00e6cis det, du vil have, beh\u00f8ver du ikke at indtaste det igen. Hvis det ikke er tilf\u00e6ldet, skal du indtaste det \u00f8nskede navn og nummer.<\/p>\n<p>Vasketip: Det anbefales at vaske fodboldtr\u00f8jer i h\u00e5nden. Hvis du vil bruge en vaskemaskine, skal du huske at vende tr\u00f8jen om og derefter vaske den. Og fyld maskinen med koldt vand og brug et sk\u00e5nsomt vaskeprogram for at beskytte farverne mere.<\/p>","protected":false},"excerpt":{"rendered":"<p>Ta majica \u017denske Manchester City Gostujo\u010di za goste, ki zdru\u017euje stil in udobje, se pona\u0161a z obi\u010dajnim krojem in ovratnikom, ki ga navdihuje vintage stil. Z ikoni\u010dno zna\u010dko kluba Manchester City na prsih. Na notranjo stran ovratnice so odtisnili datum v spomin na razburljivo zmago 30. maja 1999. Ta gostujo\u010da majica Manchester Cityja ima tehnologijo [&hellip;]<\/p>","protected":false},"featured_media":23543,"comment_status":"open","ping_status":"closed","template":"","meta":[],"product_brand":[],"product_cat":[74,44],"product_tag":[1071,1072,1642,1628],"class_list":{"0":"post-23549","1":"product","2":"type-product","3":"status-publish","4":"has-post-thumbnail","6":"product_cat-zenski","7":"product_cat-nogometni-dresi-manchester-city","8":"product_tag-dresi-barcelona-za-zenske","9":"product_tag-zenske-dresi-barcelona-z-lastnim-imenom","10":"product_tag-zenske-manchester-city-dres","11":"product_tag-zenske-nogometnih-dresov","13":"first","14":"instock","15":"shipping-taxable","16":"purchasable","17":"product-type-variable"},"_links":{"self":[{"href":"https:\/\/www.nogometnizaotroke.com\/da\/wp-json\/wp\/v2\/product\/23549","targetHints":{"allow":["GET"]}}],"collection":[{"href":"https:\/\/www.nogometnizaotroke.com\/da\/wp-json\/wp\/v2\/product"}],"about":[{"href":"https:\/\/www.nogometnizaotroke.com\/da\/wp-json\/wp\/v2\/types\/product"}],"replies":[{"embeddable":true,"href":"https:\/\/www.nogometnizaotroke.com\/da\/wp-json\/wp\/v2\/comments?post=23549"}],"wp:featuredmedia":[{"embeddable":true,"href":"https:\/\/www.nogometnizaotroke.com\/da\/wp-json\/wp\/v2\/media\/23543"}],"wp:attachment":[{"href":"https:\/\/www.nogometnizaotroke.com\/da\/wp-json\/wp\/v2\/media?parent=23549"}],"wp:term":[{"taxonomy":"product_brand","embeddable":true,"href":"https:\/\/www.nogometnizaotroke.com\/da\/wp-json\/wp\/v2\/product_brand?post=23549"},{"taxonomy":"product_cat","embeddable":true,"href":"https:\/\/www.nogometnizaotroke.com\/da\/wp-json\/wp\/v2\/product_cat?post=23549"},{"taxonomy":"product_tag","embeddable":true,"href":"https:\/\/www.nogometnizaotroke.com\/da\/wp-json\/wp\/v2\/product_tag?post=23549"}],"curies":[{"name":"wp","href":"https:\/\/api.w.org\/{rel}","templated":true}]}}