{"id":23514,"date":"2025-02-21T09:07:51","date_gmt":"2025-02-21T09:07:51","guid":{"rendered":"https:\/\/www.nogometnizaotroke.com\/?post_type=product&#038;p=23514"},"modified":"2025-02-28T09:39:37","modified_gmt":"2025-02-28T09:39:37","slug":"zenske-nogometnih-dresov-barcelona-gostujoci-2024-25-z-lastnim-tiskom","status":"publish","type":"product","link":"https:\/\/www.nogometnizaotroke.com\/da\/product\/zenske-nogometnih-dresov-barcelona-gostujoci-2024-25-z-lastnim-tiskom\/","title":{"rendered":"Barcelona udebanetr\u00f8je til kvinder 2024-25 med personligt tryk"},"content":{"rendered":"<p>Poceni gostujo\u010di dres FC Barcelona 2024\/25 ima ikoni\u010dne blaugrana \u010drte na elegantnem \u010drnem ozadju, kar ustvarja vizualno osupljiv kontrast. Izstopajo\u010d element je klubski grb, upodobljen kot zna\u010dka TPU z odsevnim zaklju\u010dkom, uokvirjen z modrimi in kostanjevimi obrisi. Ta izbira oblikovanja ni samo poklon barvam mo\u0161tva, ampak daje najnovej\u0161i majici FCB tudi sodobno, v prihodnost usmerjeno estetiko.<\/p>\n<p>Tips til sokker: T-shirten indeholder ikke sokker som standard. Hvis du vil have sokker, skal du v\u00e6lge sokkeindstillingerne for at betale for dem.<\/p>\n<p>Udskrivningstip: Hvis navnet og nummeret p\u00e5 billedet er pr\u00e6cis det, du vil have, beh\u00f8ver du ikke at indtaste det igen. Hvis det ikke er tilf\u00e6ldet, skal du indtaste det \u00f8nskede navn og nummer.<\/p>\n<p>Vasketip: Det anbefales at vaske fodboldtr\u00f8jer i h\u00e5nden. Hvis du vil bruge en vaskemaskine, skal du huske at vende tr\u00f8jen om og derefter vaske den. Og fyld maskinen med koldt vand og brug et sk\u00e5nsomt vaskeprogram for at beskytte farverne mere.<\/p>","protected":false},"excerpt":{"rendered":"<p>Poceni gostujo\u010di dres FC Barcelona 2024\/25 ima ikoni\u010dne blaugrana \u010drte na elegantnem \u010drnem ozadju, kar ustvarja vizualno osupljiv kontrast. Izstopajo\u010d element je klubski grb, upodobljen kot zna\u010dka TPU z odsevnim zaklju\u010dkom, uokvirjen z modrimi in kostanjevimi obrisi. Ta izbira oblikovanja ni samo poklon barvam mo\u0161tva, ampak daje najnovej\u0161i majici FCB tudi sodobno, v prihodnost usmerjeno [&hellip;]<\/p>","protected":false},"featured_media":23505,"comment_status":"open","ping_status":"closed","template":"","meta":[],"product_brand":[],"product_cat":[74,34],"product_tag":[1071,1072,1070,1628],"class_list":{"0":"post-23514","1":"product","2":"type-product","3":"status-publish","4":"has-post-thumbnail","6":"product_cat-zenski","7":"product_cat-nogometni-dresi-barcelona","8":"product_tag-dresi-barcelona-za-zenske","9":"product_tag-zenske-dresi-barcelona-z-lastnim-imenom","10":"product_tag-zenske-nogometni-dresi-barcelona","11":"product_tag-zenske-nogometnih-dresov","13":"first","14":"instock","15":"shipping-taxable","16":"purchasable","17":"product-type-variable"},"_links":{"self":[{"href":"https:\/\/www.nogometnizaotroke.com\/da\/wp-json\/wp\/v2\/product\/23514","targetHints":{"allow":["GET"]}}],"collection":[{"href":"https:\/\/www.nogometnizaotroke.com\/da\/wp-json\/wp\/v2\/product"}],"about":[{"href":"https:\/\/www.nogometnizaotroke.com\/da\/wp-json\/wp\/v2\/types\/product"}],"replies":[{"embeddable":true,"href":"https:\/\/www.nogometnizaotroke.com\/da\/wp-json\/wp\/v2\/comments?post=23514"}],"wp:featuredmedia":[{"embeddable":true,"href":"https:\/\/www.nogometnizaotroke.com\/da\/wp-json\/wp\/v2\/media\/23505"}],"wp:attachment":[{"href":"https:\/\/www.nogometnizaotroke.com\/da\/wp-json\/wp\/v2\/media?parent=23514"}],"wp:term":[{"taxonomy":"product_brand","embeddable":true,"href":"https:\/\/www.nogometnizaotroke.com\/da\/wp-json\/wp\/v2\/product_brand?post=23514"},{"taxonomy":"product_cat","embeddable":true,"href":"https:\/\/www.nogometnizaotroke.com\/da\/wp-json\/wp\/v2\/product_cat?post=23514"},{"taxonomy":"product_tag","embeddable":true,"href":"https:\/\/www.nogometnizaotroke.com\/da\/wp-json\/wp\/v2\/product_tag?post=23514"}],"curies":[{"name":"wp","href":"https:\/\/api.w.org\/{rel}","templated":true}]}}