{"id":23429,"date":"2025-02-01T08:04:28","date_gmt":"2025-02-01T08:04:28","guid":{"rendered":"https:\/\/www.nogometnizaotroke.com\/?post_type=product&#038;p=23429"},"modified":"2025-05-06T14:11:25","modified_gmt":"2025-05-06T14:11:25","slug":"moske-nogometnih-dresov-komplet-argentina-domaci-50th-anniversary-2024-25-lionel-messi-10","status":"publish","type":"product","link":"https:\/\/www.nogometnizaotroke.com\/da\/product\/moske-nogometnih-dresov-komplet-argentina-domaci-50th-anniversary-2024-25-lionel-messi-10\/","title":{"rendered":"Fodboldtr\u00f8jer til m\u00e6nd Argentina Home 50th Anniversary 2024-25 Lionel Messi 10"},"content":{"rendered":"<p>Dette kulturarvsinspirerede stykke, der fejrer Argentinas 50-\u00e5rs jubil\u00e6um, har flere karakteristiske elementer, der adskiller det fra det s\u00e6dvanlige kamps\u00e6t. Tr\u00f8jen viser tydeligt det specialdesignede AFA-v\u00e5benskjold, dekoreret med laurb\u00e6rkrans, der repr\u00e6senterer holdets pr\u00e6stationer, herunder deres tre FIFA World Cup-sejre.<br \/>\nKonstruktion <strong>Argentina Home 50-\u00e5rs jubil\u00e6umstr\u00f8je<\/strong> bruger AERO READY-teknologi til fugtstyring og er lavet udelukkende af genbrugsmaterialer med TPU-applikationer, der opretholder moderne pr\u00e6stationsstandarder, samtidig med at de omfavner en klassisk \u00e6stetik. Kollektionen omfatter ogs\u00e5 en gr\u00f8n version af m\u00e5lmanden, der bekr\u00e6fter den ikoniske farve, som legendariske argentinske skytter har b\u00e5ret i de sidste fem \u00e5rtier.<\/p>\n<p>Tips til sokker: T-shirten indeholder ikke sokker som standard. Hvis du vil have sokker, skal du v\u00e6lge sokkeindstillingerne for at betale for dem.<\/p>\n<p>Udskrivningstip: Hvis navnet og nummeret p\u00e5 billedet er pr\u00e6cis det, du vil have, beh\u00f8ver du ikke at indtaste det igen. Hvis det ikke er tilf\u00e6ldet, skal du indtaste det \u00f8nskede navn og nummer.<\/p>\n<p>Vasketip: Det anbefales at vaske fodboldtr\u00f8jer i h\u00e5nden. Hvis du vil bruge en vaskemaskine, skal du huske at vende tr\u00f8jen om og derefter vaske den. Og fyld maskinen med koldt vand og brug et sk\u00e5nsomt vaskeprogram for at beskytte farverne mere.<\/p>","protected":false},"excerpt":{"rendered":"<p>Ta kos ob 50. obletnici Argentine, ki ga je navdihnila dedi\u0161\u010dina, prikazuje ve\u010d zna\u010dilnih elementov, ki ga lo\u010dujejo od obi\u010dajnih kompletov za tekme. Na majici je vidno prikazan posebej oblikovan grb AFA, okra\u0161en z lovorovimi venci, ki predstavlja dose\u017eke reprezentance, vklju\u010dno z njihovimi tremi zmagami na svetovnem prvenstvu FIFA. Konstrukcija Argentina dres Doma\u010di 50th Anniversary [&hellip;]<\/p>","protected":false},"featured_media":23431,"comment_status":"open","ping_status":"closed","template":"","meta":[],"product_brand":[],"product_cat":[140,81],"product_tag":[1592,1623,150,153,545,148,147],"class_list":{"0":"post-23429","1":"product","2":"type-product","3":"status-publish","4":"has-post-thumbnail","6":"product_cat-moski","7":"product_cat-dresi-argentina-reprezentance","8":"product_tag-argentina-50th-anniversary","9":"product_tag-lionel-messi-dres","10":"product_tag-moski-nogometni-dresi","11":"product_tag-nogometni-dresi","12":"product_tag-nogometni-dresi-slovenija","13":"product_tag-poceni-nogometni-dresi","14":"product_tag-slovenski-nogometni-dresi","16":"first","17":"instock","18":"shipping-taxable","19":"purchasable","20":"product-type-variable"},"_links":{"self":[{"href":"https:\/\/www.nogometnizaotroke.com\/da\/wp-json\/wp\/v2\/product\/23429","targetHints":{"allow":["GET"]}}],"collection":[{"href":"https:\/\/www.nogometnizaotroke.com\/da\/wp-json\/wp\/v2\/product"}],"about":[{"href":"https:\/\/www.nogometnizaotroke.com\/da\/wp-json\/wp\/v2\/types\/product"}],"replies":[{"embeddable":true,"href":"https:\/\/www.nogometnizaotroke.com\/da\/wp-json\/wp\/v2\/comments?post=23429"}],"wp:featuredmedia":[{"embeddable":true,"href":"https:\/\/www.nogometnizaotroke.com\/da\/wp-json\/wp\/v2\/media\/23431"}],"wp:attachment":[{"href":"https:\/\/www.nogometnizaotroke.com\/da\/wp-json\/wp\/v2\/media?parent=23429"}],"wp:term":[{"taxonomy":"product_brand","embeddable":true,"href":"https:\/\/www.nogometnizaotroke.com\/da\/wp-json\/wp\/v2\/product_brand?post=23429"},{"taxonomy":"product_cat","embeddable":true,"href":"https:\/\/www.nogometnizaotroke.com\/da\/wp-json\/wp\/v2\/product_cat?post=23429"},{"taxonomy":"product_tag","embeddable":true,"href":"https:\/\/www.nogometnizaotroke.com\/da\/wp-json\/wp\/v2\/product_tag?post=23429"}],"curies":[{"name":"wp","href":"https:\/\/api.w.org\/{rel}","templated":true}]}}