{"id":23357,"date":"2025-01-23T07:29:30","date_gmt":"2025-01-23T07:29:30","guid":{"rendered":"https:\/\/www.nogometnizaotroke.com\/?post_type=product&#038;p=23357"},"modified":"2025-01-29T12:22:17","modified_gmt":"2025-01-29T12:22:17","slug":"otroske-nogometnih-dresov-komplet-inter-miami-gostujoci-2025-26-z-lastnim-imenom","status":"publish","type":"product","link":"https:\/\/www.nogometnizaotroke.com\/da\/product\/otroske-nogometnih-dresov-komplet-inter-miami-gostujoci-2025-26-z-lastnim-imenom\/","title":{"rendered":"B\u00f8rnefodboldtr\u00f8jer Kit Inter Miami Away 2025-26 med eget navn"},"content":{"rendered":"<p>Vi pr\u00e6senterer b\u00f8rneversionen af Inter Miami International Football Clubs udebanetr\u00f8je fra 2025, ogs\u00e5 kendt som \"Resilience Jersey\". Tr\u00f8jen har et sl\u00e5ende halvtonedesign i sort og m\u00f8rkegr\u00e5, der symboliserer modstandskraft og styrke, med lyser\u00f8de detaljer, der minder om klubbens ikoniske farver. Tr\u00f8jen har Inter Miami FC's officielle v\u00e5benskjold p\u00e5 brystet, mens shorts og str\u00f8mper fuldender det overordnede design, s\u00e5 unge fans kan efterligne deres yndlingsspillere perfekt p\u00e5 banen.<\/p>\n<p>Den har AEROREADY-teknologi, som er designet til at transportere fugt v\u00e6k fra kroppen og holde unge atleter k\u00f8lige og komfortable under leg. Det lette, \u00e5ndbare stof sikrer god bev\u00e6gelsesfrihed og er velegnet til b\u00e5de fysisk aktivitet og fritid. Frem for alt er s\u00e6ttet lavet af 100 % genanvendelige materialer, hvilket afspejler en forpligtelse til b\u00e6redygtighed og milj\u00f8ansvar.<\/p>","protected":false},"excerpt":{"rendered":"<p>Predstavljamo otro\u0161ke razli\u010dico 2025 Gostujo\u010di dresov Inter Miami International Football Club, znanega tudi kot &#8220;Resilience Jersey&#8221;. Dres ima osupljivo poltonsko zasnovo v \u010drni in temno sivi barvi, ki simbolizira vzdr\u017eljivost in mo\u010d, s svetlo ro\u017enatimi poudarki, ki nagovarjajo ikoni\u010dne barve kluba. Dres ima uradni grb Inter Miami FC na prsih, medtem ko kratke hla\u010de in [&hellip;]<\/p>","protected":false},"featured_media":23359,"comment_status":"open","ping_status":"closed","template":"","meta":[],"product_brand":[],"product_cat":[73,353],"product_tag":[1383,346,153,1085,1384,1382,148,1084,348,147],"class_list":{"0":"post-23357","1":"product","2":"type-product","3":"status-publish","4":"has-post-thumbnail","6":"product_cat-otroski","7":"product_cat-nogometni-dresi-inter-miami","8":"product_tag-dresi-inter-miami-za-otroke","9":"product_tag-inter-miami-dres","10":"product_tag-nogometni-dresi","11":"product_tag-nogometni-dresi-inter-miami-z-lastnim-imenom","12":"product_tag-otroski-dresi-inter-miami-z-lastnim-imenom","13":"product_tag-otroski-nogometni-dresi-inter-miami","14":"product_tag-poceni-nogometni-dresi","15":"product_tag-poceni-nogometni-dresi-inter-miami","16":"product_tag-poceni-nogometni-dresi-inter-miami-z-lastnim-imenom-online","17":"product_tag-slovenski-nogometni-dresi","19":"first","20":"instock","21":"shipping-taxable","22":"purchasable","23":"product-type-variable"},"_links":{"self":[{"href":"https:\/\/www.nogometnizaotroke.com\/da\/wp-json\/wp\/v2\/product\/23357","targetHints":{"allow":["GET"]}}],"collection":[{"href":"https:\/\/www.nogometnizaotroke.com\/da\/wp-json\/wp\/v2\/product"}],"about":[{"href":"https:\/\/www.nogometnizaotroke.com\/da\/wp-json\/wp\/v2\/types\/product"}],"replies":[{"embeddable":true,"href":"https:\/\/www.nogometnizaotroke.com\/da\/wp-json\/wp\/v2\/comments?post=23357"}],"wp:featuredmedia":[{"embeddable":true,"href":"https:\/\/www.nogometnizaotroke.com\/da\/wp-json\/wp\/v2\/media\/23359"}],"wp:attachment":[{"href":"https:\/\/www.nogometnizaotroke.com\/da\/wp-json\/wp\/v2\/media?parent=23357"}],"wp:term":[{"taxonomy":"product_brand","embeddable":true,"href":"https:\/\/www.nogometnizaotroke.com\/da\/wp-json\/wp\/v2\/product_brand?post=23357"},{"taxonomy":"product_cat","embeddable":true,"href":"https:\/\/www.nogometnizaotroke.com\/da\/wp-json\/wp\/v2\/product_cat?post=23357"},{"taxonomy":"product_tag","embeddable":true,"href":"https:\/\/www.nogometnizaotroke.com\/da\/wp-json\/wp\/v2\/product_tag?post=23357"}],"curies":[{"name":"wp","href":"https:\/\/api.w.org\/{rel}","templated":true}]}}