{"id":23345,"date":"2025-01-18T03:01:26","date_gmt":"2025-01-18T03:01:26","guid":{"rendered":"https:\/\/www.nogometnizaotroke.com\/?post_type=product&#038;p=23345"},"modified":"2025-01-18T03:01:27","modified_gmt":"2025-01-18T03:01:27","slug":"otroske-nogometnih-dresov-komplet-aston-villa-domaci-2024-25-jhon-duran-9","status":"publish","type":"product","link":"https:\/\/www.nogometnizaotroke.com\/da\/product\/otroske-nogometnih-dresov-komplet-aston-villa-domaci-2024-25-jhon-duran-9\/","title":{"rendered":"Fodboldtr\u00f8jer til b\u00f8rn Aston Villa Home 2024-25 Jhon Duran 9"},"content":{"rendered":"<p>Aston Villas f\u00f8rste hjemmebanetr\u00f8je fejrer klubbens 150-\u00e5rs jubil\u00e6um med et tidl\u00f8st design og 'AV 150'-logo. De smalle striber p\u00e5 kraven p\u00e5 denne ungdomsfodboldtr\u00f8je er en subtil gengivelse af klubbens tr\u00f8jedesign fra 1874. Og det v\u00e6vede badge markerer et helt nyt kapitel. AEROREADY med fugtighedsregulerende egenskaber g\u00f8r det muligt for unge fans at f\u00f8le sig godt tilpas, mens de b\u00e6rer disse farver. Dette produkt er fremstillet af 100 % genbrugsmaterialer. Ved at genbruge materialer, der allerede er fremstillet, hj\u00e6lper vi med at reducere affald og afh\u00e6ngighed af begr\u00e6nsede ressourcer og reducere CO2-aftrykket fra de produkter, vi fremstiller.<\/p>\n<p>Tips til sokker: T-shirten indeholder ikke sokker som standard. Hvis du vil have sokker, skal du v\u00e6lge sokkeindstillingerne for at betale for dem.<\/p>\n<p>Udskrivningstip: Hvis navnet og nummeret p\u00e5 billedet er pr\u00e6cis det, du vil have, beh\u00f8ver du ikke at indtaste det igen. Hvis det ikke er tilf\u00e6ldet, skal du indtaste det \u00f8nskede navn og nummer.<\/p>\n<p>Vasketip: Det anbefales at vaske fodboldtr\u00f8jer i h\u00e5nden. Hvis du vil bruge en vaskemaskine, skal du huske at vende tr\u00f8jen om og derefter vaske den. Og fyld maskinen med koldt vand og brug et sk\u00e5nsomt vaskeprogram for at beskytte farverne mere.<\/p>","protected":false},"excerpt":{"rendered":"<p>Prva doma\u010di oprema Nogometnih dresov kluba Aston Villa praznuje 150. obletnico kluba z brez\u010dasnim dizajnom in logotipom \u2018AV 150\u2019. Ozke \u010drte na ovratniku tega mladinskega nogometnega dresa so subtilna podoba dizajna klubskega dresa iz leta 1874. Tkana zna\u010dka pa zaznamuje povsem novo poglavje. AEROREADY s funkcijami za uravnavanje vlage omogo\u010da mladim obo\u017eevalkam, da se med [&hellip;]<\/p>","protected":false},"featured_media":23347,"comment_status":"open","ping_status":"closed","template":"","meta":[],"product_brand":[],"product_cat":[73,66],"product_tag":[1073,1610,693,692,148,1075,147],"class_list":{"0":"post-23345","1":"product","2":"type-product","3":"status-publish","4":"has-post-thumbnail","6":"product_cat-otroski","7":"product_cat-nogometni-dresi-aston-villa","8":"product_tag-dresi-aston-villa-za-otroke","9":"product_tag-jhon-duran-dresi","10":"product_tag-nogometni-dresi-aston-villa-z-lastnim-imenom","11":"product_tag-otroski-nogometni-dresi-aston-villa","12":"product_tag-poceni-nogometni-dresi","13":"product_tag-poceni-nogometni-dresi-aston-villa","14":"product_tag-slovenski-nogometni-dresi","16":"first","17":"instock","18":"shipping-taxable","19":"purchasable","20":"product-type-variable"},"_links":{"self":[{"href":"https:\/\/www.nogometnizaotroke.com\/da\/wp-json\/wp\/v2\/product\/23345","targetHints":{"allow":["GET"]}}],"collection":[{"href":"https:\/\/www.nogometnizaotroke.com\/da\/wp-json\/wp\/v2\/product"}],"about":[{"href":"https:\/\/www.nogometnizaotroke.com\/da\/wp-json\/wp\/v2\/types\/product"}],"replies":[{"embeddable":true,"href":"https:\/\/www.nogometnizaotroke.com\/da\/wp-json\/wp\/v2\/comments?post=23345"}],"wp:featuredmedia":[{"embeddable":true,"href":"https:\/\/www.nogometnizaotroke.com\/da\/wp-json\/wp\/v2\/media\/23347"}],"wp:attachment":[{"href":"https:\/\/www.nogometnizaotroke.com\/da\/wp-json\/wp\/v2\/media?parent=23345"}],"wp:term":[{"taxonomy":"product_brand","embeddable":true,"href":"https:\/\/www.nogometnizaotroke.com\/da\/wp-json\/wp\/v2\/product_brand?post=23345"},{"taxonomy":"product_cat","embeddable":true,"href":"https:\/\/www.nogometnizaotroke.com\/da\/wp-json\/wp\/v2\/product_cat?post=23345"},{"taxonomy":"product_tag","embeddable":true,"href":"https:\/\/www.nogometnizaotroke.com\/da\/wp-json\/wp\/v2\/product_tag?post=23345"}],"curies":[{"name":"wp","href":"https:\/\/api.w.org\/{rel}","templated":true}]}}