{"id":23335,"date":"2025-01-15T06:24:51","date_gmt":"2025-01-15T06:24:51","guid":{"rendered":"https:\/\/www.nogometnizaotroke.com\/?post_type=product&#038;p=23335"},"modified":"2025-01-15T06:24:52","modified_gmt":"2025-01-15T06:24:52","slug":"otroske-nogometnih-dresov-kompleti-za-otroke-ajax-gostujoci-2024-25-chuba-akpom-10","status":"publish","type":"product","link":"https:\/\/www.nogometnizaotroke.com\/da\/product\/otroske-nogometnih-dresov-kompleti-za-otroke-ajax-gostujoci-2024-25-chuba-akpom-10\/","title":{"rendered":"Fodboldtr\u00f8jer til b\u00f8rn S\u00e6ttet til b\u00f8rn Ajax Ude 2024-25 Chuba Akpom 10"},"content":{"rendered":"<p>Vrhunec te modre nogometne majice iz svetlega jeansa je svetlo modra in rumena grafika, ki jo je navdihnila umetni\u0161ka scena v Amsterdamu. Obstajajo bencinsko modri vstavki in trdna zadnja plo\u0161\u010da. Grb poceni nogometni dresi Ajax je ponosno izvezen na sprednji strani majice, dres pa vklju\u010duje logotip in sponzorja s termalnim obli\u017eem. Ajax zgornji del za goste ima kratke rokave, rebrast ovratnik in ozek kroj, ki zagotavlja udobno prileganje in hkrati izkazuje zvestobo ekipi. \u010ce ste navdu\u0161en igralec nogometa, je ta majica zasnovana tudi za nogometno igri\u0161\u010de in vklju\u010duje mre\u017easte vlo\u017eke za ve\u010djo zra\u010dnost ter tehnologijo Aero-ready za aktivno odvajanje znoja.<\/p>\n<p>Tips til sokker: T-shirten indeholder ikke sokker som standard. Hvis du vil have sokker, skal du v\u00e6lge sokkeindstillingerne for at betale for dem.<\/p>\n<p>Udskrivningstip: Hvis navnet og nummeret p\u00e5 billedet er pr\u00e6cis det, du vil have, beh\u00f8ver du ikke at indtaste det igen. Hvis det ikke er tilf\u00e6ldet, skal du indtaste det \u00f8nskede navn og nummer.<\/p>\n<p>Vasketip: Det anbefales at vaske fodboldtr\u00f8jer i h\u00e5nden. Hvis du vil bruge en vaskemaskine, skal du huske at vende tr\u00f8jen om og derefter vaske den. Og fyld maskinen med koldt vand og brug et sk\u00e5nsomt vaskeprogram for at beskytte farverne mere.<\/p>","protected":false},"excerpt":{"rendered":"<p>Vrhunec te modre nogometne majice iz svetlega jeansa je svetlo modra in rumena grafika, ki jo je navdihnila umetni\u0161ka scena v Amsterdamu. Obstajajo bencinsko modri vstavki in trdna zadnja plo\u0161\u010da. Grb poceni nogometni dresi Ajax je ponosno izvezen na sprednji strani majice, dres pa vklju\u010duje logotip in sponzorja s termalnim obli\u017eem. Ajax zgornji del za [&hellip;]<\/p>","protected":false},"featured_media":23337,"comment_status":"open","ping_status":"closed","template":"","meta":[],"product_brand":[],"product_cat":[73,57],"product_tag":[1029,1008,1009,1007],"class_list":{"0":"post-23335","1":"product","2":"type-product","3":"status-publish","4":"has-post-thumbnail","6":"product_cat-otroski","7":"product_cat-nogometni-dresi-ajax","8":"product_tag-chuba-akpom-dresi","9":"product_tag-dresi-ajax-za-otroke","10":"product_tag-otroski-dresi-ajax-z-lastnim-imenom","11":"product_tag-otroski-nogometni-dresi-ajax","13":"first","14":"instock","15":"shipping-taxable","16":"purchasable","17":"product-type-variable"},"_links":{"self":[{"href":"https:\/\/www.nogometnizaotroke.com\/da\/wp-json\/wp\/v2\/product\/23335","targetHints":{"allow":["GET"]}}],"collection":[{"href":"https:\/\/www.nogometnizaotroke.com\/da\/wp-json\/wp\/v2\/product"}],"about":[{"href":"https:\/\/www.nogometnizaotroke.com\/da\/wp-json\/wp\/v2\/types\/product"}],"replies":[{"embeddable":true,"href":"https:\/\/www.nogometnizaotroke.com\/da\/wp-json\/wp\/v2\/comments?post=23335"}],"wp:featuredmedia":[{"embeddable":true,"href":"https:\/\/www.nogometnizaotroke.com\/da\/wp-json\/wp\/v2\/media\/23337"}],"wp:attachment":[{"href":"https:\/\/www.nogometnizaotroke.com\/da\/wp-json\/wp\/v2\/media?parent=23335"}],"wp:term":[{"taxonomy":"product_brand","embeddable":true,"href":"https:\/\/www.nogometnizaotroke.com\/da\/wp-json\/wp\/v2\/product_brand?post=23335"},{"taxonomy":"product_cat","embeddable":true,"href":"https:\/\/www.nogometnizaotroke.com\/da\/wp-json\/wp\/v2\/product_cat?post=23335"},{"taxonomy":"product_tag","embeddable":true,"href":"https:\/\/www.nogometnizaotroke.com\/da\/wp-json\/wp\/v2\/product_tag?post=23335"}],"curies":[{"name":"wp","href":"https:\/\/api.w.org\/{rel}","templated":true}]}}