{"id":22833,"date":"2024-12-28T05:03:24","date_gmt":"2024-12-28T05:03:24","guid":{"rendered":"https:\/\/www.nogometnionline.com\/?post_type=product&#038;p=22833"},"modified":"2024-12-28T05:11:58","modified_gmt":"2024-12-28T05:11:58","slug":"poceni-moski-nogometni-dresi-kompleti-argentina-domaci-50th-anniversary-2024-25","status":"publish","type":"product","link":"https:\/\/www.nogometnizaotroke.com\/da\/product\/poceni-moski-nogometni-dresi-kompleti-argentina-domaci-50th-anniversary-2024-25\/","title":{"rendered":"Billige fodboldtr\u00f8jer til m\u00e6nd Kits Argentina Home 50th Anniversary 2024-25"},"content":{"rendered":"<p>Denne fodboldtr\u00f8je er en del af et s\u00e6rligt s\u00e6t til minde om 50-\u00e5ret for den f\u00f8rste forening af de argentinske styrker. Den leder tankerne tilbage til tidligere tider med et ironisk trebladet komma og et holdv\u00e5ben inspireret af midten af 1970'erne, som st\u00e5r i guld over de ber\u00f8mte striber. Den svedtransporterende AEROREADY holder dig fokuseret p\u00e5 kampen, mens den karakteristiske branding indfanger f\u00f8lelsen af at heppe p\u00e5 Argentina.<\/p>\n<p>Tips til sokker: T-shirten indeholder ikke sokker som standard. Hvis du vil have sokker, skal du v\u00e6lge sokkeindstillingerne for at betale for dem.<\/p>\n<p>Udskrivningstip: Hvis navnet og nummeret p\u00e5 billedet er pr\u00e6cis det, du vil have, beh\u00f8ver du ikke at indtaste det igen. Hvis det ikke er tilf\u00e6ldet, skal du indtaste det \u00f8nskede navn og nummer.<\/p>\n<p>Vasketip: Det anbefales at vaske fodboldtr\u00f8jer i h\u00e5nden. Hvis du vil bruge en vaskemaskine, skal du huske at vende tr\u00f8jen om og derefter vaske den. Og fyld maskinen med koldt vand og brug et sk\u00e5nsomt vaskeprogram for at beskytte farverne mere.<\/p>","protected":false},"excerpt":{"rendered":"<p>Ta nogometni dres je del posebnega kompleta, ki obele\u017euje 50. obletnico prve zdru\u017eitve argentinskih sil. Vra\u010da se v pretekla leta z ironi\u010dnim trilistni kom in grbom ekipe, ki je navdahnjen s sredino 70. let prej\u0161njega stoletja, ki izstopata v zlati barvi nad znamenitimi \u010drtami. AEROREADY za uravnavanje vlage vas bo osredoto\u010dil na dogajanje, medtem ko [&hellip;]<\/p>","protected":false},"featured_media":22835,"comment_status":"open","ping_status":"closed","template":"","meta":[],"product_brand":[],"product_cat":[140,81],"product_tag":[840,1592,150,153,545,148,147],"class_list":{"0":"post-22833","1":"product","2":"type-product","3":"status-publish","4":"has-post-thumbnail","6":"product_cat-moski","7":"product_cat-dresi-argentina-reprezentance","8":"product_tag-argentina-2024-25-dresi","9":"product_tag-argentina-50th-anniversary","10":"product_tag-moski-nogometni-dresi","11":"product_tag-nogometni-dresi","12":"product_tag-nogometni-dresi-slovenija","13":"product_tag-poceni-nogometni-dresi","14":"product_tag-slovenski-nogometni-dresi","16":"first","17":"instock","18":"featured","19":"shipping-taxable","20":"purchasable","21":"product-type-variable"},"_links":{"self":[{"href":"https:\/\/www.nogometnizaotroke.com\/da\/wp-json\/wp\/v2\/product\/22833","targetHints":{"allow":["GET"]}}],"collection":[{"href":"https:\/\/www.nogometnizaotroke.com\/da\/wp-json\/wp\/v2\/product"}],"about":[{"href":"https:\/\/www.nogometnizaotroke.com\/da\/wp-json\/wp\/v2\/types\/product"}],"replies":[{"embeddable":true,"href":"https:\/\/www.nogometnizaotroke.com\/da\/wp-json\/wp\/v2\/comments?post=22833"}],"wp:featuredmedia":[{"embeddable":true,"href":"https:\/\/www.nogometnizaotroke.com\/da\/wp-json\/wp\/v2\/media\/22835"}],"wp:attachment":[{"href":"https:\/\/www.nogometnizaotroke.com\/da\/wp-json\/wp\/v2\/media?parent=22833"}],"wp:term":[{"taxonomy":"product_brand","embeddable":true,"href":"https:\/\/www.nogometnizaotroke.com\/da\/wp-json\/wp\/v2\/product_brand?post=22833"},{"taxonomy":"product_cat","embeddable":true,"href":"https:\/\/www.nogometnizaotroke.com\/da\/wp-json\/wp\/v2\/product_cat?post=22833"},{"taxonomy":"product_tag","embeddable":true,"href":"https:\/\/www.nogometnizaotroke.com\/da\/wp-json\/wp\/v2\/product_tag?post=22833"}],"curies":[{"name":"wp","href":"https:\/\/api.w.org\/{rel}","templated":true}]}}