{"id":22744,"date":"2024-12-26T12:47:43","date_gmt":"2024-12-26T12:47:43","guid":{"rendered":"https:\/\/www.nogometnionline.com\/?post_type=product&#038;p=22744"},"modified":"2024-12-26T13:09:02","modified_gmt":"2024-12-26T13:09:02","slug":"moski-chelsea-sweatshirt-za-trening-dresi-kompleti-kratek-rokav-2024-25-crna","status":"publish","type":"product","link":"https:\/\/www.nogometnizaotroke.com\/da\/product\/moski-chelsea-sweatshirt-za-trening-dresi-kompleti-kratek-rokav-2024-25-crna\/","title":{"rendered":"Chelsea Sweatshirt Tr\u00e6ningstr\u00f8jer S\u00e6t Kort\u00e6rmet 2024-25 Sort til m\u00e6nd"},"content":{"rendered":"<p>Chelsea Sweatshirt Tr\u00e6ningstr\u00f8jer S\u00e6t Kort\u00e6rmet 2024-25 Sort til m\u00e6nd<\/p>","protected":false},"excerpt":{"rendered":"<p>Chelsea Sweatshirt Tr\u00e6ningstr\u00f8jer S\u00e6t Kort\u00e6rmet 2024-25 Sort til m\u00e6nd<\/p>","protected":false},"featured_media":22746,"comment_status":"open","ping_status":"closed","template":"","meta":[],"product_brand":[],"product_cat":[1457,140],"product_tag":[1589],"class_list":{"0":"post-22744","1":"product","2":"type-product","3":"status-publish","4":"has-post-thumbnail","6":"product_cat-trening","7":"product_cat-moski","8":"product_tag-chelsea-trening-dresi","10":"first","11":"instock","12":"shipping-taxable","13":"purchasable","14":"product-type-variable"},"_links":{"self":[{"href":"https:\/\/www.nogometnizaotroke.com\/da\/wp-json\/wp\/v2\/product\/22744","targetHints":{"allow":["GET"]}}],"collection":[{"href":"https:\/\/www.nogometnizaotroke.com\/da\/wp-json\/wp\/v2\/product"}],"about":[{"href":"https:\/\/www.nogometnizaotroke.com\/da\/wp-json\/wp\/v2\/types\/product"}],"replies":[{"embeddable":true,"href":"https:\/\/www.nogometnizaotroke.com\/da\/wp-json\/wp\/v2\/comments?post=22744"}],"wp:featuredmedia":[{"embeddable":true,"href":"https:\/\/www.nogometnizaotroke.com\/da\/wp-json\/wp\/v2\/media\/22746"}],"wp:attachment":[{"href":"https:\/\/www.nogometnizaotroke.com\/da\/wp-json\/wp\/v2\/media?parent=22744"}],"wp:term":[{"taxonomy":"product_brand","embeddable":true,"href":"https:\/\/www.nogometnizaotroke.com\/da\/wp-json\/wp\/v2\/product_brand?post=22744"},{"taxonomy":"product_cat","embeddable":true,"href":"https:\/\/www.nogometnizaotroke.com\/da\/wp-json\/wp\/v2\/product_cat?post=22744"},{"taxonomy":"product_tag","embeddable":true,"href":"https:\/\/www.nogometnizaotroke.com\/da\/wp-json\/wp\/v2\/product_tag?post=22744"}],"curies":[{"name":"wp","href":"https:\/\/api.w.org\/{rel}","templated":true}]}}