{"id":22529,"date":"2024-12-22T04:18:48","date_gmt":"2024-12-22T04:18:48","guid":{"rendered":"https:\/\/www.nogometnionline.com\/?post_type=product&#038;p=22529"},"modified":"2024-12-22T04:18:50","modified_gmt":"2024-12-22T04:18:50","slug":"moski-argentina-sweatshirt-za-trening-dresi-kompleti-1-4-zip-crna-2024-2025","status":"publish","type":"product","link":"https:\/\/www.nogometnizaotroke.com\/da\/product\/moski-argentina-sweatshirt-za-trening-dresi-kompleti-1-4-zip-crna-2024-2025\/","title":{"rendered":"Argentina sweatshirt tr\u00e6ningstr\u00f8je s\u00e6t 1\/4 lynl\u00e5s til m\u00e6nd Sort 2024-2025"},"content":{"rendered":"<p>Argentina sweatshirt tr\u00e6ningstr\u00f8je s\u00e6t 1\/4 lynl\u00e5s til m\u00e6nd Sort 2024-2025<\/p>","protected":false},"excerpt":{"rendered":"<p>Argentina sweatshirt tr\u00e6ningstr\u00f8je s\u00e6t 1\/4 lynl\u00e5s til m\u00e6nd Sort 2024-2025<\/p>","protected":false},"featured_media":22531,"comment_status":"open","ping_status":"closed","template":"","meta":[],"product_brand":[],"product_cat":[1457,140],"product_tag":[1585],"class_list":{"0":"post-22529","1":"product","2":"type-product","3":"status-publish","4":"has-post-thumbnail","6":"product_cat-trening","7":"product_cat-moski","8":"product_tag-argentina-trening-dresi","10":"first","11":"instock","12":"shipping-taxable","13":"purchasable","14":"product-type-variable"},"_links":{"self":[{"href":"https:\/\/www.nogometnizaotroke.com\/da\/wp-json\/wp\/v2\/product\/22529","targetHints":{"allow":["GET"]}}],"collection":[{"href":"https:\/\/www.nogometnizaotroke.com\/da\/wp-json\/wp\/v2\/product"}],"about":[{"href":"https:\/\/www.nogometnizaotroke.com\/da\/wp-json\/wp\/v2\/types\/product"}],"replies":[{"embeddable":true,"href":"https:\/\/www.nogometnizaotroke.com\/da\/wp-json\/wp\/v2\/comments?post=22529"}],"wp:featuredmedia":[{"embeddable":true,"href":"https:\/\/www.nogometnizaotroke.com\/da\/wp-json\/wp\/v2\/media\/22531"}],"wp:attachment":[{"href":"https:\/\/www.nogometnizaotroke.com\/da\/wp-json\/wp\/v2\/media?parent=22529"}],"wp:term":[{"taxonomy":"product_brand","embeddable":true,"href":"https:\/\/www.nogometnizaotroke.com\/da\/wp-json\/wp\/v2\/product_brand?post=22529"},{"taxonomy":"product_cat","embeddable":true,"href":"https:\/\/www.nogometnizaotroke.com\/da\/wp-json\/wp\/v2\/product_cat?post=22529"},{"taxonomy":"product_tag","embeddable":true,"href":"https:\/\/www.nogometnizaotroke.com\/da\/wp-json\/wp\/v2\/product_tag?post=22529"}],"curies":[{"name":"wp","href":"https:\/\/api.w.org\/{rel}","templated":true}]}}