{"id":22128,"date":"2024-12-16T07:52:18","date_gmt":"2024-12-16T07:52:18","guid":{"rendered":"https:\/\/www.nogometnionline.com\/?post_type=product&#038;p=22128"},"modified":"2025-03-11T11:32:29","modified_gmt":"2025-03-11T11:32:29","slug":"otroski-nogometni-dresi-za-nogomet-rb-leipzig-tretji-2024-2025-zelena-benjamin-sesko-30","status":"publish","type":"product","link":"https:\/\/www.nogometnizaotroke.com\/da\/product\/otroski-nogometni-dresi-za-nogomet-rb-leipzig-tretji-2024-2025-zelena-benjamin-sesko-30\/","title":{"rendered":"B\u00f8rnefodboldtr\u00f8jer til fodbold RB Leipzig Third 2024-2025 Green Benjamin Sesko 30"},"content":{"rendered":"<p>Den tredje RB Leipzig 2024-25-fodboldtr\u00f8je er overvejende m\u00f8rkebl\u00e5 med futuristisk grafik, der fejrer klubbens momentum og den n\u00e6ste generation. Den dybe V-udsk\u00e6ring og manchetterne er i mintgr\u00f8n, mens v\u00e5benskjoldet og Leipzig er i hvidt.<\/p>\n<p>Tips til sokker: T-shirten indeholder ikke sokker som standard. Hvis du vil have sokker, skal du v\u00e6lge sokkeindstillingerne for at betale for dem.<\/p>\n<p>Udskrivningstip: Hvis navnet og nummeret p\u00e5 billedet er pr\u00e6cis det, du vil have, beh\u00f8ver du ikke at indtaste det igen. Hvis det ikke er tilf\u00e6ldet, skal du indtaste det \u00f8nskede navn og nummer.<\/p>\n<p>Vasketip: Det anbefales at vaske fodboldtr\u00f8jer i h\u00e5nden. Hvis du vil bruge en vaskemaskine, skal du huske at vende tr\u00f8jen om og derefter vaske den. Og fyld maskinen med koldt vand og brug et sk\u00e5nsomt vaskeprogram for at beskytte farverne mere.<\/p>","protected":false},"excerpt":{"rendered":"<p>Tretji nogometni dres RB Leipzig 2024-25 je prete\u017eno temno modre barve s futuristi\u010dno grafiko, ki slavi klubski zagon in naslednjo generacijo.Globok V-izrez in man\u0161ete so v mint zeleni barvi, medtem ko sta grb in Leipzig v beli barvi. Nasveti za nogavice: Majica ne vsebuje nogavic privzeto. \u010ce \u017eelite nogavice, izberite mo\u017enosti nogavic, da jih pla\u010date. [&hellip;]<\/p>","protected":false},"featured_media":22130,"comment_status":"open","ping_status":"closed","template":"","meta":[],"product_brand":[],"product_cat":[73,62],"product_tag":[1195,1573,153,555,1193,554,545,1574,159,1572,148,1192,199],"class_list":{"0":"post-22128","1":"product","2":"type-product","3":"status-publish","4":"has-post-thumbnail","6":"product_cat-otroski","7":"product_cat-nogometni-dresi-rb-leipzig","8":"product_tag-benjamin-sesko-dresi","9":"product_tag-dresi-rb-leipzig-za-otroke","10":"product_tag-nogometni-dresi","11":"product_tag-nogometni-dresi-rb-leipzig-prodaja","12":"product_tag-nogometni-dresi-rb-leipzig-z-lastnim-imenom","13":"product_tag-nogometni-dresi-rb-leipzig-z-lastnim-tiskom","14":"product_tag-nogometni-dresi-slovenija","15":"product_tag-otroski-dresi-rb-leipzig-z-lastnim-imenom","16":"product_tag-otroski-nogometni-dresi","17":"product_tag-otroski-nogometni-dresi-rb-leipzig","18":"product_tag-poceni-nogometni-dresi","19":"product_tag-poceni-nogometni-dresi-rb-leipzig","20":"product_tag-poceni-nogometni-dresi-rb-leipzig-z-lastnim-imenom-online","22":"first","23":"instock","24":"shipping-taxable","25":"purchasable","26":"product-type-variable"},"_links":{"self":[{"href":"https:\/\/www.nogometnizaotroke.com\/da\/wp-json\/wp\/v2\/product\/22128","targetHints":{"allow":["GET"]}}],"collection":[{"href":"https:\/\/www.nogometnizaotroke.com\/da\/wp-json\/wp\/v2\/product"}],"about":[{"href":"https:\/\/www.nogometnizaotroke.com\/da\/wp-json\/wp\/v2\/types\/product"}],"replies":[{"embeddable":true,"href":"https:\/\/www.nogometnizaotroke.com\/da\/wp-json\/wp\/v2\/comments?post=22128"}],"wp:featuredmedia":[{"embeddable":true,"href":"https:\/\/www.nogometnizaotroke.com\/da\/wp-json\/wp\/v2\/media\/22130"}],"wp:attachment":[{"href":"https:\/\/www.nogometnizaotroke.com\/da\/wp-json\/wp\/v2\/media?parent=22128"}],"wp:term":[{"taxonomy":"product_brand","embeddable":true,"href":"https:\/\/www.nogometnizaotroke.com\/da\/wp-json\/wp\/v2\/product_brand?post=22128"},{"taxonomy":"product_cat","embeddable":true,"href":"https:\/\/www.nogometnizaotroke.com\/da\/wp-json\/wp\/v2\/product_cat?post=22128"},{"taxonomy":"product_tag","embeddable":true,"href":"https:\/\/www.nogometnizaotroke.com\/da\/wp-json\/wp\/v2\/product_tag?post=22128"}],"curies":[{"name":"wp","href":"https:\/\/api.w.org\/{rel}","templated":true}]}}