{"id":21892,"date":"2024-12-12T14:27:19","date_gmt":"2024-12-12T14:27:19","guid":{"rendered":"https:\/\/www.nogometnionline.com\/?post_type=product&#038;p=21892"},"modified":"2024-12-12T14:27:21","modified_gmt":"2024-12-12T14:27:21","slug":"moski-al-nassr-fc-sweatshirt-za-trening-dresi-kompleti-1-4-zip-modra-2024-25","status":"publish","type":"product","link":"https:\/\/www.nogometnizaotroke.com\/da\/product\/moski-al-nassr-fc-sweatshirt-za-trening-dresi-kompleti-1-4-zip-modra-2024-25\/","title":{"rendered":"Herre Al Nassr FC Sweatshirt Tr\u00e6ningstr\u00f8jer S\u00e6t 1\/4 Zip Bl\u00e5 2024-25"},"content":{"rendered":"<p>Herre Al Nassr FC Sweatshirt Tr\u00e6ningstr\u00f8jer S\u00e6t 1\/4 Zip Bl\u00e5 2024-25<\/p>","protected":false},"excerpt":{"rendered":"<p>Herre Al Nassr FC Sweatshirt Tr\u00e6ningstr\u00f8jer S\u00e6t 1\/4 Zip Bl\u00e5 2024-25<\/p>","protected":false},"featured_media":21894,"comment_status":"open","ping_status":"closed","template":"","meta":[],"product_brand":[],"product_cat":[1457,140],"product_tag":[1561],"class_list":{"0":"post-21892","1":"product","2":"type-product","3":"status-publish","4":"has-post-thumbnail","6":"product_cat-trening","7":"product_cat-moski","8":"product_tag-al-nassr-trening-dresi","10":"first","11":"instock","12":"shipping-taxable","13":"purchasable","14":"product-type-variable"},"_links":{"self":[{"href":"https:\/\/www.nogometnizaotroke.com\/da\/wp-json\/wp\/v2\/product\/21892","targetHints":{"allow":["GET"]}}],"collection":[{"href":"https:\/\/www.nogometnizaotroke.com\/da\/wp-json\/wp\/v2\/product"}],"about":[{"href":"https:\/\/www.nogometnizaotroke.com\/da\/wp-json\/wp\/v2\/types\/product"}],"replies":[{"embeddable":true,"href":"https:\/\/www.nogometnizaotroke.com\/da\/wp-json\/wp\/v2\/comments?post=21892"}],"wp:featuredmedia":[{"embeddable":true,"href":"https:\/\/www.nogometnizaotroke.com\/da\/wp-json\/wp\/v2\/media\/21894"}],"wp:attachment":[{"href":"https:\/\/www.nogometnizaotroke.com\/da\/wp-json\/wp\/v2\/media?parent=21892"}],"wp:term":[{"taxonomy":"product_brand","embeddable":true,"href":"https:\/\/www.nogometnizaotroke.com\/da\/wp-json\/wp\/v2\/product_brand?post=21892"},{"taxonomy":"product_cat","embeddable":true,"href":"https:\/\/www.nogometnizaotroke.com\/da\/wp-json\/wp\/v2\/product_cat?post=21892"},{"taxonomy":"product_tag","embeddable":true,"href":"https:\/\/www.nogometnizaotroke.com\/da\/wp-json\/wp\/v2\/product_tag?post=21892"}],"curies":[{"name":"wp","href":"https:\/\/api.w.org\/{rel}","templated":true}]}}