{"id":21856,"date":"2024-12-12T08:27:12","date_gmt":"2024-12-12T08:27:12","guid":{"rendered":"https:\/\/www.nogometnionline.com\/?post_type=product&#038;p=21856"},"modified":"2024-12-12T08:27:15","modified_gmt":"2024-12-12T08:27:15","slug":"otroski-nogometni-dresi-kompleti-za-otroke-ac-milan-tretji-2024-25-rafael-leao-10","status":"publish","type":"product","link":"https:\/\/www.nogometnizaotroke.com\/da\/product\/otroski-nogometni-dresi-kompleti-za-otroke-ac-milan-tretji-2024-25-rafael-leao-10\/","title":{"rendered":"Fodboldtr\u00f8jer til b\u00f8rn S\u00e6t til b\u00f8rn AC Milan Third 2024-25 Rafael Leao 10"},"content":{"rendered":"<p>Novi tretji dres A.C. 2024-25 Milan zdru\u017euje glavno sivo barvo z mint zelenimi poudarki. Uradne barve so \u201cShadow Gray\/Fresh Mint\u201d.Sivi dres Milan zaznamuje to\u010dno 20 let, odkar je Milan zadnji\u010d nosil sivi tretji dres v sezoni 2003-04.Milan grb, ovratnik in man\u0161ete so v sve\u017ei meti. Vendar pa so podrobnosti na sponzorjih in sprednjem ovratniku svetlo ro\u017enato sive barve.<\/p>\n<p>Tips til sokker: T-shirten indeholder ikke sokker som standard. Hvis du vil have sokker, skal du v\u00e6lge sokkeindstillingerne for at betale for dem.<\/p>\n<p>Udskrivningstip: Hvis navnet og nummeret p\u00e5 billedet er pr\u00e6cis det, du vil have, beh\u00f8ver du ikke at indtaste det igen. Hvis det ikke er tilf\u00e6ldet, skal du indtaste det \u00f8nskede navn og nummer.<\/p>\n<p>Vasketip: Det anbefales at vaske fodboldtr\u00f8jer i h\u00e5nden. Hvis du vil bruge en vaskemaskine, skal du huske at vende tr\u00f8jen om og derefter vaske den. Og fyld maskinen med koldt vand og brug et sk\u00e5nsomt vaskeprogram for at beskytte farverne mere.<\/p>","protected":false},"excerpt":{"rendered":"<p>Novi tretji dres A.C. 2024-25 Milan zdru\u017euje glavno sivo barvo z mint zelenimi poudarki. Uradne barve so \u201cShadow Gray\/Fresh Mint\u201d.Sivi dres Milan zaznamuje to\u010dno 20 let, odkar je Milan zadnji\u010d nosil sivi tretji dres v sezoni 2003-04.Milan grb, ovratnik in man\u0161ete so v sve\u017ei meti. Vendar pa so podrobnosti na sponzorjih in sprednjem ovratniku svetlo [&hellip;]<\/p>","protected":false},"featured_media":21858,"comment_status":"open","ping_status":"closed","template":"","meta":[],"product_brand":[],"product_cat":[73,46],"product_tag":[1002,1205,220,1003,159,1001,148,1204,1210,147],"class_list":{"0":"post-21856","1":"product","2":"type-product","3":"status-publish","4":"has-post-thumbnail","6":"product_cat-otroski","7":"product_cat-nogometni-dresi-ac-milan","8":"product_tag-dresi-ac-milan-za-otroke","9":"product_tag-nogometni-dresi-ac-milan-z-lastnim-imenom","10":"product_tag-nogometni-dresi-za-otroke","11":"product_tag-otroski-dresi-ac-milan-z-lastnim-imenom","12":"product_tag-otroski-nogometni-dresi","13":"product_tag-otroski-nogometni-dresi-ac-milan","14":"product_tag-poceni-nogometni-dresi","15":"product_tag-poceni-nogometni-dresi-ac-milan","16":"product_tag-rafael-leao-dresi","17":"product_tag-slovenski-nogometni-dresi","19":"first","20":"instock","21":"shipping-taxable","22":"purchasable","23":"product-type-variable"},"_links":{"self":[{"href":"https:\/\/www.nogometnizaotroke.com\/da\/wp-json\/wp\/v2\/product\/21856","targetHints":{"allow":["GET"]}}],"collection":[{"href":"https:\/\/www.nogometnizaotroke.com\/da\/wp-json\/wp\/v2\/product"}],"about":[{"href":"https:\/\/www.nogometnizaotroke.com\/da\/wp-json\/wp\/v2\/types\/product"}],"replies":[{"embeddable":true,"href":"https:\/\/www.nogometnizaotroke.com\/da\/wp-json\/wp\/v2\/comments?post=21856"}],"wp:featuredmedia":[{"embeddable":true,"href":"https:\/\/www.nogometnizaotroke.com\/da\/wp-json\/wp\/v2\/media\/21858"}],"wp:attachment":[{"href":"https:\/\/www.nogometnizaotroke.com\/da\/wp-json\/wp\/v2\/media?parent=21856"}],"wp:term":[{"taxonomy":"product_brand","embeddable":true,"href":"https:\/\/www.nogometnizaotroke.com\/da\/wp-json\/wp\/v2\/product_brand?post=21856"},{"taxonomy":"product_cat","embeddable":true,"href":"https:\/\/www.nogometnizaotroke.com\/da\/wp-json\/wp\/v2\/product_cat?post=21856"},{"taxonomy":"product_tag","embeddable":true,"href":"https:\/\/www.nogometnizaotroke.com\/da\/wp-json\/wp\/v2\/product_tag?post=21856"}],"curies":[{"name":"wp","href":"https:\/\/api.w.org\/{rel}","templated":true}]}}