{"id":21449,"date":"2024-12-07T05:00:05","date_gmt":"2024-12-07T05:00:05","guid":{"rendered":"https:\/\/www.nogometnionline.com\/?post_type=product&#038;p=21449"},"modified":"2024-12-07T05:00:10","modified_gmt":"2024-12-07T05:00:10","slug":"otroski-nogometni-dresi-za-otroke-tottenham-hotspur-gostujoci-2024-25-pedro-porro-23","status":"publish","type":"product","link":"https:\/\/www.nogometnizaotroke.com\/da\/product\/otroski-nogometni-dresi-za-otroke-tottenham-hotspur-gostujoci-2024-25-pedro-porro-23\/","title":{"rendered":"Fodboldtr\u00f8jer til b\u00f8rn Tottenham Hotspur Udebane 2024-25 Pedro Porro 23"},"content":{"rendered":"<p>Denne her er et tilbageblik p\u00e5 1980'erne. Denne Tottenham Hotspur udebanetr\u00f8je 2024-2025 er en kopi af nogle af de bedste og mest ironiske tr\u00f8jer fra de tidlige 80'ere og er en \u00f8jeblikkelig vinder med en farvepalet og designskabelon, der fanger stilens glamour og samtidig holder den lavm\u00e6lt. De tidlige 80'ere var en periode, hvor Tottenham indf\u00f8rte lysebl\u00e5 som klubfarve, ofte p\u00e5 anden- og tredjetr\u00f8jen, og disse ber\u00f8mte tr\u00f8jer indeholdt det mindev\u00e6rdige Bosporus-sponsorat stolt p\u00e5 forsiden - et sponsorat, der forblev i klubben i over et \u00e5rti. To FA Cups, et Community Shield og en Europa Cup-sejr fra '80 til '85 opsummerer en succesfuld \u00e6ra og forbliver i lysebl\u00e5, n\u00e5r Spurs fors\u00f8ger at gentage succesen i denne s\u00e6son. Tottenham Hotspurs udebanetr\u00f8je 2024\/25 har et slankt, moderne design med en dyb marinebl\u00e5 base, der fremh\u00e6ves af dristige, levende bl\u00e5 og brune detaljer. Tr\u00f8jen har et sl\u00e5ende diagonalt stribem\u00f8nster, der tilf\u00f8jer et dynamisk og moderne touch.<\/p>\n<p>Tips til sokker: T-shirten indeholder ikke sokker som standard. Hvis du vil have sokker, skal du v\u00e6lge sokkeindstillingerne for at betale for dem.<\/p>\n<p>Udskrivningstip: Hvis navnet og nummeret p\u00e5 billedet er pr\u00e6cis det, du vil have, beh\u00f8ver du ikke at indtaste det igen. Hvis det ikke er tilf\u00e6ldet, skal du indtaste det \u00f8nskede navn og nummer.<\/p>\n<p>Vasketip: Det anbefales at vaske fodboldtr\u00f8jer i h\u00e5nden. Hvis du vil bruge en vaskemaskine, skal du huske at vende tr\u00f8jen om og derefter vaske den. Og fyld maskinen med koldt vand og brug et sk\u00e5nsomt vaskeprogram for at beskytte farverne mere.<\/p>","protected":false},"excerpt":{"rendered":"<p>Ta je vrnitev v 80. leta. Ta Nogometni dresi Tottenham Hotspur Gostujo\u010di 2024-2025, ki posnema nekatere izmed najbolj\u0161ih in najbolj ironi\u010dnih kompletov iz zgodnjih 80-ih, je takoj\u0161en zmagovalec z barvno paleto in oblikovno predlogo, ki ujame slogovni bli\u0161\u010d, hkrati pa ga ohranja nizko. Zgodnja 80. leta je obdobje, ko je Tottenham sprejel svetlo modro kot [&hellip;]<\/p>","protected":false},"featured_media":21451,"comment_status":"open","ping_status":"closed","template":"","meta":[],"product_brand":[],"product_cat":[73,42],"product_tag":[220,591,159,1423,148,590,147],"class_list":{"0":"post-21449","1":"product","2":"type-product","3":"status-publish","4":"has-post-thumbnail","6":"product_cat-otroski","7":"product_cat-nogometni-dresi-tottenham-hotspur","8":"product_tag-nogometni-dresi-za-otroke","9":"product_tag-otroski-dresi-tottenham-hotspur-z-lastnim-imenom","10":"product_tag-otroski-nogometni-dresi","11":"product_tag-pedro-porro-dresi","12":"product_tag-poceni-nogometni-dresi","13":"product_tag-poceni-nogometni-dresi-tottenham-hotspurz-lastnim-imenom-online","14":"product_tag-slovenski-nogometni-dresi","16":"first","17":"instock","18":"shipping-taxable","19":"purchasable","20":"product-type-variable"},"_links":{"self":[{"href":"https:\/\/www.nogometnizaotroke.com\/da\/wp-json\/wp\/v2\/product\/21449","targetHints":{"allow":["GET"]}}],"collection":[{"href":"https:\/\/www.nogometnizaotroke.com\/da\/wp-json\/wp\/v2\/product"}],"about":[{"href":"https:\/\/www.nogometnizaotroke.com\/da\/wp-json\/wp\/v2\/types\/product"}],"replies":[{"embeddable":true,"href":"https:\/\/www.nogometnizaotroke.com\/da\/wp-json\/wp\/v2\/comments?post=21449"}],"wp:featuredmedia":[{"embeddable":true,"href":"https:\/\/www.nogometnizaotroke.com\/da\/wp-json\/wp\/v2\/media\/21451"}],"wp:attachment":[{"href":"https:\/\/www.nogometnizaotroke.com\/da\/wp-json\/wp\/v2\/media?parent=21449"}],"wp:term":[{"taxonomy":"product_brand","embeddable":true,"href":"https:\/\/www.nogometnizaotroke.com\/da\/wp-json\/wp\/v2\/product_brand?post=21449"},{"taxonomy":"product_cat","embeddable":true,"href":"https:\/\/www.nogometnizaotroke.com\/da\/wp-json\/wp\/v2\/product_cat?post=21449"},{"taxonomy":"product_tag","embeddable":true,"href":"https:\/\/www.nogometnizaotroke.com\/da\/wp-json\/wp\/v2\/product_tag?post=21449"}],"curies":[{"name":"wp","href":"https:\/\/api.w.org\/{rel}","templated":true}]}}