{"id":21332,"date":"2024-12-05T07:48:04","date_gmt":"2024-12-05T07:48:04","guid":{"rendered":"https:\/\/www.nogometnionline.com\/?post_type=product&#038;p=21332"},"modified":"2024-12-05T09:08:36","modified_gmt":"2024-12-05T09:08:36","slug":"otroski-nogometni-dresi-kompleti-za-otroke-inter-miami-cf-tretji-2024-2025-jordi-alba-18","status":"publish","type":"product","link":"https:\/\/www.nogometnizaotroke.com\/da\/product\/otroski-nogometni-dresi-kompleti-za-otroke-inter-miami-cf-tretji-2024-2025-jordi-alba-18\/","title":{"rendered":"Fodboldtr\u00f8jer til b\u00f8rn Satser til b\u00f8rn Inter Miami CF Third 2024-2025 Jordi Alba 18"},"content":{"rendered":"<p>Novi tretji dres Inter Miami 2024 je vodno turkizne barve z oran\u017enimi in belimi poudarki.Man\u0161ete in ovratnik ob strani dresa so bele in oran\u017ene barve.Vrhunec tretjega dresa Inter Miami 2024 je, da se beseda Miami pojavi v pisavi \u201cMiami Vice\u201d na prsih namesto logotipa sponzorja Royal Caribbean.<\/p>\n<p>Tips til sokker: T-shirten indeholder ikke sokker som standard. Hvis du vil have sokker, skal du v\u00e6lge sokkeindstillingerne for at betale for dem.<\/p>\n<p>Udskrivningstip: Hvis navnet og nummeret p\u00e5 billedet er pr\u00e6cis det, du vil have, beh\u00f8ver du ikke at indtaste det igen. Hvis det ikke er tilf\u00e6ldet, skal du indtaste det \u00f8nskede navn og nummer.<\/p>\n<p>Vasketip: Det anbefales at vaske fodboldtr\u00f8jer i h\u00e5nden. Hvis du vil bruge en vaskemaskine, skal du huske at vende tr\u00f8jen om og derefter vaske den. Og fyld maskinen med koldt vand og brug et sk\u00e5nsomt vaskeprogram for at beskytte farverne mere.<\/p>","protected":false},"excerpt":{"rendered":"<p>Novi tretji dres Inter Miami 2024 je vodno turkizne barve z oran\u017enimi in belimi poudarki.Man\u0161ete in ovratnik ob strani dresa so bele in oran\u017ene barve.Vrhunec tretjega dresa Inter Miami 2024 je, da se beseda Miami pojavi v pisavi \u201cMiami Vice\u201d na prsih namesto logotipa sponzorja Royal Caribbean. Nasveti za nogavice: Majica ne vsebuje nogavic privzeto. [&hellip;]<\/p>","protected":false},"featured_media":21334,"comment_status":"open","ping_status":"closed","template":"","meta":[],"product_brand":[],"product_cat":[353,73],"product_tag":[1383,346,1532,153,1085,1384,1382,148,1084,348,147],"class_list":{"0":"post-21332","1":"product","2":"type-product","3":"status-publish","4":"has-post-thumbnail","6":"product_cat-nogometni-dresi-inter-miami","7":"product_cat-otroski","8":"product_tag-dresi-inter-miami-za-otroke","9":"product_tag-inter-miami-dres","10":"product_tag-jordi-alba-dresi","11":"product_tag-nogometni-dresi","12":"product_tag-nogometni-dresi-inter-miami-z-lastnim-imenom","13":"product_tag-otroski-dresi-inter-miami-z-lastnim-imenom","14":"product_tag-otroski-nogometni-dresi-inter-miami","15":"product_tag-poceni-nogometni-dresi","16":"product_tag-poceni-nogometni-dresi-inter-miami","17":"product_tag-poceni-nogometni-dresi-inter-miami-z-lastnim-imenom-online","18":"product_tag-slovenski-nogometni-dresi","20":"first","21":"instock","22":"shipping-taxable","23":"purchasable","24":"product-type-variable"},"_links":{"self":[{"href":"https:\/\/www.nogometnizaotroke.com\/da\/wp-json\/wp\/v2\/product\/21332","targetHints":{"allow":["GET"]}}],"collection":[{"href":"https:\/\/www.nogometnizaotroke.com\/da\/wp-json\/wp\/v2\/product"}],"about":[{"href":"https:\/\/www.nogometnizaotroke.com\/da\/wp-json\/wp\/v2\/types\/product"}],"replies":[{"embeddable":true,"href":"https:\/\/www.nogometnizaotroke.com\/da\/wp-json\/wp\/v2\/comments?post=21332"}],"wp:featuredmedia":[{"embeddable":true,"href":"https:\/\/www.nogometnizaotroke.com\/da\/wp-json\/wp\/v2\/media\/21334"}],"wp:attachment":[{"href":"https:\/\/www.nogometnizaotroke.com\/da\/wp-json\/wp\/v2\/media?parent=21332"}],"wp:term":[{"taxonomy":"product_brand","embeddable":true,"href":"https:\/\/www.nogometnizaotroke.com\/da\/wp-json\/wp\/v2\/product_brand?post=21332"},{"taxonomy":"product_cat","embeddable":true,"href":"https:\/\/www.nogometnizaotroke.com\/da\/wp-json\/wp\/v2\/product_cat?post=21332"},{"taxonomy":"product_tag","embeddable":true,"href":"https:\/\/www.nogometnizaotroke.com\/da\/wp-json\/wp\/v2\/product_tag?post=21332"}],"curies":[{"name":"wp","href":"https:\/\/api.w.org\/{rel}","templated":true}]}}