{"id":21243,"date":"2024-12-04T02:40:41","date_gmt":"2024-12-04T02:40:41","guid":{"rendered":"https:\/\/www.nogometnionline.com\/?post_type=product&#038;p=21243"},"modified":"2024-12-04T02:40:46","modified_gmt":"2024-12-04T02:40:46","slug":"otroski-nogometni-dresi-kompleti-za-otroke-newcastle-united-tretji-2024-25-bela-tino-livramento-21","status":"publish","type":"product","link":"https:\/\/www.nogometnizaotroke.com\/da\/product\/otroski-nogometni-dresi-kompleti-za-otroke-newcastle-united-tretji-2024-25-bela-tino-livramento-21\/","title":{"rendered":"Fodboldtr\u00f8jer til b\u00f8rn S\u00e6ttet til b\u00f8rn Newcastle United Third 2024-25 White Tino Livramento 21"},"content":{"rendered":"<p>Tretji dresi Newcastle United 2024-25 je izdana s sloganom \u201cKovnica\u201d in ima grb iz 1980-ih. Tretji dres Newcastle United za obdobje 2024\u20132025 je vrnitev v devetdeseta leta prej\u0161njega stoletja v ikoni\u010dni zeleni barvi EQT.<\/p>\n<p>Tips til sokker: T-shirten indeholder ikke sokker som standard. Hvis du vil have sokker, skal du v\u00e6lge sokkeindstillingerne for at betale for dem.<\/p>\n<p>Udskrivningstip: Hvis navnet og nummeret p\u00e5 billedet er pr\u00e6cis det, du vil have, beh\u00f8ver du ikke at indtaste det igen. Hvis det ikke er tilf\u00e6ldet, skal du indtaste det \u00f8nskede navn og nummer.<\/p>\n<p>Vasketip: Det anbefales at vaske fodboldtr\u00f8jer i h\u00e5nden. Hvis du vil bruge en vaskemaskine, skal du huske at vende tr\u00f8jen om og derefter vaske den. Og fyld maskinen med koldt vand og brug et sk\u00e5nsomt vaskeprogram for at beskytte farverne mere.<\/p>","protected":false},"excerpt":{"rendered":"<p>Tretji dresi Newcastle United 2024-25 je izdana s sloganom \u201cKovnica\u201d in ima grb iz 1980-ih. Tretji dres Newcastle United za obdobje 2024\u20132025 je vrnitev v devetdeseta leta prej\u0161njega stoletja v ikoni\u010dni zeleni barvi EQT. Nasveti za nogavice: Majica ne vsebuje nogavic privzeto. \u010ce \u017eelite nogavice, izberite mo\u017enosti nogavic, da jih pla\u010date. Nasveti za tiskom: \u010ce [&hellip;]<\/p>","protected":false},"featured_media":21245,"comment_status":"open","ping_status":"closed","template":"","meta":[],"product_brand":[],"product_cat":[73,68],"product_tag":[1005,153,220,1006,159,1004,148,147,1527],"class_list":{"0":"post-21243","1":"product","2":"type-product","3":"status-publish","4":"has-post-thumbnail","6":"product_cat-otroski","7":"product_cat-nogometni-dresi-newcastle-united","8":"product_tag-dresi-newcastle-united-za-otroke","9":"product_tag-nogometni-dresi","10":"product_tag-nogometni-dresi-za-otroke","11":"product_tag-otroski-dresi-newcastle-united-z-lastnim-imenom","12":"product_tag-otroski-nogometni-dresi","13":"product_tag-otroski-nogometni-dresi-newcastle-united","14":"product_tag-poceni-nogometni-dresi","15":"product_tag-slovenski-nogometni-dresi","16":"product_tag-tino-livramento-dresi","18":"first","19":"instock","20":"shipping-taxable","21":"purchasable","22":"product-type-variable"},"_links":{"self":[{"href":"https:\/\/www.nogometnizaotroke.com\/da\/wp-json\/wp\/v2\/product\/21243","targetHints":{"allow":["GET"]}}],"collection":[{"href":"https:\/\/www.nogometnizaotroke.com\/da\/wp-json\/wp\/v2\/product"}],"about":[{"href":"https:\/\/www.nogometnizaotroke.com\/da\/wp-json\/wp\/v2\/types\/product"}],"replies":[{"embeddable":true,"href":"https:\/\/www.nogometnizaotroke.com\/da\/wp-json\/wp\/v2\/comments?post=21243"}],"wp:featuredmedia":[{"embeddable":true,"href":"https:\/\/www.nogometnizaotroke.com\/da\/wp-json\/wp\/v2\/media\/21245"}],"wp:attachment":[{"href":"https:\/\/www.nogometnizaotroke.com\/da\/wp-json\/wp\/v2\/media?parent=21243"}],"wp:term":[{"taxonomy":"product_brand","embeddable":true,"href":"https:\/\/www.nogometnizaotroke.com\/da\/wp-json\/wp\/v2\/product_brand?post=21243"},{"taxonomy":"product_cat","embeddable":true,"href":"https:\/\/www.nogometnizaotroke.com\/da\/wp-json\/wp\/v2\/product_cat?post=21243"},{"taxonomy":"product_tag","embeddable":true,"href":"https:\/\/www.nogometnizaotroke.com\/da\/wp-json\/wp\/v2\/product_tag?post=21243"}],"curies":[{"name":"wp","href":"https:\/\/api.w.org\/{rel}","templated":true}]}}