{"id":21107,"date":"2024-12-01T04:39:34","date_gmt":"2024-12-01T04:39:34","guid":{"rendered":"https:\/\/www.nogometnionline.com\/?post_type=product&#038;p=21107"},"modified":"2025-03-27T11:57:10","modified_gmt":"2025-03-27T11:57:10","slug":"otroski-nogometni-dresi-kompleti-al-hilal-gostujoci-2024-25-bela-neymar-jr-10","status":"publish","type":"product","link":"https:\/\/www.nogometnizaotroke.com\/da\/product\/otroski-nogometni-dresi-kompleti-al-hilal-gostujoci-2024-25-bela-neymar-jr-10\/","title":{"rendered":"B\u00f8rnefodboldtr\u00f8jer S\u00e6t Al-Hilal Ude 2024-25 Hvid Neymar Jr 10"},"content":{"rendered":"<p>Novi gostujo\u010di dres Al-Hilal 2024-25 je bel in ima vzorec tankih \u010drt, ki se \u0161irijo \u010dez sprednji del dresa. Ovratnik, man\u0161ete in grb Al-Hilal so modri.Za razliko od kompletov za gostovanja prej\u0161nje sezone sponzorji uskladijo barve kompletov za \u010dist videz.<\/p>\n<p>Tips til sokker: T-shirten indeholder ikke sokker som standard. Hvis du vil have sokker, skal du v\u00e6lge sokkeindstillingerne for at betale for dem.<\/p>\n<p>Udskrivningstip: Hvis navnet og nummeret p\u00e5 billedet er pr\u00e6cis det, du vil have, beh\u00f8ver du ikke at indtaste det igen. Hvis det ikke er tilf\u00e6ldet, skal du indtaste det \u00f8nskede navn og nummer.<\/p>\n<p>Vasketip: Det anbefales at vaske fodboldtr\u00f8jer i h\u00e5nden. Hvis du vil bruge en vaskemaskine, skal du huske at vende tr\u00f8jen om og derefter vaske den. Og fyld maskinen med koldt vand og brug et sk\u00e5nsomt vaskeprogram for at beskytte farverne mere.<\/p>","protected":false},"excerpt":{"rendered":"<p>Novi gostujo\u010di dres Al-Hilal 2024-25 je bel in ima vzorec tankih \u010drt, ki se \u0161irijo \u010dez sprednji del dresa. Ovratnik, man\u0161ete in grb Al-Hilal so modri.Za razliko od kompletov za gostovanja prej\u0161nje sezone sponzorji uskladijo barve kompletov za \u010dist videz. Nasveti za nogavice: Majica ne vsebuje nogavic privzeto. \u010ce \u017eelite nogavice, izberite mo\u017enosti nogavic, da [&hellip;]<\/p>","protected":false},"featured_media":21109,"comment_status":"open","ping_status":"closed","template":"","meta":[],"product_brand":[],"product_cat":[677,73],"product_tag":[1523,681,159,148,678,682,147],"class_list":{"0":"post-21107","1":"product","2":"type-product","3":"status-publish","4":"has-post-thumbnail","6":"product_cat-nogometni-dresi-al-hilal","7":"product_cat-otroski","8":"product_tag-neymar-jr-dresi","9":"product_tag-nogometni-dresi-kompleti-za-otroke","10":"product_tag-otroski-nogometni-dresi","11":"product_tag-poceni-nogometni-dresi","12":"product_tag-poceni-nogometni-dresi-al-hilal-z-lastnim-imenom-online","13":"product_tag-poceni-otroski-nogometni-dresi-al-hilal-z-lastnim-imenom","14":"product_tag-slovenski-nogometni-dresi","16":"first","17":"instock","18":"shipping-taxable","19":"purchasable","20":"product-type-variable"},"_links":{"self":[{"href":"https:\/\/www.nogometnizaotroke.com\/da\/wp-json\/wp\/v2\/product\/21107","targetHints":{"allow":["GET"]}}],"collection":[{"href":"https:\/\/www.nogometnizaotroke.com\/da\/wp-json\/wp\/v2\/product"}],"about":[{"href":"https:\/\/www.nogometnizaotroke.com\/da\/wp-json\/wp\/v2\/types\/product"}],"replies":[{"embeddable":true,"href":"https:\/\/www.nogometnizaotroke.com\/da\/wp-json\/wp\/v2\/comments?post=21107"}],"wp:featuredmedia":[{"embeddable":true,"href":"https:\/\/www.nogometnizaotroke.com\/da\/wp-json\/wp\/v2\/media\/21109"}],"wp:attachment":[{"href":"https:\/\/www.nogometnizaotroke.com\/da\/wp-json\/wp\/v2\/media?parent=21107"}],"wp:term":[{"taxonomy":"product_brand","embeddable":true,"href":"https:\/\/www.nogometnizaotroke.com\/da\/wp-json\/wp\/v2\/product_brand?post=21107"},{"taxonomy":"product_cat","embeddable":true,"href":"https:\/\/www.nogometnizaotroke.com\/da\/wp-json\/wp\/v2\/product_cat?post=21107"},{"taxonomy":"product_tag","embeddable":true,"href":"https:\/\/www.nogometnizaotroke.com\/da\/wp-json\/wp\/v2\/product_tag?post=21107"}],"curies":[{"name":"wp","href":"https:\/\/api.w.org\/{rel}","templated":true}]}}