{"id":20904,"date":"2024-11-27T03:20:22","date_gmt":"2024-11-27T03:20:22","guid":{"rendered":"https:\/\/www.nogometnionline.com\/?post_type=product&#038;p=20904"},"modified":"2025-03-11T02:29:13","modified_gmt":"2025-03-11T02:29:13","slug":"poceni-nogometni-dresi-kompleti-francija-domaci-ep-2024-lloris-1","status":"publish","type":"product","link":"https:\/\/www.nogometnizaotroke.com\/da\/product\/poceni-nogometni-dresi-kompleti-francija-domaci-ep-2024-lloris-1\/","title":{"rendered":"Otro\u0161ki Nogometni Dresi Kompleti za otroke Wolves Doma\u010di 2024-25 Rodrigo Gomes 19"},"content":{"rendered":"<p>Frankrigs landshold EM 2024-hjemmetr\u00f8jen har et klassisk, men elegant design. Den er hovedsageligt \"lysebl\u00e5\", hvilket er en afvigelse fra det marinebl\u00e5 farveskema i 2022. Kombineret med denne bl\u00e5 nuance er \"universitetsr\u00f8d\" og hvid.<br \/>\nDet mest i\u00f8jnefaldende ved France 2024-tr\u00f8jen er v\u00e5benskjoldet. Swoosh har lanceret et nyt klassisk farveskema af det ber\u00f8mte FFF-logo. V\u00e5benskjoldet er ogs\u00e5 af gigantisk st\u00f8rrelse. Kraven har en trompet og en unik forskudt v-konstruktion.<\/p>\n<p>Tips til sokker: T-shirten indeholder ikke sokker som standard. Hvis du vil have sokker, skal du v\u00e6lge sokkeindstillingerne for at betale for dem.<\/p>\n<p>Udskrivningstip: Hvis navnet og nummeret p\u00e5 billedet er pr\u00e6cis det, du vil have, beh\u00f8ver du ikke at indtaste det igen. Hvis det ikke er tilf\u00e6ldet, skal du indtaste det \u00f8nskede navn og nummer.<\/p>\n<p>Vasketip: Det anbefales at vaske fodboldtr\u00f8jer i h\u00e5nden. Hvis du vil bruge en vaskemaskine, skal du huske at vende tr\u00f8jen om og derefter vaske den. Og fyld maskinen med koldt vand og brug et sk\u00e5nsomt vaskeprogram for at beskytte farverne mere.<\/p>","protected":false},"excerpt":{"rendered":"<p>Francija Reprezentance Doma\u010di EM 2024 dresi ima klasi\u010den, a eleganten dizajn. V glavnem je \u201csvetlo modra\u201d, ki se odmika od mornarske barvne sheme leta 2022. V kombinaciji s tem modrim odtenkom sta \u201cuniverzitetna rde\u010da\u201d in bela. Kar je najbolj presenetljivo pri dresu Francije 2024, je grb. Swoosh se je za\u010del novo klasi\u010dno barvno shemo slavnega [&hellip;]<\/p>","protected":false},"featured_media":23828,"comment_status":"open","ping_status":"closed","template":"","meta":[],"product_brand":[],"product_cat":[778,140,76],"product_tag":[1116,153,1682,1732,1117,685,1680,1683,147],"class_list":{"0":"post-20904","1":"product","2":"type-product","3":"status-publish","4":"has-post-thumbnail","6":"product_cat-euro-2024","7":"product_cat-moski","8":"product_cat-dresi-francija-reprezentance","9":"product_tag-dresi-wolves-za-otroke","10":"product_tag-nogometni-dresi","11":"product_tag-nogometni-dresi-trgovina","12":"product_tag-nogometni-dresi-wolves-za-otroke","13":"product_tag-otroski-dresi-wolves-z-lastnim-imenom","14":"product_tag-otroski-nogometni-dresi-wolves","15":"product_tag-poceni-nogometni-dresi-kompleti","16":"product_tag-poceni-nogometni-dresi-za-otroke","17":"product_tag-slovenski-nogometni-dresi","19":"first","20":"instock","21":"shipping-taxable","22":"purchasable","23":"product-type-variable"},"_links":{"self":[{"href":"https:\/\/www.nogometnizaotroke.com\/da\/wp-json\/wp\/v2\/product\/20904","targetHints":{"allow":["GET"]}}],"collection":[{"href":"https:\/\/www.nogometnizaotroke.com\/da\/wp-json\/wp\/v2\/product"}],"about":[{"href":"https:\/\/www.nogometnizaotroke.com\/da\/wp-json\/wp\/v2\/types\/product"}],"replies":[{"embeddable":true,"href":"https:\/\/www.nogometnizaotroke.com\/da\/wp-json\/wp\/v2\/comments?post=20904"}],"wp:featuredmedia":[{"embeddable":true,"href":"https:\/\/www.nogometnizaotroke.com\/da\/wp-json\/wp\/v2\/media\/23828"}],"wp:attachment":[{"href":"https:\/\/www.nogometnizaotroke.com\/da\/wp-json\/wp\/v2\/media?parent=20904"}],"wp:term":[{"taxonomy":"product_brand","embeddable":true,"href":"https:\/\/www.nogometnizaotroke.com\/da\/wp-json\/wp\/v2\/product_brand?post=20904"},{"taxonomy":"product_cat","embeddable":true,"href":"https:\/\/www.nogometnizaotroke.com\/da\/wp-json\/wp\/v2\/product_cat?post=20904"},{"taxonomy":"product_tag","embeddable":true,"href":"https:\/\/www.nogometnizaotroke.com\/da\/wp-json\/wp\/v2\/product_tag?post=20904"}],"curies":[{"name":"wp","href":"https:\/\/api.w.org\/{rel}","templated":true}]}}