{"id":20586,"date":"2024-11-21T11:29:46","date_gmt":"2024-11-21T11:29:46","guid":{"rendered":"https:\/\/www.nogometnionline.com\/?post_type=product&#038;p=20586"},"modified":"2024-11-21T11:29:48","modified_gmt":"2024-11-21T11:29:48","slug":"otroski-nogometni-dresi-kompleti-za-otroke-atletico-madrid-tretji-2024-25-pablo-barrios-8","status":"publish","type":"product","link":"https:\/\/www.nogometnizaotroke.com\/da\/product\/otroski-nogometni-dresi-kompleti-za-otroke-atletico-madrid-tretji-2024-25-pablo-barrios-8\/","title":{"rendered":"Fodboldtr\u00f8jer til b\u00f8rn Satser til b\u00f8rn Atletico Madrid Tredje 2024-25 Pablo Barrios 8"},"content":{"rendered":"<p>Den tredje Atletico Madrid 2024-25-tr\u00f8je er overvejende bl\u00e5 kombineret med markante pink accenter. De officielle farver er \"Blue Void\/Pink Glow\" Ligesom de andre tredjes\u00e6t i s\u00e6sonen 24-25 har Atl\u00e9tico 2024-25 tredjes\u00e6ttet en lodret Swoosh, der best\u00e5r af en stor og en lille.<\/p>\n<p>Tips til sokker: T-shirten indeholder ikke sokker som standard. Hvis du vil have sokker, skal du v\u00e6lge sokkeindstillingerne for at betale for dem.<\/p>\n<p>Udskrivningstip: Hvis navnet og nummeret p\u00e5 billedet er pr\u00e6cis det, du vil have, beh\u00f8ver du ikke at indtaste det igen. Hvis det ikke er tilf\u00e6ldet, skal du indtaste det \u00f8nskede navn og nummer.<\/p>\n<p>Vasketip: Det anbefales at vaske fodboldtr\u00f8jer i h\u00e5nden. Hvis du vil bruge en vaskemaskine, skal du huske at vende tr\u00f8jen om og derefter vaske den. Og fyld maskinen med koldt vand og brug et sk\u00e5nsomt vaskeprogram for at beskytte farverne mere.<\/p>","protected":false},"excerpt":{"rendered":"<p>Tretji dres Atletico Madrid 2024\u201325 je prete\u017eno moder v kombinaciji z osupljivimi ro\u017enatimi poudarki. Uradne barve so \u201cBlue Void\/Pink Glow\u201d.Tako kot ostali tretji kompleti za sezono 24-25 ima tudi tretji komplet Atl\u00e9tico 2024-25 navpi\u010dni Swoosh, sestavljen iz velikega in majhnega. Nasveti za nogavice: Majica ne vsebuje nogavic privzeto. \u010ce \u017eelite nogavice, izberite mo\u017enosti nogavic, da [&hellip;]<\/p>","protected":false},"featured_media":20588,"comment_status":"open","ping_status":"closed","template":"","meta":[],"product_brand":[],"product_cat":[73,41],"product_tag":[999,153,220,1000,159,998,1506,148,147],"class_list":{"0":"post-20586","1":"product","2":"type-product","3":"status-publish","4":"has-post-thumbnail","6":"product_cat-otroski","7":"product_cat-nogometni-dresi-atletico-madrid","8":"product_tag-dresi-atletico-madrid-za-otroke","9":"product_tag-nogometni-dresi","10":"product_tag-nogometni-dresi-za-otroke","11":"product_tag-otroski-dresi-atletico-madrid-z-lastnim-imenom","12":"product_tag-otroski-nogometni-dresi","13":"product_tag-otroski-nogometni-dresi-atletico-madrid","14":"product_tag-pablo-barrios-dresi","15":"product_tag-poceni-nogometni-dresi","16":"product_tag-slovenski-nogometni-dresi","18":"first","19":"instock","20":"shipping-taxable","21":"purchasable","22":"product-type-variable"},"_links":{"self":[{"href":"https:\/\/www.nogometnizaotroke.com\/da\/wp-json\/wp\/v2\/product\/20586","targetHints":{"allow":["GET"]}}],"collection":[{"href":"https:\/\/www.nogometnizaotroke.com\/da\/wp-json\/wp\/v2\/product"}],"about":[{"href":"https:\/\/www.nogometnizaotroke.com\/da\/wp-json\/wp\/v2\/types\/product"}],"replies":[{"embeddable":true,"href":"https:\/\/www.nogometnizaotroke.com\/da\/wp-json\/wp\/v2\/comments?post=20586"}],"wp:featuredmedia":[{"embeddable":true,"href":"https:\/\/www.nogometnizaotroke.com\/da\/wp-json\/wp\/v2\/media\/20588"}],"wp:attachment":[{"href":"https:\/\/www.nogometnizaotroke.com\/da\/wp-json\/wp\/v2\/media?parent=20586"}],"wp:term":[{"taxonomy":"product_brand","embeddable":true,"href":"https:\/\/www.nogometnizaotroke.com\/da\/wp-json\/wp\/v2\/product_brand?post=20586"},{"taxonomy":"product_cat","embeddable":true,"href":"https:\/\/www.nogometnizaotroke.com\/da\/wp-json\/wp\/v2\/product_cat?post=20586"},{"taxonomy":"product_tag","embeddable":true,"href":"https:\/\/www.nogometnizaotroke.com\/da\/wp-json\/wp\/v2\/product_tag?post=20586"}],"curies":[{"name":"wp","href":"https:\/\/api.w.org\/{rel}","templated":true}]}}