{"id":20505,"date":"2024-11-20T02:51:50","date_gmt":"2024-11-20T02:51:50","guid":{"rendered":"https:\/\/www.nogometnionline.com\/?post_type=product&#038;p=20505"},"modified":"2024-11-20T02:51:53","modified_gmt":"2024-11-20T02:51:53","slug":"otroski-nogometni-dresi-kompleti-za-otroke-atletico-madrid-gostujoci-2024-25-rodrigo-de-paul-5","status":"publish","type":"product","link":"https:\/\/www.nogometnizaotroke.com\/da\/product\/otroski-nogometni-dresi-kompleti-za-otroke-atletico-madrid-gostujoci-2024-25-rodrigo-de-paul-5\/","title":{"rendered":"Fodboldtr\u00f8jer til b\u00f8rn Satser til b\u00f8rn Atletico Madrid Ude 2024-25 Rodrigo De Paul 5"},"content":{"rendered":"<p>Designet af Atl\u00e9tico Madrid 2024\/25 udebanetr\u00f8jen er inspireret af den ikoniske Neptun-font\u00e6ne, som er et yndet samlingssted for Atl\u00e9tico-fans, der fejrer deres holds triumfer. Dette valg af tema er knyttet til klubbens rige historie og v\u00e6kker is\u00e6r minder om den betydningsfulde s\u00e6son 1995\/96, hvor Atl\u00e9tico opn\u00e5ede en imponerende double p\u00e5 hjemmebane. Indersiden af kraven har en sl\u00e5ende r\u00f8d trefork, det karakteristiske Neptun-v\u00e5ben, trykt som et skjult emblem.<\/p>\n<p>Tips til sokker: T-shirten indeholder ikke sokker som standard. Hvis du vil have sokker, skal du v\u00e6lge sokkeindstillingerne for at betale for dem.<\/p>\n<p>Udskrivningstip: Hvis navnet og nummeret p\u00e5 billedet er pr\u00e6cis det, du vil have, beh\u00f8ver du ikke at indtaste det igen. Hvis det ikke er tilf\u00e6ldet, skal du indtaste det \u00f8nskede navn og nummer.<\/p>\n<p>Vasketip: Det anbefales at vaske fodboldtr\u00f8jer i h\u00e5nden. Hvis du vil bruge en vaskemaskine, skal du huske at vende tr\u00f8jen om og derefter vaske den. Og fyld maskinen med koldt vand og brug et sk\u00e5nsomt vaskeprogram for at beskytte farverne mere.<\/p>","protected":false},"excerpt":{"rendered":"<p>Navdih za oblikovalske izhodi\u0161\u010da gostujo\u010di dres Atl\u00e9tico Madrid 2024\/25 je ikoni\u010dni Neptunov vodnjak, cenjeno zbirali\u0161\u010de navija\u010dev Atletica, ki proslavljajo zmagoslavje svoje ekipe. Ta izbira teme je povezana z bogato zgodovino kluba, \u0161e posebej obuja spomine na pomembno sezono 1995\/96, ko je Atl\u00e9tico dosegel impresiven doma\u010di dvojni zmagovalec.Notranjost ovratnika ima osupljiv rde\u010d trizob, zna\u010dilno Neptunovo oro\u017eje, [&hellip;]<\/p>","protected":false},"featured_media":20507,"comment_status":"open","ping_status":"closed","template":"","meta":[],"product_brand":[],"product_cat":[73,41],"product_tag":[999,153,220,1000,159,998,148,1386,147],"class_list":{"0":"post-20505","1":"product","2":"type-product","3":"status-publish","4":"has-post-thumbnail","6":"product_cat-otroski","7":"product_cat-nogometni-dresi-atletico-madrid","8":"product_tag-dresi-atletico-madrid-za-otroke","9":"product_tag-nogometni-dresi","10":"product_tag-nogometni-dresi-za-otroke","11":"product_tag-otroski-dresi-atletico-madrid-z-lastnim-imenom","12":"product_tag-otroski-nogometni-dresi","13":"product_tag-otroski-nogometni-dresi-atletico-madrid","14":"product_tag-poceni-nogometni-dresi","15":"product_tag-rodrigo-de-paul-dresi","16":"product_tag-slovenski-nogometni-dresi","18":"first","19":"instock","20":"shipping-taxable","21":"purchasable","22":"product-type-variable"},"_links":{"self":[{"href":"https:\/\/www.nogometnizaotroke.com\/da\/wp-json\/wp\/v2\/product\/20505","targetHints":{"allow":["GET"]}}],"collection":[{"href":"https:\/\/www.nogometnizaotroke.com\/da\/wp-json\/wp\/v2\/product"}],"about":[{"href":"https:\/\/www.nogometnizaotroke.com\/da\/wp-json\/wp\/v2\/types\/product"}],"replies":[{"embeddable":true,"href":"https:\/\/www.nogometnizaotroke.com\/da\/wp-json\/wp\/v2\/comments?post=20505"}],"wp:featuredmedia":[{"embeddable":true,"href":"https:\/\/www.nogometnizaotroke.com\/da\/wp-json\/wp\/v2\/media\/20507"}],"wp:attachment":[{"href":"https:\/\/www.nogometnizaotroke.com\/da\/wp-json\/wp\/v2\/media?parent=20505"}],"wp:term":[{"taxonomy":"product_brand","embeddable":true,"href":"https:\/\/www.nogometnizaotroke.com\/da\/wp-json\/wp\/v2\/product_brand?post=20505"},{"taxonomy":"product_cat","embeddable":true,"href":"https:\/\/www.nogometnizaotroke.com\/da\/wp-json\/wp\/v2\/product_cat?post=20505"},{"taxonomy":"product_tag","embeddable":true,"href":"https:\/\/www.nogometnizaotroke.com\/da\/wp-json\/wp\/v2\/product_tag?post=20505"}],"curies":[{"name":"wp","href":"https:\/\/api.w.org\/{rel}","templated":true}]}}