{"id":20346,"date":"2024-11-18T09:03:23","date_gmt":"2024-11-18T09:03:23","guid":{"rendered":"https:\/\/www.nogometnionline.com\/?post_type=product&#038;p=20346"},"modified":"2025-03-11T02:26:08","modified_gmt":"2025-03-11T02:26:08","slug":"otroski-nogometni-dresi-za-otroke-paris-saint-germain-psg-gostujoci-2024-25-marquinhos-5","status":"publish","type":"product","link":"https:\/\/www.nogometnizaotroke.com\/da\/product\/otroski-nogometni-dresi-za-otroke-paris-saint-germain-psg-gostujoci-2024-25-marquinhos-5\/","title":{"rendered":"Otro\u0161ki Nogometni Dresi kompleti za otroke Arsenal Vratar Gostujo\u010di 2024-25 roza"},"content":{"rendered":"<p>Designet af PSG's udebanetr\u00f8je 2024\/25 er inspireret af den popul\u00e6re tr\u00f8je fra 1990'erne med to dristige r\u00f8de og bl\u00e5 striber p\u00e5 en skarp hvid baggrund. Dette farveskema fremkalder smart den ikoniske silhuet af Eiffelt\u00e5rnet og blander problemfrit parisiske vartegn med fodboldmode. Tidspunktet for denne annoncering er s\u00e6rligt vigtigt, da det falder sammen med Paris' forberedelser til at v\u00e6re v\u00e6rt for De Olympiske Lege i 2024.<\/p>\n<p>Tips til sokker: T-shirten indeholder ikke sokker som standard. Hvis du vil have sokker, skal du v\u00e6lge sokkeindstillingerne for at betale for dem.<\/p>\n<p>Udskrivningstip: Hvis navnet og nummeret p\u00e5 billedet er pr\u00e6cis det, du vil have, beh\u00f8ver du ikke at indtaste det igen. Hvis det ikke er tilf\u00e6ldet, skal du indtaste det \u00f8nskede navn og nummer.<\/p>\n<p>Vasketip: Det anbefales at vaske fodboldtr\u00f8jer i h\u00e5nden. Hvis du vil bruge en vaskemaskine, skal du huske at vende tr\u00f8jen om og derefter vaske den. Og fyld maskinen med koldt vand og brug et sk\u00e5nsomt vaskeprogram for at beskytte farverne mere.<\/p>","protected":false},"excerpt":{"rendered":"<p>Dizajn Gostujo\u010di dresi PSG 2024\/25 \u010drpa navdih iz priljubljenega dresa iz devetdesetih let prej\u0161njega stoletja, ki vsebuje dve drzni rde\u010di in modri \u010drti na ostrem belem ozadju.Ta barvna shema spretno spominja na ikoni\u010dno silhueto Eifflovega stolpa in brezhibno zdru\u017euje pari\u0161ke znamenitosti z nogometno modo. \u010cas te objave je \u0161e posebej pomemben, saj sovpada s pripravami [&hellip;]<\/p>","protected":false},"featured_media":23802,"comment_status":"open","ping_status":"closed","template":"","meta":[],"product_brand":[],"product_cat":[73,37],"product_tag":[153,1692,1682,997,159,995,1680,1683,147],"class_list":{"0":"post-20346","1":"product","2":"type-product","3":"status-publish","4":"has-post-thumbnail","6":"product_cat-otroski","7":"product_cat-nogometni-dresi-psg","8":"product_tag-nogometni-dresi","9":"product_tag-nogometni-dresi-arsenal-za-otroke","10":"product_tag-nogometni-dresi-trgovina","11":"product_tag-otroski-dresi-arsenal-z-lastnim-imenom","12":"product_tag-otroski-nogometni-dresi","13":"product_tag-otroski-nogometni-dresi-arsenal","14":"product_tag-poceni-nogometni-dresi-kompleti","15":"product_tag-poceni-nogometni-dresi-za-otroke","16":"product_tag-slovenski-nogometni-dresi","18":"first","19":"instock","20":"shipping-taxable","21":"purchasable","22":"product-type-variable"},"_links":{"self":[{"href":"https:\/\/www.nogometnizaotroke.com\/da\/wp-json\/wp\/v2\/product\/20346","targetHints":{"allow":["GET"]}}],"collection":[{"href":"https:\/\/www.nogometnizaotroke.com\/da\/wp-json\/wp\/v2\/product"}],"about":[{"href":"https:\/\/www.nogometnizaotroke.com\/da\/wp-json\/wp\/v2\/types\/product"}],"replies":[{"embeddable":true,"href":"https:\/\/www.nogometnizaotroke.com\/da\/wp-json\/wp\/v2\/comments?post=20346"}],"wp:featuredmedia":[{"embeddable":true,"href":"https:\/\/www.nogometnizaotroke.com\/da\/wp-json\/wp\/v2\/media\/23802"}],"wp:attachment":[{"href":"https:\/\/www.nogometnizaotroke.com\/da\/wp-json\/wp\/v2\/media?parent=20346"}],"wp:term":[{"taxonomy":"product_brand","embeddable":true,"href":"https:\/\/www.nogometnizaotroke.com\/da\/wp-json\/wp\/v2\/product_brand?post=20346"},{"taxonomy":"product_cat","embeddable":true,"href":"https:\/\/www.nogometnizaotroke.com\/da\/wp-json\/wp\/v2\/product_cat?post=20346"},{"taxonomy":"product_tag","embeddable":true,"href":"https:\/\/www.nogometnizaotroke.com\/da\/wp-json\/wp\/v2\/product_tag?post=20346"}],"curies":[{"name":"wp","href":"https:\/\/api.w.org\/{rel}","templated":true}]}}