{"id":20206,"date":"2024-11-17T04:46:21","date_gmt":"2024-11-17T04:46:21","guid":{"rendered":"https:\/\/www.nogometnionline.com\/?post_type=product&#038;p=20206"},"modified":"2024-11-17T04:46:24","modified_gmt":"2024-11-17T04:46:24","slug":"otroski-nogometni-dresi-za-otroke-paris-saint-germain-psg-tretji-2024-25-vitinha-17","status":"publish","type":"product","link":"https:\/\/www.nogometnizaotroke.com\/da\/product\/otroski-nogometni-dresi-za-otroke-paris-saint-germain-psg-tretji-2024-25-vitinha-17\/","title":{"rendered":"Fodboldtr\u00f8jer til b\u00f8rn Paris Saint-Germain PSG Third 2024-25 Vitinha 17"},"content":{"rendered":"<p>Tretji dres PSG 24-25 ima povezovalno temo, ki se osredoto\u010da na vzpon \u017eenskega nogometa. Logotip, ki spreminja barvo na sprednji strani, simbolizira povezavo med obema ekipama in predstavlja rasto\u010de gibanje v nogometu. Novi dres utele\u0161a sporo\u010dilo \u201cTogether We Rise\u201d \u2013 naklon napredku in krepitvi mo\u010di v nogometu.\u201dNovo Tretji Nogometni dresi PSG 2024-25 je ve\u010dinoma \u201crjavo ro\u017enata\u201d v kombinaciji s \u010drnimi poudarki. Poleg barvne sheme obstajata \u0161e dva elementa, zaradi katerih PSG 24-25 third izstopa. Logotipi in sredinska \u010drta.PSG<\/p>\n<p>Tips til sokker: T-shirten indeholder ikke sokker som standard. Hvis du vil have sokker, skal du v\u00e6lge sokkeindstillingerne for at betale for dem.<\/p>\n<p>Udskrivningstip: Hvis navnet og nummeret p\u00e5 billedet er pr\u00e6cis det, du vil have, beh\u00f8ver du ikke at indtaste det igen. Hvis det ikke er tilf\u00e6ldet, skal du indtaste det \u00f8nskede navn og nummer.<\/p>\n<p>Vasketip: Det anbefales at vaske fodboldtr\u00f8jer i h\u00e5nden. Hvis du vil bruge en vaskemaskine, skal du huske at vende tr\u00f8jen om og derefter vaske den. Og fyld maskinen med koldt vand og brug et sk\u00e5nsomt vaskeprogram for at beskytte farverne mere.<\/p>","protected":false},"excerpt":{"rendered":"<p>Tretji dres PSG 24-25 ima povezovalno temo, ki se osredoto\u010da na vzpon \u017eenskega nogometa. Logotip, ki spreminja barvo na sprednji strani, simbolizira povezavo med obema ekipama in predstavlja rasto\u010de gibanje v nogometu. Novi dres utele\u0161a sporo\u010dilo \u201cTogether We Rise\u201d \u2013 naklon napredku in krepitvi mo\u010di v nogometu.\u201dNovo Tretji Nogometni dresi PSG 2024-25 je ve\u010dinoma \u201crjavo [&hellip;]<\/p>","protected":false},"featured_media":20208,"comment_status":"open","ping_status":"closed","template":"","meta":[],"product_brand":[],"product_cat":[73,37],"product_tag":[153,159,155,148,149,273,753],"class_list":{"0":"post-20206","1":"product","2":"type-product","3":"status-publish","4":"has-post-thumbnail","6":"product_cat-otroski","7":"product_cat-nogometni-dresi-psg","8":"product_tag-nogometni-dresi","9":"product_tag-otroski-nogometni-dresi","10":"product_tag-paris-saint-germain-psg-dres","11":"product_tag-poceni-nogometni-dresi","12":"product_tag-poceni-nogometni-dresi-psg-z-lastnim-imenom-online","13":"product_tag-poceni-otroski-nogometni-dresi-psg-z-lastnim-imenom","14":"product_tag-psg-dresi-2024","16":"first","17":"instock","18":"shipping-taxable","19":"purchasable","20":"product-type-variable"},"_links":{"self":[{"href":"https:\/\/www.nogometnizaotroke.com\/da\/wp-json\/wp\/v2\/product\/20206","targetHints":{"allow":["GET"]}}],"collection":[{"href":"https:\/\/www.nogometnizaotroke.com\/da\/wp-json\/wp\/v2\/product"}],"about":[{"href":"https:\/\/www.nogometnizaotroke.com\/da\/wp-json\/wp\/v2\/types\/product"}],"replies":[{"embeddable":true,"href":"https:\/\/www.nogometnizaotroke.com\/da\/wp-json\/wp\/v2\/comments?post=20206"}],"wp:featuredmedia":[{"embeddable":true,"href":"https:\/\/www.nogometnizaotroke.com\/da\/wp-json\/wp\/v2\/media\/20208"}],"wp:attachment":[{"href":"https:\/\/www.nogometnizaotroke.com\/da\/wp-json\/wp\/v2\/media?parent=20206"}],"wp:term":[{"taxonomy":"product_brand","embeddable":true,"href":"https:\/\/www.nogometnizaotroke.com\/da\/wp-json\/wp\/v2\/product_brand?post=20206"},{"taxonomy":"product_cat","embeddable":true,"href":"https:\/\/www.nogometnizaotroke.com\/da\/wp-json\/wp\/v2\/product_cat?post=20206"},{"taxonomy":"product_tag","embeddable":true,"href":"https:\/\/www.nogometnizaotroke.com\/da\/wp-json\/wp\/v2\/product_tag?post=20206"}],"curies":[{"name":"wp","href":"https:\/\/api.w.org\/{rel}","templated":true}]}}