{"id":19959,"date":"2024-11-12T05:49:56","date_gmt":"2024-11-12T05:49:56","guid":{"rendered":"https:\/\/www.nogometnionline.com\/?post_type=product&#038;p=19959"},"modified":"2024-11-12T05:50:01","modified_gmt":"2024-11-12T05:50:01","slug":"otroski-nogometni-dresi-kompleti-za-otroke-inter-milan-tretji-2024-25-joaquin-correa-11","status":"publish","type":"product","link":"https:\/\/www.nogometnizaotroke.com\/da\/product\/otroski-nogometni-dresi-kompleti-za-otroke-inter-milan-tretji-2024-25-joaquin-correa-11\/","title":{"rendered":"Otro\u0161ki Nogometni Dresi Kompleti za otroke Inter Milan Tretji 2024-25 Joaquin Correa 11"},"content":{"rendered":"<p>Tretji komplet Inter Milan 24-25 dresi se zgleduje po tretjem kompletu ekipe Umbro 96-97.Tretji nogometni dresi Inter 2024-2025 ima edinstven in poseben dizajn z glavno barvo \u201cUniversity Gold\u201d v kombinaciji z zgornjim Swoosh in Interjevim grbom na sredini prsnega ko\u0161a.\u201dNotranji ponos\u201d na ovratniku slavi tudi Interjevo \u017eensko ekipo z letnico ustanovitve 1908 in letom 2018, v katerem je bilo ustanovljeno Inter Women.Tretji dres Inter Milan 24-25 ima dizajn z dvojnimi \u010drtami ob straneh z grafiko, ki jo je navdihnila milanska katedrala \u2013 arhitekturna znamenitost mesta Milano. Ta oblika spominja na tretji dres 96-97.<\/p>\n<p>Tips til sokker: T-shirten indeholder ikke sokker som standard. Hvis du vil have sokker, skal du v\u00e6lge sokkeindstillingerne for at betale for dem.<\/p>\n<p>Udskrivningstip: Hvis navnet og nummeret p\u00e5 billedet er pr\u00e6cis det, du vil have, beh\u00f8ver du ikke at indtaste det igen. Hvis det ikke er tilf\u00e6ldet, skal du indtaste det \u00f8nskede navn og nummer.<\/p>\n<p>Vasketip: Det anbefales at vaske fodboldtr\u00f8jer i h\u00e5nden. Hvis du vil bruge en vaskemaskine, skal du huske at vende tr\u00f8jen om og derefter vaske den. Og fyld maskinen med koldt vand og brug et sk\u00e5nsomt vaskeprogram for at beskytte farverne mere.<\/p>","protected":false},"excerpt":{"rendered":"<p>Tretji komplet Inter Milan 24-25 dresi se zgleduje po tretjem kompletu ekipe Umbro 96-97.Tretji nogometni dresi Inter 2024-2025 ima edinstven in poseben dizajn z glavno barvo \u201cUniversity Gold\u201d v kombinaciji z zgornjim Swoosh in Interjevim grbom na sredini prsnega ko\u0161a.\u201dNotranji ponos\u201d na ovratniku slavi tudi Interjevo \u017eensko ekipo z letnico ustanovitve 1908 in letom 2018, [&hellip;]<\/p>","protected":false},"featured_media":19961,"comment_status":"open","ping_status":"closed","template":"","meta":[],"product_brand":[],"product_cat":[73,47],"product_tag":[1228,1477,153,480,479,1229,1227,148,197,147],"class_list":{"0":"post-19959","1":"product","2":"type-product","3":"status-publish","4":"has-post-thumbnail","6":"product_cat-otroski","7":"product_cat-nogometni-dresi-inter-milan","8":"product_tag-dresi-inter-milan-za-otroke","9":"product_tag-joaquin-correa-dresi","10":"product_tag-nogometni-dresi","11":"product_tag-nogometni-dresi-inter-milan-prodaja","12":"product_tag-nogometni-dresi-inter-milan-z-lastnim-tiskom","13":"product_tag-otroski-dresi-inter-milan-z-lastnim-imenom","14":"product_tag-otroski-nogometni-dresi-inter-milan","15":"product_tag-poceni-nogometni-dresi","16":"product_tag-poceni-nogometni-dresi-inter-milan-z-lastnim-imenom-online","17":"product_tag-slovenski-nogometni-dresi","19":"first","20":"instock","21":"shipping-taxable","22":"purchasable","23":"product-type-variable"},"_links":{"self":[{"href":"https:\/\/www.nogometnizaotroke.com\/da\/wp-json\/wp\/v2\/product\/19959","targetHints":{"allow":["GET"]}}],"collection":[{"href":"https:\/\/www.nogometnizaotroke.com\/da\/wp-json\/wp\/v2\/product"}],"about":[{"href":"https:\/\/www.nogometnizaotroke.com\/da\/wp-json\/wp\/v2\/types\/product"}],"replies":[{"embeddable":true,"href":"https:\/\/www.nogometnizaotroke.com\/da\/wp-json\/wp\/v2\/comments?post=19959"}],"wp:featuredmedia":[{"embeddable":true,"href":"https:\/\/www.nogometnizaotroke.com\/da\/wp-json\/wp\/v2\/media\/19961"}],"wp:attachment":[{"href":"https:\/\/www.nogometnizaotroke.com\/da\/wp-json\/wp\/v2\/media?parent=19959"}],"wp:term":[{"taxonomy":"product_brand","embeddable":true,"href":"https:\/\/www.nogometnizaotroke.com\/da\/wp-json\/wp\/v2\/product_brand?post=19959"},{"taxonomy":"product_cat","embeddable":true,"href":"https:\/\/www.nogometnizaotroke.com\/da\/wp-json\/wp\/v2\/product_cat?post=19959"},{"taxonomy":"product_tag","embeddable":true,"href":"https:\/\/www.nogometnizaotroke.com\/da\/wp-json\/wp\/v2\/product_tag?post=19959"}],"curies":[{"name":"wp","href":"https:\/\/api.w.org\/{rel}","templated":true}]}}