{"id":19857,"date":"2024-11-10T02:44:54","date_gmt":"2024-11-10T02:44:54","guid":{"rendered":"https:\/\/www.nogometnionline.com\/?post_type=product&#038;p=19857"},"modified":"2024-11-10T02:44:57","modified_gmt":"2024-11-10T02:44:57","slug":"otroski-nogometni-dresi-kompleti-za-otroke-juventus-gostujoci-2024-25-timothy-weah-22","status":"publish","type":"product","link":"https:\/\/www.nogometnizaotroke.com\/da\/product\/otroski-nogometni-dresi-kompleti-za-otroke-juventus-gostujoci-2024-25-timothy-weah-22\/","title":{"rendered":"Otro\u0161ki Nogometni dresi kompleti za otroke Juventus Gostujo\u010di 2024-25 Timothy Weah 22"},"content":{"rendered":"<p>Juventus Gostujo\u010di 2024-25 dresi je najmodernej\u0161i v kolekciji dresov Juventus 24-25. Glavna barva gostujo\u010dega dresa Juventus 24-25 je son\u010dno rumena z logotipom, grbom Juventus in tremi \u010drtami na ramenih v temno sivi barvi.Gostujo\u010di dres Juventus 24-25, ki ga navdihujejo neraziskane galaksije vesolja, ima \u010drtasto obliko kot poklon mestu Torino.Izrez na strani dresa je svetlo roza barve. Komplet za goste Juventus 24-25 lahko prilagodite z abstraktnim vzorcem za edinstven videz.<\/p>\n<p>Tips til sokker: T-shirten indeholder ikke sokker som standard. Hvis du vil have sokker, skal du v\u00e6lge sokkeindstillingerne for at betale for dem.<\/p>\n<p>Udskrivningstip: Hvis navnet og nummeret p\u00e5 billedet er pr\u00e6cis det, du vil have, beh\u00f8ver du ikke at indtaste det igen. Hvis det ikke er tilf\u00e6ldet, skal du indtaste det \u00f8nskede navn og nummer.<\/p>\n<p>Vasketip: Det anbefales at vaske fodboldtr\u00f8jer i h\u00e5nden. Hvis du vil bruge en vaskemaskine, skal du huske at vende tr\u00f8jen om og derefter vaske den. Og fyld maskinen med koldt vand og brug et sk\u00e5nsomt vaskeprogram for at beskytte farverne mere.<\/p>","protected":false},"excerpt":{"rendered":"<p>Juventus Gostujo\u010di 2024-25 dresi je najmodernej\u0161i v kolekciji dresov Juventus 24-25. Glavna barva gostujo\u010dega dresa Juventus 24-25 je son\u010dno rumena z logotipom, grbom Juventus in tremi \u010drtami na ramenih v temno sivi barvi.Gostujo\u010di dres Juventus 24-25, ki ga navdihujejo neraziskane galaksije vesolja, ima \u010drtasto obliko kot poklon mestu Torino.Izrez na strani dresa je svetlo roza [&hellip;]<\/p>","protected":false},"featured_media":19859,"comment_status":"open","ping_status":"closed","template":"","meta":[],"product_brand":[],"product_cat":[73,36],"product_tag":[1092,220,1093,159,1091,148,198,373,147,1451],"class_list":{"0":"post-19857","1":"product","2":"type-product","3":"status-publish","4":"has-post-thumbnail","6":"product_cat-otroski","7":"product_cat-nogometni-dresi-juventus","8":"product_tag-dresi-juventus-za-otroke","9":"product_tag-nogometni-dresi-za-otroke","10":"product_tag-otroski-dresi-juventus-z-lastnim-imenom","11":"product_tag-otroski-nogometni-dresi","12":"product_tag-otroski-nogometni-dresi-juventus","13":"product_tag-poceni-nogometni-dresi","14":"product_tag-poceni-nogometni-dresi-juventus-z-lastnim-imenom-online","15":"product_tag-poceni-otroski-nogometni-dresi-juventus-z-lastnim-imenom","16":"product_tag-slovenski-nogometni-dresi","17":"product_tag-timothy-weah-dresi","19":"first","20":"instock","21":"shipping-taxable","22":"purchasable","23":"product-type-variable"},"_links":{"self":[{"href":"https:\/\/www.nogometnizaotroke.com\/da\/wp-json\/wp\/v2\/product\/19857","targetHints":{"allow":["GET"]}}],"collection":[{"href":"https:\/\/www.nogometnizaotroke.com\/da\/wp-json\/wp\/v2\/product"}],"about":[{"href":"https:\/\/www.nogometnizaotroke.com\/da\/wp-json\/wp\/v2\/types\/product"}],"replies":[{"embeddable":true,"href":"https:\/\/www.nogometnizaotroke.com\/da\/wp-json\/wp\/v2\/comments?post=19857"}],"wp:featuredmedia":[{"embeddable":true,"href":"https:\/\/www.nogometnizaotroke.com\/da\/wp-json\/wp\/v2\/media\/19859"}],"wp:attachment":[{"href":"https:\/\/www.nogometnizaotroke.com\/da\/wp-json\/wp\/v2\/media?parent=19857"}],"wp:term":[{"taxonomy":"product_brand","embeddable":true,"href":"https:\/\/www.nogometnizaotroke.com\/da\/wp-json\/wp\/v2\/product_brand?post=19857"},{"taxonomy":"product_cat","embeddable":true,"href":"https:\/\/www.nogometnizaotroke.com\/da\/wp-json\/wp\/v2\/product_cat?post=19857"},{"taxonomy":"product_tag","embeddable":true,"href":"https:\/\/www.nogometnizaotroke.com\/da\/wp-json\/wp\/v2\/product_tag?post=19857"}],"curies":[{"name":"wp","href":"https:\/\/api.w.org\/{rel}","templated":true}]}}