{"id":19529,"date":"2024-11-05T06:44:34","date_gmt":"2024-11-05T06:44:34","guid":{"rendered":"https:\/\/www.nogometnionline.com\/?post_type=product&#038;p=19529"},"modified":"2024-11-05T06:44:37","modified_gmt":"2024-11-05T06:44:37","slug":"poceni-moski-nogometni-dresi-kompleti-arsenal-tretji-2024-25-gabriel-magalhaes-6","status":"publish","type":"product","link":"https:\/\/www.nogometnizaotroke.com\/da\/product\/poceni-moski-nogometni-dresi-kompleti-arsenal-tretji-2024-25-gabriel-magalhaes-6\/","title":{"rendered":"Billige fodboldtr\u00f8jer til m\u00e6nd Kits Arsenal Third 2024-25 Gabriel Magalhaes 6"},"content":{"rendered":"<p>Designet af Arsenal FC 2024-25's tredje fodboldtr\u00f8je er moderne i kontrast til det klassiske Trebil-logo Designet af Arsenal FC 2024-25's tredje fodboldtr\u00f8je er moderne i kontrast til det klassiske Trebil-logo. Det har et moderne gradientdesign, der minder om nordlyset.<\/p>\n<p>Tips til sokker: T-shirten indeholder ikke sokker som standard. Hvis du vil have sokker, skal du v\u00e6lge sokkeindstillingerne for at betale for dem.<\/p>\n<p>Udskrivningstip: Hvis navnet og nummeret p\u00e5 billedet er pr\u00e6cis det, du vil have, beh\u00f8ver du ikke at indtaste det igen. Hvis det ikke er tilf\u00e6ldet, skal du indtaste det \u00f8nskede navn og nummer.<\/p>\n<p>Vasketip: Det anbefales at vaske fodboldtr\u00f8jer i h\u00e5nden. Hvis du vil bruge en vaskemaskine, skal du huske at vende tr\u00f8jen om og derefter vaske den. Og fyld maskinen med koldt vand og brug et sk\u00e5nsomt vaskeprogram for at beskytte farverne mere.<\/p>","protected":false},"excerpt":{"rendered":"<p>Poceni tretji nogometni dresi Arsenal 24-25 je vodno modre barve v kombinaciji s svetlo vijoli\u010dno in mornarsko modro.Dizajn tretji Nogometni dresi Arsenal FC 2024-25 je moderen v nasprotju s klasi\u010dnim logotipom Trebil. Ima sodoben gradientni dizajn, ki spominja na severni sij. Nasveti za nogavice: Majica ne vsebuje nogavic privzeto. \u010ce \u017eelite nogavice, izberite mo\u017enosti nogavic, [&hellip;]<\/p>","protected":false},"featured_media":19531,"comment_status":"open","ping_status":"closed","template":"","meta":[],"product_brand":[],"product_cat":[140,38],"product_tag":[1147,152,150,153,1049,148,1048,189,147],"class_list":{"0":"post-19529","1":"product","2":"type-product","3":"status-publish","4":"has-post-thumbnail","6":"product_cat-moski","7":"product_cat-nogometni-dresi-arsenal","8":"product_tag-gabriel-magalhaes-dresi","9":"product_tag-moski-nogometni-dres","10":"product_tag-moski-nogometni-dresi","11":"product_tag-nogometni-dresi","12":"product_tag-nogometni-dresi-arsenal-z-lastnim-imenom","13":"product_tag-poceni-nogometni-dresi","14":"product_tag-poceni-nogometni-dresi-arsenal","15":"product_tag-poceni-nogometni-dresi-arsenal-z-lastnim-imenom-online","16":"product_tag-slovenski-nogometni-dresi","18":"first","19":"instock","20":"shipping-taxable","21":"purchasable","22":"product-type-variable"},"_links":{"self":[{"href":"https:\/\/www.nogometnizaotroke.com\/da\/wp-json\/wp\/v2\/product\/19529","targetHints":{"allow":["GET"]}}],"collection":[{"href":"https:\/\/www.nogometnizaotroke.com\/da\/wp-json\/wp\/v2\/product"}],"about":[{"href":"https:\/\/www.nogometnizaotroke.com\/da\/wp-json\/wp\/v2\/types\/product"}],"replies":[{"embeddable":true,"href":"https:\/\/www.nogometnizaotroke.com\/da\/wp-json\/wp\/v2\/comments?post=19529"}],"wp:featuredmedia":[{"embeddable":true,"href":"https:\/\/www.nogometnizaotroke.com\/da\/wp-json\/wp\/v2\/media\/19531"}],"wp:attachment":[{"href":"https:\/\/www.nogometnizaotroke.com\/da\/wp-json\/wp\/v2\/media?parent=19529"}],"wp:term":[{"taxonomy":"product_brand","embeddable":true,"href":"https:\/\/www.nogometnizaotroke.com\/da\/wp-json\/wp\/v2\/product_brand?post=19529"},{"taxonomy":"product_cat","embeddable":true,"href":"https:\/\/www.nogometnizaotroke.com\/da\/wp-json\/wp\/v2\/product_cat?post=19529"},{"taxonomy":"product_tag","embeddable":true,"href":"https:\/\/www.nogometnizaotroke.com\/da\/wp-json\/wp\/v2\/product_tag?post=19529"}],"curies":[{"name":"wp","href":"https:\/\/api.w.org\/{rel}","templated":true}]}}