{"id":19246,"date":"2024-10-31T13:25:52","date_gmt":"2024-10-31T13:25:52","guid":{"rendered":"https:\/\/www.nogometnionline.com\/?post_type=product&#038;p=19246"},"modified":"2024-10-31T13:25:57","modified_gmt":"2024-10-31T13:25:57","slug":"moski-nogometni-dresi-kompleti-juventus-domaci-2024-25-cristiano-ronaldo-7","status":"publish","type":"product","link":"https:\/\/www.nogometnizaotroke.com\/da\/product\/moski-nogometni-dresi-kompleti-juventus-domaci-2024-25-cristiano-ronaldo-7\/","title":{"rendered":"Mo\u0161ki Nogometni dresi kompleti Juventus Doma\u010di 2024-25 Cristiano Ronaldo 7"},"content":{"rendered":"<p>Izstopajo\u010da zna\u010dilnost Juventus Doma\u010di 2024-25 nogometni dresi je grafika kraterja, ki spominja na zna\u010dilno pokrajino lunine povr\u0161ine. Ta edinstveni vzorec je brezhibno integriran v klasi\u010dni \u010drno-beli \u010drtasti dizajn, kar ustvarja dinami\u010dno medsebojno igro, ki pritegne poglede in razvnema domi\u0161ljijo.<\/p>\n<p>Z vklju\u010ditvijo tega lunarnega motiva daje Juventus mo\u010dno izjavo o pionirskem duhu kluba in njegovi predanosti premikanju meja tako na igri\u0161\u010du kot izven njega.Dres ima edinstveno strukturirano tkanino, natan\u010dno izdelano s 3D in\u017eenirsko metodo. Rezultat tega inovativnega pristopa je tros lojna konstrukcija, ki obla\u010dilu doda vizualno in otipljivo zanimivost. Teksturi rane podrobnosti natan\u010dno posnemajo valovito povr\u0161ino lune in zagotavljajo \u010dutno izku\u0161njo, ki presega zgolj estetiko.<\/p>\n<p>Tips til sokker: T-shirten indeholder ikke sokker som standard. Hvis du vil have sokker, skal du v\u00e6lge sokkeindstillingerne for at betale for dem.<\/p>\n<p>Udskrivningstip: Hvis navnet og nummeret p\u00e5 billedet er pr\u00e6cis det, du vil have, beh\u00f8ver du ikke at indtaste det igen. Hvis det ikke er tilf\u00e6ldet, skal du indtaste det \u00f8nskede navn og nummer.<\/p>\n<p>Vasketip: Det anbefales at vaske fodboldtr\u00f8jer i h\u00e5nden. Hvis du vil bruge en vaskemaskine, skal du huske at vende tr\u00f8jen om og derefter vaske den. Og fyld maskinen med koldt vand og brug et sk\u00e5nsomt vaskeprogram for at beskytte farverne mere.<\/p>","protected":false},"excerpt":{"rendered":"<p>Izstopajo\u010da zna\u010dilnost Juventus Doma\u010di 2024-25 nogometni dresi je grafika kraterja, ki spominja na zna\u010dilno pokrajino lunine povr\u0161ine. Ta edinstveni vzorec je brezhibno integriran v klasi\u010dni \u010drno-beli \u010drtasti dizajn, kar ustvarja dinami\u010dno medsebojno igro, ki pritegne poglede in razvnema domi\u0161ljijo. Z vklju\u010ditvijo tega lunarnega motiva daje Juventus mo\u010dno izjavo o pionirskem duhu kluba in njegovi predanosti [&hellip;]<\/p>","protected":false},"featured_media":19248,"comment_status":"open","ping_status":"closed","template":"","meta":[],"product_brand":[],"product_cat":[140,36],"product_tag":[894,150,153,1095,148,1094,198,373,147],"class_list":{"0":"post-19246","1":"product","2":"type-product","3":"status-publish","4":"has-post-thumbnail","6":"product_cat-moski","7":"product_cat-nogometni-dresi-juventus","8":"product_tag-cristiano-ronaldo-dresi","9":"product_tag-moski-nogometni-dresi","10":"product_tag-nogometni-dresi","11":"product_tag-nogometni-dresi-juventus-z-lastnim-imenom","12":"product_tag-poceni-nogometni-dresi","13":"product_tag-poceni-nogometni-dresi-juventus","14":"product_tag-poceni-nogometni-dresi-juventus-z-lastnim-imenom-online","15":"product_tag-poceni-otroski-nogometni-dresi-juventus-z-lastnim-imenom","16":"product_tag-slovenski-nogometni-dresi","18":"first","19":"instock","20":"shipping-taxable","21":"purchasable","22":"product-type-variable"},"_links":{"self":[{"href":"https:\/\/www.nogometnizaotroke.com\/da\/wp-json\/wp\/v2\/product\/19246","targetHints":{"allow":["GET"]}}],"collection":[{"href":"https:\/\/www.nogometnizaotroke.com\/da\/wp-json\/wp\/v2\/product"}],"about":[{"href":"https:\/\/www.nogometnizaotroke.com\/da\/wp-json\/wp\/v2\/types\/product"}],"replies":[{"embeddable":true,"href":"https:\/\/www.nogometnizaotroke.com\/da\/wp-json\/wp\/v2\/comments?post=19246"}],"wp:featuredmedia":[{"embeddable":true,"href":"https:\/\/www.nogometnizaotroke.com\/da\/wp-json\/wp\/v2\/media\/19248"}],"wp:attachment":[{"href":"https:\/\/www.nogometnizaotroke.com\/da\/wp-json\/wp\/v2\/media?parent=19246"}],"wp:term":[{"taxonomy":"product_brand","embeddable":true,"href":"https:\/\/www.nogometnizaotroke.com\/da\/wp-json\/wp\/v2\/product_brand?post=19246"},{"taxonomy":"product_cat","embeddable":true,"href":"https:\/\/www.nogometnizaotroke.com\/da\/wp-json\/wp\/v2\/product_cat?post=19246"},{"taxonomy":"product_tag","embeddable":true,"href":"https:\/\/www.nogometnizaotroke.com\/da\/wp-json\/wp\/v2\/product_tag?post=19246"}],"curies":[{"name":"wp","href":"https:\/\/api.w.org\/{rel}","templated":true}]}}