{"id":19199,"date":"2024-10-30T07:50:09","date_gmt":"2024-10-30T07:50:09","guid":{"rendered":"https:\/\/www.nogometnionline.com\/?post_type=product&#038;p=19199"},"modified":"2024-10-30T07:50:15","modified_gmt":"2024-10-30T07:50:15","slug":"moski-nogometni-dresi-kompleti-barcelona-tretji-2024-25-zelena-frenkie-de-jong-21","status":"publish","type":"product","link":"https:\/\/www.nogometnizaotroke.com\/da\/product\/moski-nogometni-dresi-kompleti-barcelona-tretji-2024-25-zelena-frenkie-de-jong-21\/","title":{"rendered":"Herre Fodboldtr\u00f8jer S\u00e6t Barcelona Tredje 2024-25 Gr\u00f8n Frenkie de Jong 21"},"content":{"rendered":"<p>Den tredje Barcelona 2024-25-tr\u00f8je har et moderne farveskema. Den kombinerer lys volt med bl\u00e5 til logoer og applikationer. Officielt er farverne \"Barely Volt \/ Old Royal\". Den tredje Barcelona-tr\u00f8je 2024-2025 er designet med det kvindelige k\u00f8nssymbol - hermafroditten, en cirkel over et kors.<\/p>\n<p>Tips til sokker: T-shirten indeholder ikke sokker som standard. Hvis du vil have sokker, skal du v\u00e6lge sokkeindstillingerne for at betale for dem.<\/p>\n<p>Udskrivningstip: Hvis navnet og nummeret p\u00e5 billedet er pr\u00e6cis det, du vil have, beh\u00f8ver du ikke at indtaste det igen. Hvis det ikke er tilf\u00e6ldet, skal du indtaste det \u00f8nskede navn og nummer.<\/p>\n<p>Vasketip: Det anbefales at vaske fodboldtr\u00f8jer i h\u00e5nden. Hvis du vil bruge en vaskemaskine, skal du huske at vende tr\u00f8jen om og derefter vaske den. Og fyld maskinen med koldt vand og brug et sk\u00e5nsomt vaskeprogram for at beskytte farverne mere.<\/p>","protected":false},"excerpt":{"rendered":"<p>Tretji dres Barcelona 2024-25 ima sodobno barvno shemo. Kombinira svetlobni volt z modro za logotipe in aplikacije. Uradno so barve \u201cBarely Volt \/ Old Royal\u201d. Tretji dres Barcelona 2024-2025 je zasnovan s simbolom \u017eenskega spola \u2013 hermafroditom, krogom nad kri\u017eem. Nasveti za nogavice: Majica ne vsebuje nogavic privzeto. \u010ce \u017eelite nogavice, izberite mo\u017enosti nogavic, da [&hellip;]<\/p>","protected":false},"featured_media":19201,"comment_status":"open","ping_status":"closed","template":"","meta":[],"product_brand":[],"product_cat":[140,34],"product_tag":[843,1015,150,153,1053,148,1052,161,147],"class_list":{"0":"post-19199","1":"product","2":"type-product","3":"status-publish","4":"has-post-thumbnail","6":"product_cat-moski","7":"product_cat-nogometni-dresi-barcelona","8":"product_tag-2024-25-nogometni-dresi","9":"product_tag-frenkie-de-jong-dresi","10":"product_tag-moski-nogometni-dresi","11":"product_tag-nogometni-dresi","12":"product_tag-nogometni-dresi-barcelona-z-lastnim-imenom","13":"product_tag-poceni-nogometni-dresi","14":"product_tag-poceni-nogometni-dresi-barcelona","15":"product_tag-poceni-nogometni-dresi-barcelona-z-lastnim-imenom-online","16":"product_tag-slovenski-nogometni-dresi","18":"first","19":"instock","20":"shipping-taxable","21":"purchasable","22":"product-type-variable"},"_links":{"self":[{"href":"https:\/\/www.nogometnizaotroke.com\/da\/wp-json\/wp\/v2\/product\/19199","targetHints":{"allow":["GET"]}}],"collection":[{"href":"https:\/\/www.nogometnizaotroke.com\/da\/wp-json\/wp\/v2\/product"}],"about":[{"href":"https:\/\/www.nogometnizaotroke.com\/da\/wp-json\/wp\/v2\/types\/product"}],"replies":[{"embeddable":true,"href":"https:\/\/www.nogometnizaotroke.com\/da\/wp-json\/wp\/v2\/comments?post=19199"}],"wp:featuredmedia":[{"embeddable":true,"href":"https:\/\/www.nogometnizaotroke.com\/da\/wp-json\/wp\/v2\/media\/19201"}],"wp:attachment":[{"href":"https:\/\/www.nogometnizaotroke.com\/da\/wp-json\/wp\/v2\/media?parent=19199"}],"wp:term":[{"taxonomy":"product_brand","embeddable":true,"href":"https:\/\/www.nogometnizaotroke.com\/da\/wp-json\/wp\/v2\/product_brand?post=19199"},{"taxonomy":"product_cat","embeddable":true,"href":"https:\/\/www.nogometnizaotroke.com\/da\/wp-json\/wp\/v2\/product_cat?post=19199"},{"taxonomy":"product_tag","embeddable":true,"href":"https:\/\/www.nogometnizaotroke.com\/da\/wp-json\/wp\/v2\/product_tag?post=19199"}],"curies":[{"name":"wp","href":"https:\/\/api.w.org\/{rel}","templated":true}]}}