{"id":18965,"date":"2024-10-26T04:17:39","date_gmt":"2024-10-26T04:17:39","guid":{"rendered":"https:\/\/www.nogometnionline.com\/?post_type=product&#038;p=18965"},"modified":"2024-10-26T04:17:44","modified_gmt":"2024-10-26T04:17:44","slug":"otroski-nogometni-dresi-kompleti-za-otroke-barcelona-tretji-2024-25-ansu-fati-10","status":"publish","type":"product","link":"https:\/\/www.nogometnizaotroke.com\/da\/product\/otroski-nogometni-dresi-kompleti-za-otroke-barcelona-tretji-2024-25-ansu-fati-10\/","title":{"rendered":"Fodboldtr\u00f8jes\u00e6t til b\u00f8rn Barcelona Third 2024-25 Ansu Fati 10"},"content":{"rendered":"<p>Tretji <a href=\"https:\/\/www.dresizaotroke.com\/kategorija-izdelka\/nogometni-klubi\/dresi-barcelona\/\" target=\"_blank\" rel=\"noopener\">dres Barcelona<\/a> 2024-25 ima sodobno barvno shemo. Kombinira svetlobni volt z modro za logotipe in aplikacije. Uradno so barve \u201cBarely Volt \/ Old Royal\u201d. Tretji dres Barcelona 2024-2025 je zasnovan s simbolom \u017eenskega spola \u2013 hermafroditom, krogom nad kri\u017eem.<\/p>\n<p>Tips til sokker: T-shirten indeholder ikke sokker som standard. Hvis du vil have sokker, skal du v\u00e6lge sokkeindstillingerne for at betale for dem.<\/p>\n<p>Udskrivningstip: Hvis navnet og nummeret p\u00e5 billedet er pr\u00e6cis det, du vil have, beh\u00f8ver du ikke at indtaste det igen. Hvis det ikke er tilf\u00e6ldet, skal du indtaste det \u00f8nskede navn og nummer.<\/p>\n<p>Vasketip: Det anbefales at vaske fodboldtr\u00f8jer i h\u00e5nden. Hvis du vil bruge en vaskemaskine, skal du huske at vende tr\u00f8jen om og derefter vaske den. Og fyld maskinen med koldt vand og brug et sk\u00e5nsomt vaskeprogram for at beskytte farverne mere.<\/p>","protected":false},"excerpt":{"rendered":"<p>Tretji dres Barcelona 2024-25 ima sodobno barvno shemo. Kombinira svetlobni volt z modro za logotipe in aplikacije. Uradno so barve \u201cBarely Volt \/ Old Royal\u201d. Tretji dres Barcelona 2024-2025 je zasnovan s simbolom \u017eenskega spola \u2013 hermafroditom, krogom nad kri\u017eem. Nasveti za nogavice: Majica ne vsebuje nogavic privzeto. \u010ce \u017eelite nogavice, izberite mo\u017enosti nogavic, da [&hellip;]<\/p>","protected":false},"featured_media":18967,"comment_status":"open","ping_status":"closed","template":"","meta":[],"product_brand":[],"product_cat":[73,34],"product_tag":[843,1434,992,191,993,159,991,148,161,147],"class_list":{"0":"post-18965","1":"product","2":"type-product","3":"status-publish","4":"has-post-thumbnail","6":"product_cat-otroski","7":"product_cat-nogometni-dresi-barcelona","8":"product_tag-2024-25-nogometni-dresi","9":"product_tag-ansu-fati-dresi","10":"product_tag-dresi-barcelona-za-otroke","11":"product_tag-nogometni-dresi-kompleti","12":"product_tag-otroski-dresi-barcelona-z-lastnim-imenom","13":"product_tag-otroski-nogometni-dresi","14":"product_tag-otroski-nogometni-dresi-barcelona","15":"product_tag-poceni-nogometni-dresi","16":"product_tag-poceni-nogometni-dresi-barcelona-z-lastnim-imenom-online","17":"product_tag-slovenski-nogometni-dresi","19":"first","20":"instock","21":"shipping-taxable","22":"purchasable","23":"product-type-variable"},"_links":{"self":[{"href":"https:\/\/www.nogometnizaotroke.com\/da\/wp-json\/wp\/v2\/product\/18965","targetHints":{"allow":["GET"]}}],"collection":[{"href":"https:\/\/www.nogometnizaotroke.com\/da\/wp-json\/wp\/v2\/product"}],"about":[{"href":"https:\/\/www.nogometnizaotroke.com\/da\/wp-json\/wp\/v2\/types\/product"}],"replies":[{"embeddable":true,"href":"https:\/\/www.nogometnizaotroke.com\/da\/wp-json\/wp\/v2\/comments?post=18965"}],"wp:featuredmedia":[{"embeddable":true,"href":"https:\/\/www.nogometnizaotroke.com\/da\/wp-json\/wp\/v2\/media\/18967"}],"wp:attachment":[{"href":"https:\/\/www.nogometnizaotroke.com\/da\/wp-json\/wp\/v2\/media?parent=18965"}],"wp:term":[{"taxonomy":"product_brand","embeddable":true,"href":"https:\/\/www.nogometnizaotroke.com\/da\/wp-json\/wp\/v2\/product_brand?post=18965"},{"taxonomy":"product_cat","embeddable":true,"href":"https:\/\/www.nogometnizaotroke.com\/da\/wp-json\/wp\/v2\/product_cat?post=18965"},{"taxonomy":"product_tag","embeddable":true,"href":"https:\/\/www.nogometnizaotroke.com\/da\/wp-json\/wp\/v2\/product_tag?post=18965"}],"curies":[{"name":"wp","href":"https:\/\/api.w.org\/{rel}","templated":true}]}}