{"id":18877,"date":"2024-10-23T13:11:15","date_gmt":"2024-10-23T13:11:15","guid":{"rendered":"https:\/\/www.nogometnionline.com\/?post_type=product&#038;p=18877"},"modified":"2024-12-02T09:28:19","modified_gmt":"2024-12-02T09:28:19","slug":"otroski-nogometni-dresi-kompleti-barcelona-gostujoci-2024-25-robert-lewandowski-9","status":"publish","type":"product","link":"https:\/\/www.nogometnizaotroke.com\/da\/product\/otroski-nogometni-dresi-kompleti-barcelona-gostujoci-2024-25-robert-lewandowski-9\/","title":{"rendered":"B\u00f8rnefodboldtr\u00f8jer S\u00e6t Barcelona Ude 2024-25 Robert Lewandowski 9"},"content":{"rendered":"<p>Udebanetr\u00f8jen til Barcelona 2024-25 vender tilbage i den sorte hovedfarve. Det er klubbens f\u00f8rste sorte tr\u00f8je siden den sorte og gyldne tr\u00f8je i s\u00e6sonen 2020-21. Det sorte udebanes\u00e6t 24-25 fokuserer p\u00e5 klubbens farver. B\u00e5de kraven og sidestriberne er i Blaugranas klubfarver, og det, der g\u00f8r Barcelona 24-25 udebanetr\u00f8jen endnu mere speciel, er Swoosh'en og v\u00e5benskjoldet. Begge er sorte tone-i-tone, omgivet af et r\u00f8dt\/bl\u00e5t overlay.<\/p>\n<p>Tips til sokker: T-shirten indeholder ikke sokker som standard. Hvis du vil have sokker, skal du v\u00e6lge sokkeindstillingerne for at betale for dem.<\/p>\n<p>Udskrivningstip: Hvis navnet og nummeret p\u00e5 billedet er pr\u00e6cis det, du vil have, beh\u00f8ver du ikke at indtaste det igen. Hvis det ikke er tilf\u00e6ldet, skal du indtaste det \u00f8nskede navn og nummer.<\/p>\n<p>Vasketip: Det anbefales at vaske fodboldtr\u00f8jer i h\u00e5nden. Hvis du vil bruge en vaskemaskine, skal du huske at vende tr\u00f8jen om og derefter vaske den. Og fyld maskinen med koldt vand og brug et sk\u00e5nsomt vaskeprogram for at beskytte farverne mere.<\/p>","protected":false},"excerpt":{"rendered":"<p>Gostujo\u010di dresi kompleti Barcelona 2024-25 se vra\u010da v glavno \u010drno barvo. To je prvi \u010drni dres kluba po \u010drno-zlatem dresu v sezoni 2020-21.Pri \u010drnem gostujo\u010dem dresu 24-25 se osredoto\u010da na klubske barve. Tako ovratnik kot stranske \u010drte so v klubskih barvah Blaugrana.Zaradi \u010desar je gostujo\u010di dres Barcelone 24-25 \u0161e bolj poseben, sta Swoosh in grb. [&hellip;]<\/p>","protected":false},"featured_media":18879,"comment_status":"open","ping_status":"closed","template":"","meta":[],"product_brand":[],"product_cat":[73,34],"product_tag":[843,992,191,993,159,991,148,161,1014,147],"class_list":{"0":"post-18877","1":"product","2":"type-product","3":"status-publish","4":"has-post-thumbnail","6":"product_cat-otroski","7":"product_cat-nogometni-dresi-barcelona","8":"product_tag-2024-25-nogometni-dresi","9":"product_tag-dresi-barcelona-za-otroke","10":"product_tag-nogometni-dresi-kompleti","11":"product_tag-otroski-dresi-barcelona-z-lastnim-imenom","12":"product_tag-otroski-nogometni-dresi","13":"product_tag-otroski-nogometni-dresi-barcelona","14":"product_tag-poceni-nogometni-dresi","15":"product_tag-poceni-nogometni-dresi-barcelona-z-lastnim-imenom-online","16":"product_tag-robert-lewandowski-dresi","17":"product_tag-slovenski-nogometni-dresi","19":"first","20":"instock","21":"shipping-taxable","22":"purchasable","23":"product-type-variable"},"_links":{"self":[{"href":"https:\/\/www.nogometnizaotroke.com\/da\/wp-json\/wp\/v2\/product\/18877","targetHints":{"allow":["GET"]}}],"collection":[{"href":"https:\/\/www.nogometnizaotroke.com\/da\/wp-json\/wp\/v2\/product"}],"about":[{"href":"https:\/\/www.nogometnizaotroke.com\/da\/wp-json\/wp\/v2\/types\/product"}],"replies":[{"embeddable":true,"href":"https:\/\/www.nogometnizaotroke.com\/da\/wp-json\/wp\/v2\/comments?post=18877"}],"wp:featuredmedia":[{"embeddable":true,"href":"https:\/\/www.nogometnizaotroke.com\/da\/wp-json\/wp\/v2\/media\/18879"}],"wp:attachment":[{"href":"https:\/\/www.nogometnizaotroke.com\/da\/wp-json\/wp\/v2\/media?parent=18877"}],"wp:term":[{"taxonomy":"product_brand","embeddable":true,"href":"https:\/\/www.nogometnizaotroke.com\/da\/wp-json\/wp\/v2\/product_brand?post=18877"},{"taxonomy":"product_cat","embeddable":true,"href":"https:\/\/www.nogometnizaotroke.com\/da\/wp-json\/wp\/v2\/product_cat?post=18877"},{"taxonomy":"product_tag","embeddable":true,"href":"https:\/\/www.nogometnizaotroke.com\/da\/wp-json\/wp\/v2\/product_tag?post=18877"}],"curies":[{"name":"wp","href":"https:\/\/api.w.org\/{rel}","templated":true}]}}