{"id":18827,"date":"2024-10-23T09:06:55","date_gmt":"2024-10-23T09:06:55","guid":{"rendered":"https:\/\/www.nogometnionline.com\/?post_type=product&#038;p=18827"},"modified":"2024-12-02T09:30:04","modified_gmt":"2024-12-02T09:30:04","slug":"otroske-nogometnih-dresov-barcelona-domaci-2024-25-pedri-gonzalez-8","status":"publish","type":"product","link":"https:\/\/www.nogometnizaotroke.com\/da\/product\/otroske-nogometnih-dresov-barcelona-domaci-2024-25-pedri-gonzalez-8\/","title":{"rendered":"B\u00f8rnefodboldtr\u00f8jer Barcelona Hjem 2024-25 Pedri Gonzalez 8"},"content":{"rendered":"<p>FC Barcelonas hjemmebanetr\u00f8je 2024-25 har en meget lovende farvekombination og design. Barcelona 2024-25-hjemmetr\u00f8jen kombinerer kongebl\u00e5, marinebl\u00e5 og r\u00f8d med guldlogoer, og designm\u00e6ssigt har Barcelona 24-25-hjemmetr\u00f8jen et halv-halv-look i bl\u00e5 og bordeaux. Swoosh- og Spotify-logoerne er i guld, mens v\u00e5benskjoldet er i standardfarver. Manchetterne p\u00e5 kraven og \u00e6rmerne er marinebl\u00e5. Farvekombinationen og designet v\u00e6kker minder om Barcelonas 100-\u00e5rs jubil\u00e6umstr\u00f8je.<\/p>\n<p>Tips til sokker: T-shirten indeholder ikke sokker som standard. Hvis du vil have sokker, skal du v\u00e6lge sokkeindstillingerne for at betale for dem.<\/p>\n<p>Udskrivningstip: Hvis navnet og nummeret p\u00e5 billedet er pr\u00e6cis det, du vil have, beh\u00f8ver du ikke at indtaste det igen. Hvis det ikke er tilf\u00e6ldet, skal du indtaste det \u00f8nskede navn og nummer.<\/p>\n<p>Vasketip: Det anbefales at vaske fodboldtr\u00f8jer i h\u00e5nden. Hvis du vil bruge en vaskemaskine, skal du huske at vende tr\u00f8jen om og derefter vaske den. Og fyld maskinen med koldt vand og brug et sk\u00e5nsomt vaskeprogram for at beskytte farverne mere.<\/p>","protected":false},"excerpt":{"rendered":"<p>Doma\u010di dres FC Barcelona 2024-25 ima zelo obetavno barvno kombinacijo in dizajn. Doma\u010di dres Barcelone 2024-25 zdru\u017euje kraljevsko modro, mornarsko modro in rde\u010do z zlatimi logotipi.Kar zadeva obliko, ima komplet za dom Barcelona 24-25 videz pol in pol v modri in bordo barvi. Logotipa Swoosh in Spotify sta zlata, medtem ko je grb v standardnih [&hellip;]<\/p>","protected":false},"featured_media":18829,"comment_status":"open","ping_status":"closed","template":"","meta":[],"product_brand":[],"product_cat":[73,34],"product_tag":[843,992,191,993,159,991,934,148,161,147],"class_list":{"0":"post-18827","1":"product","2":"type-product","3":"status-publish","4":"has-post-thumbnail","6":"product_cat-otroski","7":"product_cat-nogometni-dresi-barcelona","8":"product_tag-2024-25-nogometni-dresi","9":"product_tag-dresi-barcelona-za-otroke","10":"product_tag-nogometni-dresi-kompleti","11":"product_tag-otroski-dresi-barcelona-z-lastnim-imenom","12":"product_tag-otroski-nogometni-dresi","13":"product_tag-otroski-nogometni-dresi-barcelona","14":"product_tag-pedri-gonzalez-dresi","15":"product_tag-poceni-nogometni-dresi","16":"product_tag-poceni-nogometni-dresi-barcelona-z-lastnim-imenom-online","17":"product_tag-slovenski-nogometni-dresi","19":"first","20":"instock","21":"shipping-taxable","22":"purchasable","23":"product-type-variable"},"_links":{"self":[{"href":"https:\/\/www.nogometnizaotroke.com\/da\/wp-json\/wp\/v2\/product\/18827","targetHints":{"allow":["GET"]}}],"collection":[{"href":"https:\/\/www.nogometnizaotroke.com\/da\/wp-json\/wp\/v2\/product"}],"about":[{"href":"https:\/\/www.nogometnizaotroke.com\/da\/wp-json\/wp\/v2\/types\/product"}],"replies":[{"embeddable":true,"href":"https:\/\/www.nogometnizaotroke.com\/da\/wp-json\/wp\/v2\/comments?post=18827"}],"wp:featuredmedia":[{"embeddable":true,"href":"https:\/\/www.nogometnizaotroke.com\/da\/wp-json\/wp\/v2\/media\/18829"}],"wp:attachment":[{"href":"https:\/\/www.nogometnizaotroke.com\/da\/wp-json\/wp\/v2\/media?parent=18827"}],"wp:term":[{"taxonomy":"product_brand","embeddable":true,"href":"https:\/\/www.nogometnizaotroke.com\/da\/wp-json\/wp\/v2\/product_brand?post=18827"},{"taxonomy":"product_cat","embeddable":true,"href":"https:\/\/www.nogometnizaotroke.com\/da\/wp-json\/wp\/v2\/product_cat?post=18827"},{"taxonomy":"product_tag","embeddable":true,"href":"https:\/\/www.nogometnizaotroke.com\/da\/wp-json\/wp\/v2\/product_tag?post=18827"}],"curies":[{"name":"wp","href":"https:\/\/api.w.org\/{rel}","templated":true}]}}