{"id":18240,"date":"2024-10-10T09:11:58","date_gmt":"2024-10-10T09:11:58","guid":{"rendered":"https:\/\/www.nogometnionline.com\/?post_type=product&#038;p=18240"},"modified":"2024-10-10T09:12:03","modified_gmt":"2024-10-10T09:12:03","slug":"moski-nogometni-dresi-kompleti-manchester-city-domaci-2024-2025-ederson-m-31","status":"publish","type":"product","link":"https:\/\/www.nogometnizaotroke.com\/da\/product\/moski-nogometni-dresi-kompleti-manchester-city-domaci-2024-2025-ederson-m-31\/","title":{"rendered":"Fodboldtr\u00f8jer til m\u00e6nd Manchester City Home Kits 2024-2025 Ederson M. 31"},"content":{"rendered":"<p>Tr\u00f8jen er designet i himmelbl\u00e5, ironisk nok baseret p\u00e5 Man Citys hjemmefarver, og har et nyt design inspireret af '0161'-kaldesignalet, der d\u00e6kker Manchester Citys bymidte. Den himmelbl\u00e5 tr\u00f8je er fremh\u00e6vet med marinebl\u00e5 indsatser og en unik camouflagegrafik i graffitistil, der bruger tallene '0161' omkring kraven og manchetterne p\u00e5 \u00e6rmerne. Manchester City-m\u00e6rket og Puma-logoet er broderet p\u00e5 forsiden af tr\u00f8jen, og sponsorens logo er ogs\u00e5 trykt.<\/p>\n<p>Denne hjemmebanetr\u00f8je er perfekt til alle unge Man City-fans og er ideel til at vise din loyalitet over for holdet. Den har korte \u00e6rmer, en ribbet krave og en standard pasform for optimal komfort. I fodboldspilleren Deans ungdom er denne tr\u00f8je lavet af mindst 95 % genbrugspolyester, har ventilationskanaler i mesh og et karakteristisk Duracell-svedh\u00e5ndteringsmiddel, der holder unge spillere k\u00f8lige og t\u00f8rre.<\/p>\n<p>Tips til sokker: T-shirten indeholder ikke sokker som standard. Hvis du vil have sokker, skal du v\u00e6lge sokkeindstillingerne for at betale for dem.<\/p>\n<p>Udskrivningstip: Hvis navnet og nummeret p\u00e5 billedet er pr\u00e6cis det, du vil have, beh\u00f8ver du ikke at indtaste det igen. Hvis det ikke er tilf\u00e6ldet, skal du indtaste det \u00f8nskede navn og nummer.<\/p>\n<p>Vasketip: Det anbefales at vaske fodboldtr\u00f8jer i h\u00e5nden. Hvis du vil bruge en vaskemaskine, skal du huske at vende tr\u00f8jen om og derefter vaske den. Og fyld maskinen med koldt vand og brug et sk\u00e5nsomt vaskeprogram for at beskytte farverne mere.<\/p>","protected":false},"excerpt":{"rendered":"<p>Ta majica, oblikovana v nebesno modri barvi po ironi\u010dni doma\u010di barvni shemi Man City, ima nov dizajn, ki ga je navdihnila klicna koda \u20180161\u2019, ki pokriva sredi\u0161\u010de Manchester City. Nebe\u0161ko moder dres je poudarjen z mornarskimi vstavki in edinstveno maskirno grafiko v slogu grafitov, ki uporablja \u0161tevilke \u20180161\u2019 okoli ovratnika in man\u0161et na rokavih. Na [&hellip;]<\/p>","protected":false},"featured_media":18242,"comment_status":"open","ping_status":"closed","template":"","meta":[],"product_brand":[],"product_cat":[140,44],"product_tag":[483,883,938,150,153,1176,148,1175,147],"class_list":{"0":"post-18240","1":"product","2":"type-product","3":"status-publish","4":"has-post-thumbnail","6":"product_cat-moski","7":"product_cat-nogometni-dresi-manchester-city","8":"product_tag-dresi-manchester-city-za-otroke","9":"product_tag-manchester-city-dresi-2024","10":"product_tag-manchester-city-z-lastnim-imenom-online","11":"product_tag-moski-nogometni-dresi","12":"product_tag-nogometni-dresi","13":"product_tag-nogometni-dresi-manchester-city-z-lastnim-imenom","14":"product_tag-poceni-nogometni-dresi","15":"product_tag-poceni-nogometni-dresi-manchester-city","16":"product_tag-slovenski-nogometni-dresi","18":"first","19":"instock","20":"shipping-taxable","21":"purchasable","22":"product-type-variable"},"_links":{"self":[{"href":"https:\/\/www.nogometnizaotroke.com\/da\/wp-json\/wp\/v2\/product\/18240","targetHints":{"allow":["GET"]}}],"collection":[{"href":"https:\/\/www.nogometnizaotroke.com\/da\/wp-json\/wp\/v2\/product"}],"about":[{"href":"https:\/\/www.nogometnizaotroke.com\/da\/wp-json\/wp\/v2\/types\/product"}],"replies":[{"embeddable":true,"href":"https:\/\/www.nogometnizaotroke.com\/da\/wp-json\/wp\/v2\/comments?post=18240"}],"wp:featuredmedia":[{"embeddable":true,"href":"https:\/\/www.nogometnizaotroke.com\/da\/wp-json\/wp\/v2\/media\/18242"}],"wp:attachment":[{"href":"https:\/\/www.nogometnizaotroke.com\/da\/wp-json\/wp\/v2\/media?parent=18240"}],"wp:term":[{"taxonomy":"product_brand","embeddable":true,"href":"https:\/\/www.nogometnizaotroke.com\/da\/wp-json\/wp\/v2\/product_brand?post=18240"},{"taxonomy":"product_cat","embeddable":true,"href":"https:\/\/www.nogometnizaotroke.com\/da\/wp-json\/wp\/v2\/product_cat?post=18240"},{"taxonomy":"product_tag","embeddable":true,"href":"https:\/\/www.nogometnizaotroke.com\/da\/wp-json\/wp\/v2\/product_tag?post=18240"}],"curies":[{"name":"wp","href":"https:\/\/api.w.org\/{rel}","templated":true}]}}