{"id":18085,"date":"2024-10-09T08:11:04","date_gmt":"2024-10-09T08:11:04","guid":{"rendered":"https:\/\/www.nogometnionline.com\/?post_type=product&#038;p=18085"},"modified":"2024-10-09T08:11:09","modified_gmt":"2024-10-09T08:11:09","slug":"moski-nogometni-dresi-kompleti-manchester-city-gostujoci-2024-2025-phil-foden-47","status":"publish","type":"product","link":"https:\/\/www.nogometnizaotroke.com\/da\/product\/moski-nogometni-dresi-kompleti-manchester-city-gostujoci-2024-2025-phil-foden-47\/","title":{"rendered":"Fodboldtr\u00f8jer til m\u00e6nd S\u00e6t Manchester City Udebane 2024-2025 Phil Foden 47"},"content":{"rendered":"<p>Nova Gostujo\u010di oprema Manchester City 24-25 je poklon ekipi Manchester City v gosteh 98-99. Je mornarsko modre barve s fluo rumenimi \u010drtami, vmes pa so nebesno modre \u010drte.Na notranji strani ovratnika je posebna oznaka za 30. maj 1999. Na ta dan je Manchester City zmagal v finalu kon\u010dnice druge lige Football League 1999 in napredoval v drugo ligo. Ekipa je nosila znameniti \u010drtasti dres.<\/p>\n<p>Tips til sokker: T-shirten indeholder ikke sokker som standard. Hvis du vil have sokker, skal du v\u00e6lge sokkeindstillingerne for at betale for dem.<\/p>\n<p>Udskrivningstip: Hvis navnet og nummeret p\u00e5 billedet er pr\u00e6cis det, du vil have, beh\u00f8ver du ikke at indtaste det igen. Hvis det ikke er tilf\u00e6ldet, skal du indtaste det \u00f8nskede navn og nummer.<\/p>\n<p>Vasketip: Det anbefales at vaske fodboldtr\u00f8jer i h\u00e5nden. Hvis du vil bruge en vaskemaskine, skal du huske at vende tr\u00f8jen om og derefter vaske den. Og fyld maskinen med koldt vand og brug et sk\u00e5nsomt vaskeprogram for at beskytte farverne mere.<\/p>","protected":false},"excerpt":{"rendered":"<p>Nova Gostujo\u010di oprema Manchester City 24-25 je poklon ekipi Manchester City v gosteh 98-99. Je mornarsko modre barve s fluo rumenimi \u010drtami, vmes pa so nebesno modre \u010drte.Na notranji strani ovratnika je posebna oznaka za 30. maj 1999. Na ta dan je Manchester City zmagal v finalu kon\u010dnice druge lige Football League 1999 in napredoval [&hellip;]<\/p>","protected":false},"featured_media":18087,"comment_status":"open","ping_status":"closed","template":"","meta":[],"product_brand":[],"product_cat":[140,44],"product_tag":[483,883,938,150,153,1176,898,148,1175,147],"class_list":{"0":"post-18085","1":"product","2":"type-product","3":"status-publish","4":"has-post-thumbnail","6":"product_cat-moski","7":"product_cat-nogometni-dresi-manchester-city","8":"product_tag-dresi-manchester-city-za-otroke","9":"product_tag-manchester-city-dresi-2024","10":"product_tag-manchester-city-z-lastnim-imenom-online","11":"product_tag-moski-nogometni-dresi","12":"product_tag-nogometni-dresi","13":"product_tag-nogometni-dresi-manchester-city-z-lastnim-imenom","14":"product_tag-phil-foden-dresi","15":"product_tag-poceni-nogometni-dresi","16":"product_tag-poceni-nogometni-dresi-manchester-city","17":"product_tag-slovenski-nogometni-dresi","19":"first","20":"instock","21":"shipping-taxable","22":"purchasable","23":"product-type-variable"},"_links":{"self":[{"href":"https:\/\/www.nogometnizaotroke.com\/da\/wp-json\/wp\/v2\/product\/18085","targetHints":{"allow":["GET"]}}],"collection":[{"href":"https:\/\/www.nogometnizaotroke.com\/da\/wp-json\/wp\/v2\/product"}],"about":[{"href":"https:\/\/www.nogometnizaotroke.com\/da\/wp-json\/wp\/v2\/types\/product"}],"replies":[{"embeddable":true,"href":"https:\/\/www.nogometnizaotroke.com\/da\/wp-json\/wp\/v2\/comments?post=18085"}],"wp:featuredmedia":[{"embeddable":true,"href":"https:\/\/www.nogometnizaotroke.com\/da\/wp-json\/wp\/v2\/media\/18087"}],"wp:attachment":[{"href":"https:\/\/www.nogometnizaotroke.com\/da\/wp-json\/wp\/v2\/media?parent=18085"}],"wp:term":[{"taxonomy":"product_brand","embeddable":true,"href":"https:\/\/www.nogometnizaotroke.com\/da\/wp-json\/wp\/v2\/product_brand?post=18085"},{"taxonomy":"product_cat","embeddable":true,"href":"https:\/\/www.nogometnizaotroke.com\/da\/wp-json\/wp\/v2\/product_cat?post=18085"},{"taxonomy":"product_tag","embeddable":true,"href":"https:\/\/www.nogometnizaotroke.com\/da\/wp-json\/wp\/v2\/product_tag?post=18085"}],"curies":[{"name":"wp","href":"https:\/\/api.w.org\/{rel}","templated":true}]}}