{"id":17989,"date":"2024-10-06T02:22:53","date_gmt":"2024-10-06T02:22:53","guid":{"rendered":"https:\/\/www.nogometnionline.com\/?post_type=product&#038;p=17989"},"modified":"2025-04-08T08:02:15","modified_gmt":"2025-04-08T08:02:15","slug":"otroski-nogometni-dresi-kompleti-za-otroke-barcelona-tretji-2024-25-zelena","status":"publish","type":"product","link":"https:\/\/www.nogometnizaotroke.com\/da\/product\/otroski-nogometni-dresi-kompleti-za-otroke-barcelona-tretji-2024-25-zelena\/","title":{"rendered":"Otro\u0161ki Nogometni Dresi Kompleti za otroke Barcelona Tretji 2024-25 zelena"},"content":{"rendered":"<p>Das Barcelona 2024-25 dritte Trikot besticht durch ein modernes Farbschema. Es kombiniert ein helles Volt mit Blau f\u00fcr Logos und Applikationen. Offiziell lauten die Farben \u201cBarely Volt \/ Old Royal\u201d.Das Bar\u00e7a 2024-2025 dritte Trikot ist mit einem weiblichen Geschlechtssymbol gestaltet \u2013 ein Zwitter, ein Kreis \u00fcber einem Kreuz.<\/p>\n<p>Tips til sokker: T-shirten indeholder ikke sokker som standard. Hvis du vil have sokker, skal du v\u00e6lge sokkeindstillingerne for at betale for dem.<\/p>\n<p>Udskrivningstip: Hvis navnet og nummeret p\u00e5 billedet er pr\u00e6cis det, du vil have, beh\u00f8ver du ikke at indtaste det igen. Hvis det ikke er tilf\u00e6ldet, skal du indtaste det \u00f8nskede navn og nummer.<\/p>\n<p>Vasketip: Det anbefales at vaske fodboldtr\u00f8jer i h\u00e5nden. Hvis du vil bruge en vaskemaskine, skal du huske at vende tr\u00f8jen om og derefter vaske den. Og fyld maskinen med koldt vand og brug et sk\u00e5nsomt vaskeprogram for at beskytte farverne mere.<\/p>","protected":false},"excerpt":{"rendered":"<p>Das Barcelona 2024-25 dritte Trikot besticht durch ein modernes Farbschema. Es kombiniert ein helles Volt mit Blau f\u00fcr Logos und Applikationen. Offiziell lauten die Farben \u201cBarely Volt \/ Old Royal\u201d.Das Bar\u00e7a 2024-2025 dritte Trikot ist mit einem weiblichen Geschlechtssymbol gestaltet \u2013 ein Zwitter, ein Kreis \u00fcber einem Kreuz. Nasveti za nogavice: Majica ne vsebuje nogavic [&hellip;]<\/p>","protected":false},"featured_media":17991,"comment_status":"open","ping_status":"closed","template":"","meta":[],"product_brand":[],"product_cat":[73,34],"product_tag":[843,153,1053,159,148,1052,161,147],"class_list":{"0":"post-17989","1":"product","2":"type-product","3":"status-publish","4":"has-post-thumbnail","6":"product_cat-otroski","7":"product_cat-nogometni-dresi-barcelona","8":"product_tag-2024-25-nogometni-dresi","9":"product_tag-nogometni-dresi","10":"product_tag-nogometni-dresi-barcelona-z-lastnim-imenom","11":"product_tag-otroski-nogometni-dresi","12":"product_tag-poceni-nogometni-dresi","13":"product_tag-poceni-nogometni-dresi-barcelona","14":"product_tag-poceni-nogometni-dresi-barcelona-z-lastnim-imenom-online","15":"product_tag-slovenski-nogometni-dresi","17":"first","18":"instock","19":"shipping-taxable","20":"purchasable","21":"product-type-variable"},"_links":{"self":[{"href":"https:\/\/www.nogometnizaotroke.com\/da\/wp-json\/wp\/v2\/product\/17989","targetHints":{"allow":["GET"]}}],"collection":[{"href":"https:\/\/www.nogometnizaotroke.com\/da\/wp-json\/wp\/v2\/product"}],"about":[{"href":"https:\/\/www.nogometnizaotroke.com\/da\/wp-json\/wp\/v2\/types\/product"}],"replies":[{"embeddable":true,"href":"https:\/\/www.nogometnizaotroke.com\/da\/wp-json\/wp\/v2\/comments?post=17989"}],"wp:featuredmedia":[{"embeddable":true,"href":"https:\/\/www.nogometnizaotroke.com\/da\/wp-json\/wp\/v2\/media\/17991"}],"wp:attachment":[{"href":"https:\/\/www.nogometnizaotroke.com\/da\/wp-json\/wp\/v2\/media?parent=17989"}],"wp:term":[{"taxonomy":"product_brand","embeddable":true,"href":"https:\/\/www.nogometnizaotroke.com\/da\/wp-json\/wp\/v2\/product_brand?post=17989"},{"taxonomy":"product_cat","embeddable":true,"href":"https:\/\/www.nogometnizaotroke.com\/da\/wp-json\/wp\/v2\/product_cat?post=17989"},{"taxonomy":"product_tag","embeddable":true,"href":"https:\/\/www.nogometnizaotroke.com\/da\/wp-json\/wp\/v2\/product_tag?post=17989"}],"curies":[{"name":"wp","href":"https:\/\/api.w.org\/{rel}","templated":true}]}}