{"id":17865,"date":"2024-10-03T04:09:57","date_gmt":"2024-10-03T04:09:57","guid":{"rendered":"https:\/\/www.nogometnionline.com\/?post_type=product&#038;p=17865"},"modified":"2024-10-03T04:10:01","modified_gmt":"2024-10-03T04:10:01","slug":"moski-nogometni-dresi-komplet-argentina-gostujoci-copa-america-2024-lautaro-martinez-22","status":"publish","type":"product","link":"https:\/\/www.nogometnizaotroke.com\/da\/product\/moski-nogometni-dresi-komplet-argentina-gostujoci-copa-america-2024-lautaro-martinez-22\/","title":{"rendered":"Fodboldtr\u00f8jer til m\u00e6nd S\u00e6t Argentina Ude Copa America 2024 Lautaro Martinez 22"},"content":{"rendered":"<p>Gostujo\u010di dresi Argentina reprezentance 2024 zdru\u017euje kraljevsko modro osnovno barvo z barvami argentinske zastave, belo in nebesno modro. Tri proge so verjetno svetlo modre, grb AFA je nebesno moder in bel.Modra barva dresa za goste Argentina 2024 je podobna barvi kompletov za goste Argentine do poznih 90. let, preden je mornarsko modra postala obi\u010dajna izbira. Dru\u0161tvena zna\u010dka bo dvobarvna, nebe\u0161ko modra in bela.Zaradi \u010desar je gostujo\u010di dres Argentine 2024 edinstven, je detajl, ki obuja spomine na svetovno prvenstvo 2006 \u2013 ob strani je plo\u0161\u010da, podobna ekipnemu duhu, z nebesno modro in belo barvo argentinske zastave.Gostujo\u010di dres Argentine leta 2006 je nosil Messi, ko je debitiral na svetovnem prvenstvu, dres leta 2024 pa je jasen poklon temu dizajnu.<\/p>\n<p>Tips til sokker: T-shirten indeholder ikke sokker som standard. Hvis du vil have sokker, skal du v\u00e6lge sokkeindstillingerne for at betale for dem.<\/p>\n<p>Udskrivningstip: Hvis navnet og nummeret p\u00e5 billedet er pr\u00e6cis det, du vil have, beh\u00f8ver du ikke at indtaste det igen. Hvis det ikke er tilf\u00e6ldet, skal du indtaste det \u00f8nskede navn og nummer.<\/p>\n<p>Vasketip: Det anbefales at vaske fodboldtr\u00f8jer i h\u00e5nden. Hvis du vil bruge en vaskemaskine, skal du huske at vende tr\u00f8jen om og derefter vaske den. Og fyld maskinen med koldt vand og brug et sk\u00e5nsomt vaskeprogram for at beskytte farverne mere.<\/p>","protected":false},"excerpt":{"rendered":"<p>Gostujo\u010di dresi Argentina reprezentance 2024 zdru\u017euje kraljevsko modro osnovno barvo z barvami argentinske zastave, belo in nebesno modro. Tri proge so verjetno svetlo modre, grb AFA je nebesno moder in bel.Modra barva dresa za goste Argentina 2024 je podobna barvi kompletov za goste Argentine do poznih 90. let, preden je mornarsko modra postala obi\u010dajna izbira. [&hellip;]<\/p>","protected":false},"featured_media":17867,"comment_status":"open","ping_status":"closed","template":"","meta":[],"product_brand":[],"product_cat":[140,81],"product_tag":[840,1226,150,153,545,148,147],"class_list":{"0":"post-17865","1":"product","2":"type-product","3":"status-publish","4":"has-post-thumbnail","6":"product_cat-moski","7":"product_cat-dresi-argentina-reprezentance","8":"product_tag-argentina-2024-25-dresi","9":"product_tag-lautaro-martinez-dresi","10":"product_tag-moski-nogometni-dresi","11":"product_tag-nogometni-dresi","12":"product_tag-nogometni-dresi-slovenija","13":"product_tag-poceni-nogometni-dresi","14":"product_tag-slovenski-nogometni-dresi","16":"first","17":"instock","18":"shipping-taxable","19":"purchasable","20":"product-type-variable"},"_links":{"self":[{"href":"https:\/\/www.nogometnizaotroke.com\/da\/wp-json\/wp\/v2\/product\/17865","targetHints":{"allow":["GET"]}}],"collection":[{"href":"https:\/\/www.nogometnizaotroke.com\/da\/wp-json\/wp\/v2\/product"}],"about":[{"href":"https:\/\/www.nogometnizaotroke.com\/da\/wp-json\/wp\/v2\/types\/product"}],"replies":[{"embeddable":true,"href":"https:\/\/www.nogometnizaotroke.com\/da\/wp-json\/wp\/v2\/comments?post=17865"}],"wp:featuredmedia":[{"embeddable":true,"href":"https:\/\/www.nogometnizaotroke.com\/da\/wp-json\/wp\/v2\/media\/17867"}],"wp:attachment":[{"href":"https:\/\/www.nogometnizaotroke.com\/da\/wp-json\/wp\/v2\/media?parent=17865"}],"wp:term":[{"taxonomy":"product_brand","embeddable":true,"href":"https:\/\/www.nogometnizaotroke.com\/da\/wp-json\/wp\/v2\/product_brand?post=17865"},{"taxonomy":"product_cat","embeddable":true,"href":"https:\/\/www.nogometnizaotroke.com\/da\/wp-json\/wp\/v2\/product_cat?post=17865"},{"taxonomy":"product_tag","embeddable":true,"href":"https:\/\/www.nogometnizaotroke.com\/da\/wp-json\/wp\/v2\/product_tag?post=17865"}],"curies":[{"name":"wp","href":"https:\/\/api.w.org\/{rel}","templated":true}]}}