{"id":17470,"date":"2024-09-23T12:18:26","date_gmt":"2024-09-23T12:18:26","guid":{"rendered":"https:\/\/www.nogometnionline.com\/?post_type=product&#038;p=17470"},"modified":"2025-05-09T06:56:39","modified_gmt":"2025-05-09T06:56:39","slug":"otroski-nogometni-dresi-kompleti-real-madrid-domaci-2024-25-rodrygo-goes-11","status":"publish","type":"product","link":"https:\/\/www.nogometnizaotroke.com\/da\/product\/otroski-nogometni-dresi-kompleti-real-madrid-domaci-2024-25-rodrygo-goes-11\/","title":{"rendered":"Fodboldtr\u00f8jer til b\u00f8rn Real Madrid Hjem 2024-25 Rodrygo Goes 11"},"content":{"rendered":"<p>Real Madrid 2024\/25 Home Kit-tr\u00f8jen har en overvejende hvid base med subtile detaljer, der repr\u00e6senterer det reneste hjemmebanedesign, der har prydet Santiago Bernab\u00e9u Stadium i nyere tid. Den lyse hvide tr\u00f8je har v\u00e6ret et kendetegn for klubben i hele dens dekorerede historie, en stil, der er elsket af de trofaste madrilenere og b\u00e5ret af nogle af de st\u00f8rste spillere, der nogensinde har prydet fodboldbanen. Nu, hvor Real Madrid byder velkommen til en ny \u00e6ra med sp\u00e6ndende talenter, vender 2024\/25-designet tilbage til klubbens r\u00f8dder med en minimalistisk \u00e6stetik, der hylder den varige arv og den k\u00e6rlighed, som alle, der er forbundet med klubben, har.<\/p>\n<p>Tips til sokker: T-shirten indeholder ikke sokker som standard. Hvis du vil have sokker, skal du v\u00e6lge sokkeindstillingerne for at betale for dem.<\/p>\n<p>Udskrivningstip: Hvis navnet og nummeret p\u00e5 billedet er pr\u00e6cis det, du vil have, beh\u00f8ver du ikke at indtaste det igen. Hvis det ikke er tilf\u00e6ldet, skal du indtaste det \u00f8nskede navn og nummer.<\/p>\n<p>Vasketip: Det anbefales at vaske fodboldtr\u00f8jer i h\u00e5nden. Hvis du vil bruge en vaskemaskine, skal du huske at vende tr\u00f8jen om og derefter vaske den. Og fyld maskinen med koldt vand og brug et sk\u00e5nsomt vaskeprogram for at beskytte farverne mere.<\/p>","protected":false},"excerpt":{"rendered":"<p>Dres Real Madrid 2024\/25 Doma\u010di Kit se pona\u0161a s prete\u017eno belo osnovo s subtilnimi detajli, ki predstavlja naj\u010distej\u0161i dizajn doma\u010de opreme, ki je krasil stadion Santiago Bernab\u00e9u v zadnjem \u010dasu.Jasno bela majica je bila za\u0161\u010ditni znak kluba skozi celotno okra\u0161eno zgodovino, stil, ki ga obo\u017eujejo verniki Madrid in ga nosijo nekateri najve\u010dji igralci, ki so [&hellip;]<\/p>","protected":false},"featured_media":17472,"comment_status":"open","ping_status":"closed","template":"","meta":[],"product_brand":[],"product_cat":[73,33],"product_tag":[290,837,464,1114,463,220,148,1113,751,1125,147],"class_list":{"0":"post-17470","1":"product","2":"type-product","3":"status-publish","4":"has-post-thumbnail","6":"product_cat-otroski","7":"product_cat-nogometni-dresi-real-madrid","8":"product_tag-dresi-real-madrid-za-otroke","9":"product_tag-dresi-za-nogomet","10":"product_tag-nogometni-dresi-real-madrid-prodaja","11":"product_tag-nogometni-dresi-real-madrid-z-lastnim-imenom","12":"product_tag-nogometni-dresi-real-madrid-z-lastnim-tiskom","13":"product_tag-nogometni-dresi-za-otroke","14":"product_tag-poceni-nogometni-dresi","15":"product_tag-poceni-nogometni-dresi-real-madrid","16":"product_tag-real-madrid-dresi-2024","17":"product_tag-rodrygo-goes-dresi","18":"product_tag-slovenski-nogometni-dresi","20":"first","21":"instock","22":"shipping-taxable","23":"purchasable","24":"product-type-variable"},"_links":{"self":[{"href":"https:\/\/www.nogometnizaotroke.com\/da\/wp-json\/wp\/v2\/product\/17470","targetHints":{"allow":["GET"]}}],"collection":[{"href":"https:\/\/www.nogometnizaotroke.com\/da\/wp-json\/wp\/v2\/product"}],"about":[{"href":"https:\/\/www.nogometnizaotroke.com\/da\/wp-json\/wp\/v2\/types\/product"}],"replies":[{"embeddable":true,"href":"https:\/\/www.nogometnizaotroke.com\/da\/wp-json\/wp\/v2\/comments?post=17470"}],"wp:featuredmedia":[{"embeddable":true,"href":"https:\/\/www.nogometnizaotroke.com\/da\/wp-json\/wp\/v2\/media\/17472"}],"wp:attachment":[{"href":"https:\/\/www.nogometnizaotroke.com\/da\/wp-json\/wp\/v2\/media?parent=17470"}],"wp:term":[{"taxonomy":"product_brand","embeddable":true,"href":"https:\/\/www.nogometnizaotroke.com\/da\/wp-json\/wp\/v2\/product_brand?post=17470"},{"taxonomy":"product_cat","embeddable":true,"href":"https:\/\/www.nogometnizaotroke.com\/da\/wp-json\/wp\/v2\/product_cat?post=17470"},{"taxonomy":"product_tag","embeddable":true,"href":"https:\/\/www.nogometnizaotroke.com\/da\/wp-json\/wp\/v2\/product_tag?post=17470"}],"curies":[{"name":"wp","href":"https:\/\/api.w.org\/{rel}","templated":true}]}}