{"id":17307,"date":"2024-09-16T08:43:41","date_gmt":"2024-09-16T08:43:41","guid":{"rendered":"https:\/\/www.nogometnionline.com\/?post_type=product&#038;p=17307"},"modified":"2024-09-16T08:43:46","modified_gmt":"2024-09-16T08:43:46","slug":"moski-nogometni-dresi-kompleti-liverpool-domaci-2024-25-rdeca-harvey-elliott-19","status":"publish","type":"product","link":"https:\/\/www.nogometnizaotroke.com\/da\/product\/moski-nogometni-dresi-kompleti-liverpool-domaci-2024-25-rdeca-harvey-elliott-19\/","title":{"rendered":"Fodboldtr\u00f8jer, s\u00e6t til m\u00e6nd Liverpool Home 2024-25 Red Harvey Elliott 19"},"content":{"rendered":"<p>Tr\u00f8jen til Liverpool Home Jerseys 2024-25 er en kombination af r\u00f8d, hvid og kromgul. Kroppen er r\u00f8d, logoerne er gule, og hvid bruges til sponsorlogoer og detaljer. Det, der f\u00e5r Liverpools hjemmebanetr\u00f8je 24-25 til at skille sig ud, er designet p\u00e5 forsiden. Den har gule striber, der danner YNWA-designet.<\/p>\n<p>Tips til sokker: T-shirten indeholder ikke sokker som standard. Hvis du vil have sokker, skal du v\u00e6lge sokkeindstillingerne for at betale for dem.<\/p>\n<p>Udskrivningstip: Hvis navnet og nummeret p\u00e5 billedet er pr\u00e6cis det, du vil have, beh\u00f8ver du ikke at indtaste det igen. Hvis det ikke er tilf\u00e6ldet, skal du indtaste det \u00f8nskede navn og nummer.<\/p>\n<p>Vasketip: Det anbefales at vaske fodboldtr\u00f8jer i h\u00e5nden. Hvis du vil bruge en vaskemaskine, skal du huske at vende tr\u00f8jen om og derefter vaske den. Og fyld maskinen med koldt vand og brug et sk\u00e5nsomt vaskeprogram for at beskytte farverne mere.<\/p>","protected":false},"excerpt":{"rendered":"<p>Majica za Liverpool Doma\u010di dresi 2024-25 je kombinacija rde\u010da, Bela in v krom rumeni barvi. Telo je rde\u010de, logotipi so rumeni, bela pa je uporabljena za sponzorske logotipe in podrobnosti.Kar omogo\u010da, da doma\u010di komplet Liverpool 24-25 izstopa, je dizajn na sprednji strani. Ima rumene \u010drte, ki tvorijo dizajn YNWA. Nasveti za nogavice: Majica ne vsebuje [&hellip;]<\/p>","protected":false},"featured_media":17309,"comment_status":"open","ping_status":"closed","template":"","meta":[],"product_brand":[],"product_cat":[140,39],"product_tag":[589,1350,296,150,148,295,147],"class_list":{"0":"post-17307","1":"product","2":"type-product","3":"status-publish","4":"has-post-thumbnail","6":"product_cat-moski","7":"product_cat-nogometni-dresi-liverpool","8":"product_tag-dresi-liverpool-za-moski","9":"product_tag-harvey-elliott-dresi","10":"product_tag-moski-dresi-liverpool-z-lastnim-imenom","11":"product_tag-moski-nogometni-dresi","12":"product_tag-poceni-nogometni-dresi","13":"product_tag-poceni-nogometni-dresi-liverpool-z-lastnim-imenom-online","14":"product_tag-slovenski-nogometni-dresi","16":"first","17":"instock","18":"shipping-taxable","19":"purchasable","20":"product-type-variable"},"_links":{"self":[{"href":"https:\/\/www.nogometnizaotroke.com\/da\/wp-json\/wp\/v2\/product\/17307","targetHints":{"allow":["GET"]}}],"collection":[{"href":"https:\/\/www.nogometnizaotroke.com\/da\/wp-json\/wp\/v2\/product"}],"about":[{"href":"https:\/\/www.nogometnizaotroke.com\/da\/wp-json\/wp\/v2\/types\/product"}],"replies":[{"embeddable":true,"href":"https:\/\/www.nogometnizaotroke.com\/da\/wp-json\/wp\/v2\/comments?post=17307"}],"wp:featuredmedia":[{"embeddable":true,"href":"https:\/\/www.nogometnizaotroke.com\/da\/wp-json\/wp\/v2\/media\/17309"}],"wp:attachment":[{"href":"https:\/\/www.nogometnizaotroke.com\/da\/wp-json\/wp\/v2\/media?parent=17307"}],"wp:term":[{"taxonomy":"product_brand","embeddable":true,"href":"https:\/\/www.nogometnizaotroke.com\/da\/wp-json\/wp\/v2\/product_brand?post=17307"},{"taxonomy":"product_cat","embeddable":true,"href":"https:\/\/www.nogometnizaotroke.com\/da\/wp-json\/wp\/v2\/product_cat?post=17307"},{"taxonomy":"product_tag","embeddable":true,"href":"https:\/\/www.nogometnizaotroke.com\/da\/wp-json\/wp\/v2\/product_tag?post=17307"}],"curies":[{"name":"wp","href":"https:\/\/api.w.org\/{rel}","templated":true}]}}