{"id":17176,"date":"2024-09-12T02:31:26","date_gmt":"2024-09-12T02:31:26","guid":{"rendered":"https:\/\/www.nogometnionline.com\/?post_type=product&#038;p=17176"},"modified":"2024-09-12T02:31:32","modified_gmt":"2024-09-12T02:31:32","slug":"poceni-moski-nogometni-dresi-kompleti-chelsea-gostujoci-2024-25-z-lastnim-tiskom","status":"publish","type":"product","link":"https:\/\/www.nogometnizaotroke.com\/da\/product\/poceni-moski-nogometni-dresi-kompleti-chelsea-gostujoci-2024-25-z-lastnim-tiskom\/","title":{"rendered":"Poceni Mo\u0161ki Nogometni dresi kompleti Chelsea Gostujo\u010di 2024-25 z lastnim tiskom"},"content":{"rendered":"<p>Temaet 'Blue Blame' p\u00e5 denne Chelsea FC 24\/25 hjemmebanetr\u00f8je str\u00e6kker sig til udebanetr\u00f8jen og fremh\u00e6ver klubbens f\u00e6lles ambition, br\u00e6ndende passion og vilje til at f\u00e5 succes. Den markante orange accentfarve symboliserer den ild, der repr\u00e6senterer den kollektive drivkraft hos alle, der er forbundet med Chelsea, b\u00e5de p\u00e5 og uden for banen. Sloganet \"Together, We Burn Blue\" opsummerer denne etos og afspejler det sammenhold og den intensitet, som klubben \u00f8nsker at bringe ind i den nye s\u00e6son.Chelsea 2024\/25 Replacement Shirt har et v\u00e6vet stof i \"guava ice\", en lysere nuance af orange, der introducerer en ren, ungdommelig og trendy \u00e6stetik. Dette farvevalg giver ikke kun et friskt look, men supplerer ogs\u00e5 de mere traditionelle farver, der forbindes med Chelsea. Designet har til form\u00e5l at appellere til b\u00e5de spillere og fans og tilbyder et moderne, men tidl\u00f8st look, der er i tr\u00e5d med de aktuelle modetrends.<\/p>\n<p>Tips til sokker: T-shirten indeholder ikke sokker som standard. Hvis du vil have sokker, skal du v\u00e6lge sokkeindstillingerne for at betale for dem.<\/p>\n<p>Udskrivningstip: Hvis navnet og nummeret p\u00e5 billedet er pr\u00e6cis det, du vil have, beh\u00f8ver du ikke at indtaste det igen. Hvis det ikke er tilf\u00e6ldet, skal du indtaste det \u00f8nskede navn og nummer.<\/p>\n<p>Vasketip: Det anbefales at vaske fodboldtr\u00f8jer i h\u00e5nden. Hvis du vil bruge en vaskemaskine, skal du huske at vende tr\u00f8jen om og derefter vaske den. Og fyld maskinen med koldt vand og brug et sk\u00e5nsomt vaskeprogram for at beskytte farverne mere.<\/p>","protected":false},"excerpt":{"rendered":"<p>Tema \u2018Blue Blame\u2019 iz tega doma\u010dega dresa FC Chelsea 24\/25 se raz\u0161iri na gostujo\u010do majico in poudarja skupno ambicioznost kluba, gore\u010do strast in odlo\u010denost za uspeh. Osupljiva oran\u017ena poudarjena barva simbolizira ogenj, ki predstavlja kolektivni zagon vseh, ki so povezani s Chelseajem, tako na igri\u0161\u010du kot izven njega. Slogan \u00bbTogether, We Burn Blue\u00ab povzema ta [&hellip;]<\/p>","protected":false},"featured_media":17179,"comment_status":"open","ping_status":"closed","template":"","meta":[],"product_brand":[],"product_cat":[140,43],"product_tag":[281,150,282,159,1036,148,647,165,147],"class_list":{"0":"post-17176","1":"product","2":"type-product","3":"status-publish","4":"has-post-thumbnail","6":"product_cat-moski","7":"product_cat-nogometni-dresi-chelsea","8":"product_tag-dresi-chelsea-za-otroke","9":"product_tag-moski-nogometni-dresi","10":"product_tag-otroski-dresi-chelsea-z-lastnim-imenom","11":"product_tag-otroski-nogometni-dresi","12":"product_tag-otroski-nogometni-dresi-chelsea","13":"product_tag-poceni-nogometni-dresi","14":"product_tag-poceni-nogometni-dresi-otroski-z-lastnim-imenom-online","15":"product_tag-poceni-otroski-nogometni-dresi-chelsea-z-lastnim-imenom","16":"product_tag-slovenski-nogometni-dresi","18":"first","19":"instock","20":"shipping-taxable","21":"purchasable","22":"product-type-variable"},"_links":{"self":[{"href":"https:\/\/www.nogometnizaotroke.com\/da\/wp-json\/wp\/v2\/product\/17176","targetHints":{"allow":["GET"]}}],"collection":[{"href":"https:\/\/www.nogometnizaotroke.com\/da\/wp-json\/wp\/v2\/product"}],"about":[{"href":"https:\/\/www.nogometnizaotroke.com\/da\/wp-json\/wp\/v2\/types\/product"}],"replies":[{"embeddable":true,"href":"https:\/\/www.nogometnizaotroke.com\/da\/wp-json\/wp\/v2\/comments?post=17176"}],"wp:featuredmedia":[{"embeddable":true,"href":"https:\/\/www.nogometnizaotroke.com\/da\/wp-json\/wp\/v2\/media\/17179"}],"wp:attachment":[{"href":"https:\/\/www.nogometnizaotroke.com\/da\/wp-json\/wp\/v2\/media?parent=17176"}],"wp:term":[{"taxonomy":"product_brand","embeddable":true,"href":"https:\/\/www.nogometnizaotroke.com\/da\/wp-json\/wp\/v2\/product_brand?post=17176"},{"taxonomy":"product_cat","embeddable":true,"href":"https:\/\/www.nogometnizaotroke.com\/da\/wp-json\/wp\/v2\/product_cat?post=17176"},{"taxonomy":"product_tag","embeddable":true,"href":"https:\/\/www.nogometnizaotroke.com\/da\/wp-json\/wp\/v2\/product_tag?post=17176"}],"curies":[{"name":"wp","href":"https:\/\/api.w.org\/{rel}","templated":true}]}}