{"id":16924,"date":"2024-09-08T06:40:32","date_gmt":"2024-09-08T06:40:32","guid":{"rendered":"https:\/\/www.nogometnionline.com\/?post_type=product&#038;p=16924"},"modified":"2024-09-08T06:40:36","modified_gmt":"2024-09-08T06:40:36","slug":"otroski-nogometni-dresi-kompleti-za-otroke-celtic-domaci-2024-2025","status":"publish","type":"product","link":"https:\/\/www.nogometnizaotroke.com\/da\/product\/otroski-nogometni-dresi-kompleti-za-otroke-celtic-domaci-2024-2025\/","title":{"rendered":"Otro\u0161ki Nogometni Dresi Kompleti za otroke Celtic Doma\u010di 2024-2025"},"content":{"rendered":"<p>Ikoni\u010dna majica Bhoys ohranja tradicionalne klubske zeleno-bele obro\u010de, okra\u0161ene z edinstvenim dizajnom keltskega vozla na ovratniku, ki simbolizira enotnost med igralci in predanimi navija\u010di.Doma\u010di dres za sezono 2024\/25 vklju\u010duje moderen zaobljen vratni izrez z zna\u010dilnimi tremi \u010drtami Footballa v temno zeleni barvi, vidno prikazanimi na ramenih.<\/p>\n<p>Tips til sokker: T-shirten indeholder ikke sokker som standard. Hvis du vil have sokker, skal du v\u00e6lge sokkeindstillingerne for at betale for dem.<\/p>\n<p>Udskrivningstip: Hvis navnet og nummeret p\u00e5 billedet er pr\u00e6cis det, du vil have, beh\u00f8ver du ikke at indtaste det igen. Hvis det ikke er tilf\u00e6ldet, skal du indtaste det \u00f8nskede navn og nummer.<\/p>\n<p>Vasketip: Det anbefales at vaske fodboldtr\u00f8jer i h\u00e5nden. Hvis du vil bruge en vaskemaskine, skal du huske at vende tr\u00f8jen om og derefter vaske den. Og fyld maskinen med koldt vand og brug et sk\u00e5nsomt vaskeprogram for at beskytte farverne mere.<\/p>","protected":false},"excerpt":{"rendered":"<p>Ikoni\u010dna majica Bhoys ohranja tradicionalne klubske zeleno-bele obro\u010de, okra\u0161ene z edinstvenim dizajnom keltskega vozla na ovratniku, ki simbolizira enotnost med igralci in predanimi navija\u010di.Doma\u010di dres za sezono 2024\/25 vklju\u010duje moderen zaobljen vratni izrez z zna\u010dilnimi tremi \u010drtami Footballa v temno zeleni barvi, vidno prikazanimi na ramenih. Nasveti za nogavice: Majica ne vsebuje nogavic privzeto. \u010ce [&hellip;]<\/p>","protected":false},"featured_media":16926,"comment_status":"open","ping_status":"closed","template":"","meta":[],"product_brand":[],"product_cat":[73,69],"product_tag":[1303,153,220,1304,159,1305,148,147],"class_list":{"0":"post-16924","1":"product","2":"type-product","3":"status-publish","4":"has-post-thumbnail","6":"product_cat-otroski","7":"product_cat-nogometni-dresi-celtic","8":"product_tag-dresi-celtic-za-otroke","9":"product_tag-nogometni-dresi","10":"product_tag-nogometni-dresi-za-otroke","11":"product_tag-otroski-dresi-celtic-z-lastnim-imenom","12":"product_tag-otroski-nogometni-dresi","13":"product_tag-otroski-nogometni-dresi-celtic","14":"product_tag-poceni-nogometni-dresi","15":"product_tag-slovenski-nogometni-dresi","17":"first","18":"instock","19":"shipping-taxable","20":"purchasable","21":"product-type-variable"},"_links":{"self":[{"href":"https:\/\/www.nogometnizaotroke.com\/da\/wp-json\/wp\/v2\/product\/16924","targetHints":{"allow":["GET"]}}],"collection":[{"href":"https:\/\/www.nogometnizaotroke.com\/da\/wp-json\/wp\/v2\/product"}],"about":[{"href":"https:\/\/www.nogometnizaotroke.com\/da\/wp-json\/wp\/v2\/types\/product"}],"replies":[{"embeddable":true,"href":"https:\/\/www.nogometnizaotroke.com\/da\/wp-json\/wp\/v2\/comments?post=16924"}],"wp:featuredmedia":[{"embeddable":true,"href":"https:\/\/www.nogometnizaotroke.com\/da\/wp-json\/wp\/v2\/media\/16926"}],"wp:attachment":[{"href":"https:\/\/www.nogometnizaotroke.com\/da\/wp-json\/wp\/v2\/media?parent=16924"}],"wp:term":[{"taxonomy":"product_brand","embeddable":true,"href":"https:\/\/www.nogometnizaotroke.com\/da\/wp-json\/wp\/v2\/product_brand?post=16924"},{"taxonomy":"product_cat","embeddable":true,"href":"https:\/\/www.nogometnizaotroke.com\/da\/wp-json\/wp\/v2\/product_cat?post=16924"},{"taxonomy":"product_tag","embeddable":true,"href":"https:\/\/www.nogometnizaotroke.com\/da\/wp-json\/wp\/v2\/product_tag?post=16924"}],"curies":[{"name":"wp","href":"https:\/\/api.w.org\/{rel}","templated":true}]}}