{"id":16867,"date":"2024-09-06T03:19:44","date_gmt":"2024-09-06T03:19:44","guid":{"rendered":"https:\/\/www.nogometnionline.com\/?post_type=product&#038;p=16867"},"modified":"2024-09-06T03:19:48","modified_gmt":"2024-09-06T03:19:48","slug":"moski-nogometni-dresi-kompleti-euro-2024-italija-gostujoci-bela-z-lastnim-tiskom","status":"publish","type":"product","link":"https:\/\/www.nogometnizaotroke.com\/da\/product\/moski-nogometni-dresi-kompleti-euro-2024-italija-gostujoci-bela-z-lastnim-tiskom\/","title":{"rendered":"Mo\u0161ki Nogometni dresi kompleti Euro 2024 Italija Gostujo\u010di bela z lastnim tiskom"},"content":{"rendered":"<p>Italiens Euro 2024 udebanetr\u00f8je kombinerer en hvid base med bl\u00e5 logoer. Inspireret af Teamgeist 2006 World Cup-tr\u00f8jen har Italiens 2024-udebanetr\u00f8je et trefarvet panel, der danner det italienske flag - gr\u00f8n, hvid og r\u00f8d.<\/p>\n<p>Tips til sokker: T-shirten indeholder ikke sokker som standard. Hvis du vil have sokker, skal du v\u00e6lge sokkeindstillingerne for at betale for dem.<\/p>\n<p>Udskrivningstip: Hvis navnet og nummeret p\u00e5 billedet er pr\u00e6cis det, du vil have, beh\u00f8ver du ikke at indtaste det igen. Hvis det ikke er tilf\u00e6ldet, skal du indtaste det \u00f8nskede navn og nummer.<\/p>\n<p>Vasketip: Det anbefales at vaske fodboldtr\u00f8jer i h\u00e5nden. Hvis du vil bruge en vaskemaskine, skal du huske at vende tr\u00f8jen om og derefter vaske den. Og fyld maskinen med koldt vand og brug et sk\u00e5nsomt vaskeprogram for at beskytte farverne mere.<\/p>","protected":false},"excerpt":{"rendered":"<p>Italija dresi Euro 2024 Gostujo\u010di zdru\u017euje belo osnovo z modrimi logotipi. Gostujo\u010di dres Italije 2024 izstopa po plo\u0161\u010dah na obeh straneh.Navdahnjen z dresom svetovnega pokala Teamgeist 2006 ima majica za goste Italija 2024 tribarvno plo\u0161\u010do, ki tvori italijansko zastavo \u2013 zelena, bela in rde\u010da. Nasveti za nogavice: Majica ne vsebuje nogavic privzeto. \u010ce \u017eelite nogavice, [&hellip;]<\/p>","protected":false},"featured_media":16869,"comment_status":"open","ping_status":"closed","template":"","meta":[],"product_brand":[],"product_cat":[140,87],"product_tag":[802,150,153,148,147],"class_list":{"0":"post-16867","1":"product","2":"type-product","3":"status-publish","4":"has-post-thumbnail","6":"product_cat-moski","7":"product_cat-dresi-italija-reprezentance","8":"product_tag-italija-euro-2024-dresi","9":"product_tag-moski-nogometni-dresi","10":"product_tag-nogometni-dresi","11":"product_tag-poceni-nogometni-dresi","12":"product_tag-slovenski-nogometni-dresi","14":"first","15":"instock","16":"shipping-taxable","17":"purchasable","18":"product-type-variable"},"_links":{"self":[{"href":"https:\/\/www.nogometnizaotroke.com\/da\/wp-json\/wp\/v2\/product\/16867","targetHints":{"allow":["GET"]}}],"collection":[{"href":"https:\/\/www.nogometnizaotroke.com\/da\/wp-json\/wp\/v2\/product"}],"about":[{"href":"https:\/\/www.nogometnizaotroke.com\/da\/wp-json\/wp\/v2\/types\/product"}],"replies":[{"embeddable":true,"href":"https:\/\/www.nogometnizaotroke.com\/da\/wp-json\/wp\/v2\/comments?post=16867"}],"wp:featuredmedia":[{"embeddable":true,"href":"https:\/\/www.nogometnizaotroke.com\/da\/wp-json\/wp\/v2\/media\/16869"}],"wp:attachment":[{"href":"https:\/\/www.nogometnizaotroke.com\/da\/wp-json\/wp\/v2\/media?parent=16867"}],"wp:term":[{"taxonomy":"product_brand","embeddable":true,"href":"https:\/\/www.nogometnizaotroke.com\/da\/wp-json\/wp\/v2\/product_brand?post=16867"},{"taxonomy":"product_cat","embeddable":true,"href":"https:\/\/www.nogometnizaotroke.com\/da\/wp-json\/wp\/v2\/product_cat?post=16867"},{"taxonomy":"product_tag","embeddable":true,"href":"https:\/\/www.nogometnizaotroke.com\/da\/wp-json\/wp\/v2\/product_tag?post=16867"}],"curies":[{"name":"wp","href":"https:\/\/api.w.org\/{rel}","templated":true}]}}