{"id":16591,"date":"2024-08-31T03:44:26","date_gmt":"2024-08-31T03:44:26","guid":{"rendered":"https:\/\/www.nogometnionline.com\/?post_type=product&#038;p=16591"},"modified":"2024-08-31T03:44:30","modified_gmt":"2024-08-31T03:44:30","slug":"moski-nogometni-dresi-west-ham-united-domaci-2024-25-lucas-paqueta-10","status":"publish","type":"product","link":"https:\/\/www.nogometnizaotroke.com\/da\/product\/moski-nogometni-dresi-west-ham-united-domaci-2024-25-lucas-paqueta-10\/","title":{"rendered":"Fodboldtr\u00f8jer til m\u00e6nd West Ham United Home 2024-25 Lucas Paqueta 10"},"content":{"rendered":"<p>Novi dres Umbro West Ham 24-25 je popolna sprememba klubskega dresa Bubble 23-24 in je hkrati eleganten in klasi\u010den.Dizajn doma\u010dega dresa West Ham 24-25 se zgleduje po \u0161estdesetih letih prej\u0161njega stoletja, ko je klub osvojil pokal pokalnih zmagovalcev.Kot obi\u010dajno ima dres Ambro West Ham United 24-25 bordo osnovne barve z nebe\u0161ko modrimi rokavi. Tako ovratnik kot man\u0161ete imajo \u010dudovite vinsko rde\u010de, nebesno modre in bele \u010drte.Doma\u010da majica Umbro West Ham United FC 24-25 ima nov logotip Umbro v beli in nebesno modri barvi na desni strani prsi, medtem ko je zna\u010dka West Ham prikazana na levi strani prsi v prebarvani nebesno modri\/prozorni\/beli razli\u010dici.<\/p>\n<p>Tips til sokker: T-shirten indeholder ikke sokker som standard. Hvis du vil have sokker, skal du v\u00e6lge sokkeindstillingerne for at betale for dem.<\/p>\n<p>Udskrivningstip: Hvis navnet og nummeret p\u00e5 billedet er pr\u00e6cis det, du vil have, beh\u00f8ver du ikke at indtaste det igen. Hvis det ikke er tilf\u00e6ldet, skal du indtaste det \u00f8nskede navn og nummer.<\/p>\n<p>Vasketip: Det anbefales at vaske fodboldtr\u00f8jer i h\u00e5nden. Hvis du vil bruge en vaskemaskine, skal du huske at vende tr\u00f8jen om og derefter vaske den. Og fyld maskinen med koldt vand og brug et sk\u00e5nsomt vaskeprogram for at beskytte farverne mere.<\/p>","protected":false},"excerpt":{"rendered":"<p>Novi dres Umbro West Ham 24-25 je popolna sprememba klubskega dresa Bubble 23-24 in je hkrati eleganten in klasi\u010den.Dizajn doma\u010dega dresa West Ham 24-25 se zgleduje po \u0161estdesetih letih prej\u0161njega stoletja, ko je klub osvojil pokal pokalnih zmagovalcev.Kot obi\u010dajno ima dres Ambro West Ham United 24-25 bordo osnovne barve z nebe\u0161ko modrimi rokavi. Tako ovratnik [&hellip;]<\/p>","protected":false},"featured_media":16593,"comment_status":"open","ping_status":"closed","template":"","meta":[],"product_brand":[],"product_cat":[140,53],"product_tag":[1241,150,153,1239,220,148,1238,147],"class_list":{"0":"post-16591","1":"product","2":"type-product","3":"status-publish","4":"has-post-thumbnail","6":"product_cat-moski","7":"product_cat-nogometni-dresi-west-ham-united","8":"product_tag-lucas-paqueta-dresi","9":"product_tag-moski-nogometni-dresi","10":"product_tag-nogometni-dresi","11":"product_tag-nogometni-dresi-west-ham-united-z-lastnim-imenom","12":"product_tag-nogometni-dresi-za-otroke","13":"product_tag-poceni-nogometni-dresi","14":"product_tag-poceni-nogometni-dresi-west-ham-united","15":"product_tag-slovenski-nogometni-dresi","17":"first","18":"instock","19":"shipping-taxable","20":"purchasable","21":"product-type-variable"},"_links":{"self":[{"href":"https:\/\/www.nogometnizaotroke.com\/da\/wp-json\/wp\/v2\/product\/16591","targetHints":{"allow":["GET"]}}],"collection":[{"href":"https:\/\/www.nogometnizaotroke.com\/da\/wp-json\/wp\/v2\/product"}],"about":[{"href":"https:\/\/www.nogometnizaotroke.com\/da\/wp-json\/wp\/v2\/types\/product"}],"replies":[{"embeddable":true,"href":"https:\/\/www.nogometnizaotroke.com\/da\/wp-json\/wp\/v2\/comments?post=16591"}],"wp:featuredmedia":[{"embeddable":true,"href":"https:\/\/www.nogometnizaotroke.com\/da\/wp-json\/wp\/v2\/media\/16593"}],"wp:attachment":[{"href":"https:\/\/www.nogometnizaotroke.com\/da\/wp-json\/wp\/v2\/media?parent=16591"}],"wp:term":[{"taxonomy":"product_brand","embeddable":true,"href":"https:\/\/www.nogometnizaotroke.com\/da\/wp-json\/wp\/v2\/product_brand?post=16591"},{"taxonomy":"product_cat","embeddable":true,"href":"https:\/\/www.nogometnizaotroke.com\/da\/wp-json\/wp\/v2\/product_cat?post=16591"},{"taxonomy":"product_tag","embeddable":true,"href":"https:\/\/www.nogometnizaotroke.com\/da\/wp-json\/wp\/v2\/product_tag?post=16591"}],"curies":[{"name":"wp","href":"https:\/\/api.w.org\/{rel}","templated":true}]}}