{"id":16341,"date":"2024-08-24T14:17:34","date_gmt":"2024-08-24T14:17:34","guid":{"rendered":"https:\/\/www.nogometnionline.com\/?post_type=product&#038;p=16341"},"modified":"2024-08-24T14:17:39","modified_gmt":"2024-08-24T14:17:39","slug":"poceni-nogometni-dresi-atletico-madrid-domaci-2024-25-nahuel-molina-16","status":"publish","type":"product","link":"https:\/\/www.nogometnizaotroke.com\/da\/product\/poceni-nogometni-dresi-atletico-madrid-domaci-2024-25-nahuel-molina-16\/","title":{"rendered":"Poceni Nogometni dresi Atletico Madrid Doma\u010di 2024-25 Nahuel Molina 16"},"content":{"rendered":"<p>Den nye Atl\u00e9tico de Madrid 2024-25-fodboldtr\u00f8je har en unik fortolkning af klubbens klassiske r\u00f8de og hvide striber. Atl\u00e9tico Madrid 24-25-tr\u00f8jen er hovedsageligt r\u00f8d med unikke hvide striber og en bl\u00e5 kant p\u00e5 ydersiden. Inde i striberne skaber skiftevis bl\u00e5 og r\u00f8de striber med en falmende effekt et unikt look.<\/p>\n<p>Atleti 24-2025 hjemmebanetr\u00f8jen har et kongebl\u00e5t logo med en hvid kant. Det ikoniske Atl\u00e9tico-logo vender tilbage til Atl\u00e9tico Madrid 24-25-hjemmebanetr\u00f8jen, efter at medlemmerne stemte for, at det skulle vende tilbage. Den har ogs\u00e5 den gule kant fra det gamle v\u00e5benskjold.<\/p>\n<p>Tips til sokker: T-shirten indeholder ikke sokker som standard. Hvis du vil have sokker, skal du v\u00e6lge sokkeindstillingerne for at betale for dem.<\/p>\n<p>Udskrivningstip: Hvis navnet og nummeret p\u00e5 billedet er pr\u00e6cis det, du vil have, beh\u00f8ver du ikke at indtaste det igen. Hvis det ikke er tilf\u00e6ldet, skal du indtaste det \u00f8nskede navn og nummer.<\/p>\n<p>Vasketip: Det anbefales at vaske fodboldtr\u00f8jer i h\u00e5nden. Hvis du vil bruge en vaskemaskine, skal du huske at vende tr\u00f8jen om og derefter vaske den. Og fyld maskinen med koldt vand og brug et sk\u00e5nsomt vaskeprogram for at beskytte farverne mere.<\/p>","protected":false},"excerpt":{"rendered":"<p>Novi nogometni dres Atl\u00e9tico de Madrid 2024-25 ima edinstven pogled na klasi\u010dne rde\u010de-bele \u010drte kluba. Dres Atl\u00e9tico Madrid 24-25 je ve\u010dinoma rde\u010d z edinstvenimi belimi \u010drtami in modro obrobo na zunanji strani. Znotraj \u010drt se izmenjujejo modre in rde\u010de \u010drte z u\u010dinkom bledenja, ki ustvarjajo edinstven videz. Majica za doma\u010di nogomet Atleti 24-2025 ima kraljevsko [&hellip;]<\/p>","protected":false},"featured_media":16343,"comment_status":"open","ping_status":"closed","template":"","meta":[],"product_brand":[],"product_cat":[140,41],"product_tag":[150,1203,514,1201,513,148,1200,193,147],"class_list":{"0":"post-16341","1":"product","2":"type-product","3":"status-publish","4":"has-post-thumbnail","6":"product_cat-moski","7":"product_cat-nogometni-dresi-atletico-madrid","8":"product_tag-moski-nogometni-dresi","9":"product_tag-nahuel-molina-dresi","10":"product_tag-nogometni-dresi-atletico-madrid-prodaja","11":"product_tag-nogometni-dresi-atletico-madrid-z-lastnim-imenom","12":"product_tag-nogometni-dresi-atletico-madrid-z-lastnim-tiskom","13":"product_tag-poceni-nogometni-dresi","14":"product_tag-poceni-nogometni-dresi-atletico-madrid","15":"product_tag-poceni-nogometni-dresi-atletico-madrid-z-lastnim-imenom-online","16":"product_tag-slovenski-nogometni-dresi","18":"first","19":"instock","20":"shipping-taxable","21":"purchasable","22":"product-type-variable"},"_links":{"self":[{"href":"https:\/\/www.nogometnizaotroke.com\/da\/wp-json\/wp\/v2\/product\/16341","targetHints":{"allow":["GET"]}}],"collection":[{"href":"https:\/\/www.nogometnizaotroke.com\/da\/wp-json\/wp\/v2\/product"}],"about":[{"href":"https:\/\/www.nogometnizaotroke.com\/da\/wp-json\/wp\/v2\/types\/product"}],"replies":[{"embeddable":true,"href":"https:\/\/www.nogometnizaotroke.com\/da\/wp-json\/wp\/v2\/comments?post=16341"}],"wp:featuredmedia":[{"embeddable":true,"href":"https:\/\/www.nogometnizaotroke.com\/da\/wp-json\/wp\/v2\/media\/16343"}],"wp:attachment":[{"href":"https:\/\/www.nogometnizaotroke.com\/da\/wp-json\/wp\/v2\/media?parent=16341"}],"wp:term":[{"taxonomy":"product_brand","embeddable":true,"href":"https:\/\/www.nogometnizaotroke.com\/da\/wp-json\/wp\/v2\/product_brand?post=16341"},{"taxonomy":"product_cat","embeddable":true,"href":"https:\/\/www.nogometnizaotroke.com\/da\/wp-json\/wp\/v2\/product_cat?post=16341"},{"taxonomy":"product_tag","embeddable":true,"href":"https:\/\/www.nogometnizaotroke.com\/da\/wp-json\/wp\/v2\/product_tag?post=16341"}],"curies":[{"name":"wp","href":"https:\/\/api.w.org\/{rel}","templated":true}]}}