{"id":16125,"date":"2024-08-20T04:10:42","date_gmt":"2024-08-20T04:10:42","guid":{"rendered":"https:\/\/www.nogometnionline.com\/?post_type=product&#038;p=16125"},"modified":"2024-08-20T04:10:48","modified_gmt":"2024-08-20T04:10:48","slug":"originalni-moski-nogometni-dresi-kompleti-spanija-gostujoci-euro-2024-david-raya-1","status":"publish","type":"product","link":"https:\/\/www.nogometnizaotroke.com\/da\/product\/originalni-moski-nogometni-dresi-kompleti-spanija-gostujoci-euro-2024-david-raya-1\/","title":{"rendered":"Originale Herre Fodboldtr\u00f8jer S\u00e6t Spanien Ude EM 2024 David Raya 1"},"content":{"rendered":"<p>Spaniens EM 2024-udebanetr\u00f8je har en frisk og sl\u00e5ende farvekombination. Den er for det meste lys neongul, m\u00e5ske inspireret af landets sandklitter. Det unikke ved Spaniens EM 2024-udebanes\u00e6t er panelerne - de lysebl\u00e5 paneler har en grafik af en sandklit.<\/p>\n<p>Tips til sokker: T-shirten indeholder ikke sokker som standard. Hvis du vil have sokker, skal du v\u00e6lge sokkeindstillingerne for at betale for dem.<\/p>\n<p>Udskrivningstip: Hvis navnet og nummeret p\u00e5 billedet er pr\u00e6cis det, du vil have, beh\u00f8ver du ikke at indtaste det igen. Hvis det ikke er tilf\u00e6ldet, skal du indtaste det \u00f8nskede navn og nummer.<\/p>\n<p>Vasketip: Det anbefales at vaske fodboldtr\u00f8jer i h\u00e5nden. Hvis du vil bruge en vaskemaskine, skal du huske at vende tr\u00f8jen om og derefter vaske den. Og fyld maskinen med koldt vand og brug et sk\u00e5nsomt vaskeprogram for at beskytte farverne mere.<\/p>","protected":false},"excerpt":{"rendered":"<p>\u0160panija Gostujo\u010di Euro 2024 dresi ima sve\u017eo in osupljivo barvno kombinacijo. Ve\u010dinoma je bledo neonsko rumena, ki jo morda navdihujejo pe\u0161\u010dene sipine v dr\u017eavi. Uradno je ime barve nogometnega dresa za gostovanje v \u0160paniji 2024 \u201cPulse Yellow.\u201dEdinstvena zna\u010dilnost gostujo\u010dega kompleta \u0161panskega Euro 2024 je na plo\u0161\u010dah \u2013 svetlo modre plo\u0161\u010de imajo grafiko pe\u0161\u010dene sipine. Nasveti [&hellip;]<\/p>","protected":false},"featured_media":16127,"comment_status":"open","ping_status":"closed","template":"","meta":[],"product_brand":[],"product_cat":[778,140,85],"product_tag":[150,153,940,148,939,147,784],"class_list":{"0":"post-16125","1":"product","2":"type-product","3":"status-publish","4":"has-post-thumbnail","6":"product_cat-euro-2024","7":"product_cat-moski","8":"product_cat-dresi-spanija-reprezentance","9":"product_tag-moski-nogometni-dresi","10":"product_tag-nogometni-dresi","11":"product_tag-nogometni-dresi-spanija-z-lastnim-imenom","12":"product_tag-poceni-nogometni-dresi","13":"product_tag-poceni-nogometni-dresi-spanija","14":"product_tag-slovenski-nogometni-dresi","15":"product_tag-spanija-euro-2024-dresi","17":"first","18":"instock","19":"shipping-taxable","20":"purchasable","21":"product-type-variable"},"_links":{"self":[{"href":"https:\/\/www.nogometnizaotroke.com\/da\/wp-json\/wp\/v2\/product\/16125","targetHints":{"allow":["GET"]}}],"collection":[{"href":"https:\/\/www.nogometnizaotroke.com\/da\/wp-json\/wp\/v2\/product"}],"about":[{"href":"https:\/\/www.nogometnizaotroke.com\/da\/wp-json\/wp\/v2\/types\/product"}],"replies":[{"embeddable":true,"href":"https:\/\/www.nogometnizaotroke.com\/da\/wp-json\/wp\/v2\/comments?post=16125"}],"wp:featuredmedia":[{"embeddable":true,"href":"https:\/\/www.nogometnizaotroke.com\/da\/wp-json\/wp\/v2\/media\/16127"}],"wp:attachment":[{"href":"https:\/\/www.nogometnizaotroke.com\/da\/wp-json\/wp\/v2\/media?parent=16125"}],"wp:term":[{"taxonomy":"product_brand","embeddable":true,"href":"https:\/\/www.nogometnizaotroke.com\/da\/wp-json\/wp\/v2\/product_brand?post=16125"},{"taxonomy":"product_cat","embeddable":true,"href":"https:\/\/www.nogometnizaotroke.com\/da\/wp-json\/wp\/v2\/product_cat?post=16125"},{"taxonomy":"product_tag","embeddable":true,"href":"https:\/\/www.nogometnizaotroke.com\/da\/wp-json\/wp\/v2\/product_tag?post=16125"}],"curies":[{"name":"wp","href":"https:\/\/api.w.org\/{rel}","templated":true}]}}