{"id":15545,"date":"2024-08-12T08:16:59","date_gmt":"2024-08-12T08:16:59","guid":{"rendered":"https:\/\/www.nogometnionline.com\/?post_type=product&#038;p=15545"},"modified":"2024-08-12T08:17:04","modified_gmt":"2024-08-12T08:17:04","slug":"veleprodaja-poceni-moske-nogometnih-dresov-real-madrid-gostujoci-2024-25-david-alaba-4","status":"publish","type":"product","link":"https:\/\/www.nogometnizaotroke.com\/da\/product\/veleprodaja-poceni-moske-nogometnih-dresov-real-madrid-gostujoci-2024-25-david-alaba-4\/","title":{"rendered":"Veleprodaja Poceni Mo\u0161ke Nogometnih Dresov Real Madrid Gostujo\u010di 2024-25 David Alaba 4"},"content":{"rendered":"<p>Real Madrid Away 2024-25 er inspireret af stjernerne p\u00e5 himlen, n\u00e5r de er p\u00e5 udebane; det forbinder altid klubben med Antigon Barnaby. Den orange tr\u00f8je har en abstrakt astral grafik i hele s\u00e6ttet, med nuancer af skinnende bl\u00e5, metallisk sort og marinebl\u00e5 - is\u00e6r p\u00e5 kraven. Et s\u00e6t, der forbinder Madrid med hjemmet.<\/p>\n<p>Tips til sokker: T-shirten indeholder ikke sokker som standard. Hvis du vil have sokker, skal du v\u00e6lge sokkeindstillingerne for at betale for dem.<\/p>\n<p>Udskrivningstip: Hvis navnet og nummeret p\u00e5 billedet er pr\u00e6cis det, du vil have, beh\u00f8ver du ikke at indtaste det igen. Hvis det ikke er tilf\u00e6ldet, skal du indtaste det \u00f8nskede navn og nummer.<\/p>\n<p>Vasketip: Det anbefales at vaske fodboldtr\u00f8jer i h\u00e5nden. Hvis du vil bruge en vaskemaskine, skal du huske at vende tr\u00f8jen om og derefter vaske den. Og fyld maskinen med koldt vand og brug et sk\u00e5nsomt vaskeprogram for at beskytte farverne mere.<\/p>","protected":false},"excerpt":{"rendered":"<p>Real Madrid Gostujo\u010di 2024-25 je navdihnjena z zvezdami na nebu med dnevi gostovanj; vedno povezuje klub s Antigon Barnabyjem. Oran\u017ena majica ima abstraktno astralno grafiko po celotnem kompletu, z odtenki svetle\u010de modre, \u010drno-modre kovinske in no\u010dne mornarske barve, ki so predstavljeni po vsem \u2013 predvsem na ovratniku. Komplet, ki povezuje Madrid iste z domom. Nasveti [&hellip;]<\/p>","protected":false},"featured_media":15547,"comment_status":"open","ping_status":"closed","template":"","meta":[],"product_brand":[],"product_cat":[140,33],"product_tag":[868,290,837,464,1114,463,148,1113,751,147],"class_list":{"0":"post-15545","1":"product","2":"type-product","3":"status-publish","4":"has-post-thumbnail","6":"product_cat-moski","7":"product_cat-nogometni-dresi-real-madrid","8":"product_tag-david-alaba-dresi","9":"product_tag-dresi-real-madrid-za-otroke","10":"product_tag-dresi-za-nogomet","11":"product_tag-nogometni-dresi-real-madrid-prodaja","12":"product_tag-nogometni-dresi-real-madrid-z-lastnim-imenom","13":"product_tag-nogometni-dresi-real-madrid-z-lastnim-tiskom","14":"product_tag-poceni-nogometni-dresi","15":"product_tag-poceni-nogometni-dresi-real-madrid","16":"product_tag-real-madrid-dresi-2024","17":"product_tag-slovenski-nogometni-dresi","19":"first","20":"instock","21":"shipping-taxable","22":"purchasable","23":"product-type-variable"},"_links":{"self":[{"href":"https:\/\/www.nogometnizaotroke.com\/da\/wp-json\/wp\/v2\/product\/15545","targetHints":{"allow":["GET"]}}],"collection":[{"href":"https:\/\/www.nogometnizaotroke.com\/da\/wp-json\/wp\/v2\/product"}],"about":[{"href":"https:\/\/www.nogometnizaotroke.com\/da\/wp-json\/wp\/v2\/types\/product"}],"replies":[{"embeddable":true,"href":"https:\/\/www.nogometnizaotroke.com\/da\/wp-json\/wp\/v2\/comments?post=15545"}],"wp:featuredmedia":[{"embeddable":true,"href":"https:\/\/www.nogometnizaotroke.com\/da\/wp-json\/wp\/v2\/media\/15547"}],"wp:attachment":[{"href":"https:\/\/www.nogometnizaotroke.com\/da\/wp-json\/wp\/v2\/media?parent=15545"}],"wp:term":[{"taxonomy":"product_brand","embeddable":true,"href":"https:\/\/www.nogometnizaotroke.com\/da\/wp-json\/wp\/v2\/product_brand?post=15545"},{"taxonomy":"product_cat","embeddable":true,"href":"https:\/\/www.nogometnizaotroke.com\/da\/wp-json\/wp\/v2\/product_cat?post=15545"},{"taxonomy":"product_tag","embeddable":true,"href":"https:\/\/www.nogometnizaotroke.com\/da\/wp-json\/wp\/v2\/product_tag?post=15545"}],"curies":[{"name":"wp","href":"https:\/\/api.w.org\/{rel}","templated":true}]}}