{"id":15499,"date":"2024-08-11T09:06:29","date_gmt":"2024-08-11T09:06:29","guid":{"rendered":"https:\/\/www.nogometnionline.com\/?post_type=product&#038;p=15499"},"modified":"2024-08-11T09:06:34","modified_gmt":"2024-08-11T09:06:34","slug":"moski-nogometni-dresi-brazilija-gostujoci-copa-america-2024-vinicius-junior-7","status":"publish","type":"product","link":"https:\/\/www.nogometnizaotroke.com\/da\/product\/moski-nogometni-dresi-brazilija-gostujoci-copa-america-2024-vinicius-junior-7\/","title":{"rendered":"Fodboldtr\u00f8jer til m\u00e6nd Brasilien Ude Copa America 2024 Vinicius Junior 7"},"content":{"rendered":"<p>Brasilien er v\u00e6rt for Copa America 2024, og den har et all-over print inspireret af den lokale natur og tekstiler. For f\u00f8rste gang siden 2004 er CBF's v\u00e5benskjold placeret i midten af tr\u00f8jen. P\u00e5 bagsiden af tr\u00f8jen st\u00e5r spillernes navne i en ny skrifttype, der er inspireret af brasiliansk kunst og design.<\/p>\n<p>Tips til sokker: T-shirten indeholder ikke sokker som standard. Hvis du vil have sokker, skal du v\u00e6lge sokkeindstillingerne for at betale for dem.<\/p>\n<p>Udskrivningstip: Hvis navnet og nummeret p\u00e5 billedet er pr\u00e6cis det, du vil have, beh\u00f8ver du ikke at indtaste det igen. Hvis det ikke er tilf\u00e6ldet, skal du indtaste det \u00f8nskede navn og nummer.<\/p>\n<p>Vasketip: Det anbefales at vaske fodboldtr\u00f8jer i h\u00e5nden. Hvis du vil bruge en vaskemaskine, skal du huske at vende tr\u00f8jen om og derefter vaske den. Og fyld maskinen med koldt vand og brug et sk\u00e5nsomt vaskeprogram for at beskytte farverne mere.<\/p>","protected":false},"excerpt":{"rendered":"<p>Brazilija Gostujo\u010di Copa America 2024 je opremljena s potiskom po vsej povr\u0161ini, ki ga navdihujeta lokalna narava in tekstil. Grb CBF je prvi\u010d po letu 2004 na sredini dresa. Na zadnji strani majice so prikazana imena igralcev v novi pisavi, na katero je vplivala brazilska umetnost in oblikovanje. Nasveti za nogavice: Majica ne vsebuje nogavic [&hellip;]<\/p>","protected":false},"featured_media":15501,"comment_status":"open","ping_status":"closed","template":"","meta":[],"product_brand":[],"product_cat":[140,82],"product_tag":[806,150,153,1122,1126,148,1121,1112,147,1115],"class_list":{"0":"post-15499","1":"product","2":"type-product","3":"status-publish","4":"has-post-thumbnail","6":"product_cat-moski","7":"product_cat-dresi-brazilija-reprezentance","8":"product_tag-brazilija-copa-america-2024-dresi","9":"product_tag-moski-nogometni-dresi","10":"product_tag-nogometni-dresi","11":"product_tag-nogometni-dresi-brazilija-z-lastnim-imenom","12":"product_tag-otroske-nogometni-dresi-vinicius-junior","13":"product_tag-poceni-nogometni-dresi","14":"product_tag-poceni-nogometni-dresi-brazilija","15":"product_tag-poceni-nogometni-dresi-vinicius-junior","16":"product_tag-slovenski-nogometni-dresi","17":"product_tag-vinicius-junior-dresi","19":"first","20":"instock","21":"shipping-taxable","22":"purchasable","23":"product-type-variable"},"_links":{"self":[{"href":"https:\/\/www.nogometnizaotroke.com\/da\/wp-json\/wp\/v2\/product\/15499","targetHints":{"allow":["GET"]}}],"collection":[{"href":"https:\/\/www.nogometnizaotroke.com\/da\/wp-json\/wp\/v2\/product"}],"about":[{"href":"https:\/\/www.nogometnizaotroke.com\/da\/wp-json\/wp\/v2\/types\/product"}],"replies":[{"embeddable":true,"href":"https:\/\/www.nogometnizaotroke.com\/da\/wp-json\/wp\/v2\/comments?post=15499"}],"wp:featuredmedia":[{"embeddable":true,"href":"https:\/\/www.nogometnizaotroke.com\/da\/wp-json\/wp\/v2\/media\/15501"}],"wp:attachment":[{"href":"https:\/\/www.nogometnizaotroke.com\/da\/wp-json\/wp\/v2\/media?parent=15499"}],"wp:term":[{"taxonomy":"product_brand","embeddable":true,"href":"https:\/\/www.nogometnizaotroke.com\/da\/wp-json\/wp\/v2\/product_brand?post=15499"},{"taxonomy":"product_cat","embeddable":true,"href":"https:\/\/www.nogometnizaotroke.com\/da\/wp-json\/wp\/v2\/product_cat?post=15499"},{"taxonomy":"product_tag","embeddable":true,"href":"https:\/\/www.nogometnizaotroke.com\/da\/wp-json\/wp\/v2\/product_tag?post=15499"}],"curies":[{"name":"wp","href":"https:\/\/api.w.org\/{rel}","templated":true}]}}