{"id":15348,"date":"2024-08-05T07:02:07","date_gmt":"2024-08-05T07:02:07","guid":{"rendered":"https:\/\/www.nogometnionline.com\/?post_type=product&#038;p=15348"},"modified":"2024-08-05T07:02:12","modified_gmt":"2024-08-05T07:02:12","slug":"nakup-otroski-nogometni-dresi-benfica-domaci-2024-25-rdeca-bela","status":"publish","type":"product","link":"https:\/\/www.nogometnizaotroke.com\/da\/product\/nakup-otroski-nogometni-dresi-benfica-domaci-2024-25-rdeca-bela\/","title":{"rendered":"Nakup Otro\u0161ki Nogometni dresi Benfica Doma\u010di 2024-25 rde\u010da bela"},"content":{"rendered":"<p>Novi dres se poklanja bogati zgodovini kluba z vklju\u010ditvijo klasi\u010dne nogometne majice z Izrezom. Dizajn, ki ga navdihuje doma\u010di dres, ki so ga nosili v sezoni 1974\/75, ko je Benfica osvojila naslov v Primera Liga, vzbuja ob\u010dutek nostalgije.SL Benfica se je poglobila v korenine klubske dedi\u0161\u010dine, da bi razvila dres z zna\u010dilnim belim V-izrezom in grafiko, ki posnema \u010drko V.Srajca prikazuje \u017eivahen vzorec v rde\u010dih odtenkih, okra\u0161en s tonskimi V oblikami na sprednji strani. Novi logotip je izvezen na desni strani prsnega ko\u0161a, medtem ko je ikoni\u010dni emblem SL Benfice, okra\u0161en s tremi zvezdicami, ki predstavljajo vsakih deset osvojenih prvenstev kluba, name\u0161\u010den na levi strani.<\/p>\n<p>Tips til sokker: T-shirten indeholder ikke sokker som standard. Hvis du vil have sokker, skal du v\u00e6lge sokkeindstillingerne for at betale for dem.<\/p>\n<p>Udskrivningstip: Hvis navnet og nummeret p\u00e5 billedet er pr\u00e6cis det, du vil have, beh\u00f8ver du ikke at indtaste det igen. Hvis det ikke er tilf\u00e6ldet, skal du indtaste det \u00f8nskede navn og nummer.<\/p>\n<p>Vasketip: Det anbefales at vaske fodboldtr\u00f8jer i h\u00e5nden. Hvis du vil bruge en vaskemaskine, skal du huske at vende tr\u00f8jen om og derefter vaske den. Og fyld maskinen med koldt vand og brug et sk\u00e5nsomt vaskeprogram for at beskytte farverne mere.<\/p>","protected":false},"excerpt":{"rendered":"<p>Novi dres se poklanja bogati zgodovini kluba z vklju\u010ditvijo klasi\u010dne nogometne majice z Izrezom. Dizajn, ki ga navdihuje doma\u010di dres, ki so ga nosili v sezoni 1974\/75, ko je Benfica osvojila naslov v Primera Liga, vzbuja ob\u010dutek nostalgije.SL Benfica se je poglobila v korenine klubske dedi\u0161\u010dine, da bi razvila dres z zna\u010dilnim belim V-izrezom in [&hellip;]<\/p>","protected":false},"featured_media":15350,"comment_status":"open","ping_status":"closed","template":"","meta":[],"product_brand":[],"product_cat":[73,70],"product_tag":[524,526,1089,159,1088,525,148,147],"class_list":{"0":"post-15348","1":"product","2":"type-product","3":"status-publish","4":"has-post-thumbnail","6":"product_cat-otroski","7":"product_cat-nogometni-dresi-benfica","8":"product_tag-dresi-benfica-za-otroke","9":"product_tag-nogometni-dresi-benfica-za-otroke-z-lastnim-tiskom","10":"product_tag-otroski-dresi-benfica-z-lastnim-imenom","11":"product_tag-otroski-nogometni-dresi","12":"product_tag-otroski-nogometni-dresi-benfica","13":"product_tag-otroski-nogometni-dresi-benfica-z-lastnim-imenom","14":"product_tag-poceni-nogometni-dresi","15":"product_tag-slovenski-nogometni-dresi","17":"first","18":"instock","19":"shipping-taxable","20":"purchasable","21":"product-type-variable"},"_links":{"self":[{"href":"https:\/\/www.nogometnizaotroke.com\/da\/wp-json\/wp\/v2\/product\/15348","targetHints":{"allow":["GET"]}}],"collection":[{"href":"https:\/\/www.nogometnizaotroke.com\/da\/wp-json\/wp\/v2\/product"}],"about":[{"href":"https:\/\/www.nogometnizaotroke.com\/da\/wp-json\/wp\/v2\/types\/product"}],"replies":[{"embeddable":true,"href":"https:\/\/www.nogometnizaotroke.com\/da\/wp-json\/wp\/v2\/comments?post=15348"}],"wp:featuredmedia":[{"embeddable":true,"href":"https:\/\/www.nogometnizaotroke.com\/da\/wp-json\/wp\/v2\/media\/15350"}],"wp:attachment":[{"href":"https:\/\/www.nogometnizaotroke.com\/da\/wp-json\/wp\/v2\/media?parent=15348"}],"wp:term":[{"taxonomy":"product_brand","embeddable":true,"href":"https:\/\/www.nogometnizaotroke.com\/da\/wp-json\/wp\/v2\/product_brand?post=15348"},{"taxonomy":"product_cat","embeddable":true,"href":"https:\/\/www.nogometnizaotroke.com\/da\/wp-json\/wp\/v2\/product_cat?post=15348"},{"taxonomy":"product_tag","embeddable":true,"href":"https:\/\/www.nogometnizaotroke.com\/da\/wp-json\/wp\/v2\/product_tag?post=15348"}],"curies":[{"name":"wp","href":"https:\/\/api.w.org\/{rel}","templated":true}]}}