{"id":15127,"date":"2024-07-31T14:15:15","date_gmt":"2024-07-31T14:15:15","guid":{"rendered":"https:\/\/www.nogometnionline.com\/?post_type=product&#038;p=15127"},"modified":"2024-07-31T14:16:03","modified_gmt":"2024-07-31T14:16:03","slug":"poceni-moski-nogometni-dresi-ajax-gostujoci-2024-25-chuba-akpom-10","status":"publish","type":"product","link":"https:\/\/www.nogometnizaotroke.com\/da\/product\/poceni-moski-nogometni-dresi-ajax-gostujoci-2024-25-chuba-akpom-10\/","title":{"rendered":"Billige fodboldtr\u00f8jer til m\u00e6nd Ajax Away 2024-25 Chuba Akpom 10"},"content":{"rendered":"<p>Gostujo\u010di dres Ajax 24-25 je bledo denim modre barve in novi gostujo\u010di dres AFC Ajax 2024-25 je prete\u017eno \u201cCrew Blue\u201d v kombinaciji z \u201cPulse Yellow\u201d za logotipe. \u201cCrew Blue\u201d je denim modra barva, medtem ko je \u201cPulse Yellow\u201d zelo svetlo fluo rumena.Ne samo barve, ampak tudi dizajn gostujo\u010dega dresa Ajax 24-25 je edinstven. Predstavlja kreativno plat Ajaxa in Amsterdama in je bil oblikovan s potezami \u010dopi\u010da.Predloga za gostujo\u010di dres AFC Ajax 24-25 temelji na novi predlogi Tiro 24, ki je bila uporabljena tudi za vse reprezentan\u010dne drese 2024.<\/p>\n<p>Tips til sokker: T-shirten indeholder ikke sokker som standard. Hvis du vil have sokker, skal du v\u00e6lge sokkeindstillingerne for at betale for dem.<\/p>\n<p>Udskrivningstip: Hvis navnet og nummeret p\u00e5 billedet er pr\u00e6cis det, du vil have, beh\u00f8ver du ikke at indtaste det igen. Hvis det ikke er tilf\u00e6ldet, skal du indtaste det \u00f8nskede navn og nummer.<\/p>\n<p>Vasketip: Det anbefales at vaske fodboldtr\u00f8jer i h\u00e5nden. Hvis du vil bruge en vaskemaskine, skal du huske at vende tr\u00f8jen om og derefter vaske den. Og fyld maskinen med koldt vand og brug et sk\u00e5nsomt vaskeprogram for at beskytte farverne mere.<\/p>","protected":false},"excerpt":{"rendered":"<p>Gostujo\u010di dres Ajax 24-25 je bledo denim modre barve in novi gostujo\u010di dres AFC Ajax 2024-25 je prete\u017eno \u201cCrew Blue\u201d v kombinaciji z \u201cPulse Yellow\u201d za logotipe. \u201cCrew Blue\u201d je denim modra barva, medtem ko je \u201cPulse Yellow\u201d zelo svetlo fluo rumena.Ne samo barve, ampak tudi dizajn gostujo\u010dega dresa Ajax 24-25 je edinstven. Predstavlja kreativno [&hellip;]<\/p>","protected":false},"featured_media":15129,"comment_status":"open","ping_status":"closed","template":"","meta":[],"product_brand":[],"product_cat":[140,57],"product_tag":[1029,1022,150,1023,153,1028,148,1027,147],"class_list":{"0":"post-15127","1":"product","2":"type-product","3":"status-publish","4":"has-post-thumbnail","6":"product_cat-moski","7":"product_cat-nogometni-dresi-ajax","8":"product_tag-chuba-akpom-dresi","9":"product_tag-moski-dresi-ajax-z-lastnim-imenom","10":"product_tag-moski-nogometni-dresi","11":"product_tag-moski-nogometni-dresi-ajax","12":"product_tag-nogometni-dresi","13":"product_tag-nogometni-dresi-ajax-z-lastnim-imenom","14":"product_tag-poceni-nogometni-dresi","15":"product_tag-poceni-nogometni-dresi-ajax","16":"product_tag-slovenski-nogometni-dresi","18":"first","19":"instock","20":"shipping-taxable","21":"purchasable","22":"product-type-variable"},"_links":{"self":[{"href":"https:\/\/www.nogometnizaotroke.com\/da\/wp-json\/wp\/v2\/product\/15127","targetHints":{"allow":["GET"]}}],"collection":[{"href":"https:\/\/www.nogometnizaotroke.com\/da\/wp-json\/wp\/v2\/product"}],"about":[{"href":"https:\/\/www.nogometnizaotroke.com\/da\/wp-json\/wp\/v2\/types\/product"}],"replies":[{"embeddable":true,"href":"https:\/\/www.nogometnizaotroke.com\/da\/wp-json\/wp\/v2\/comments?post=15127"}],"wp:featuredmedia":[{"embeddable":true,"href":"https:\/\/www.nogometnizaotroke.com\/da\/wp-json\/wp\/v2\/media\/15129"}],"wp:attachment":[{"href":"https:\/\/www.nogometnizaotroke.com\/da\/wp-json\/wp\/v2\/media?parent=15127"}],"wp:term":[{"taxonomy":"product_brand","embeddable":true,"href":"https:\/\/www.nogometnizaotroke.com\/da\/wp-json\/wp\/v2\/product_brand?post=15127"},{"taxonomy":"product_cat","embeddable":true,"href":"https:\/\/www.nogometnizaotroke.com\/da\/wp-json\/wp\/v2\/product_cat?post=15127"},{"taxonomy":"product_tag","embeddable":true,"href":"https:\/\/www.nogometnizaotroke.com\/da\/wp-json\/wp\/v2\/product_tag?post=15127"}],"curies":[{"name":"wp","href":"https:\/\/api.w.org\/{rel}","templated":true}]}}