{"id":15105,"date":"2024-07-30T10:12:58","date_gmt":"2024-07-30T10:12:58","guid":{"rendered":"https:\/\/www.nogometnionline.com\/?post_type=product&#038;p=15105"},"modified":"2024-07-30T10:13:03","modified_gmt":"2024-07-30T10:13:03","slug":"poceni-otroske-nogometnih-dresov-athletic-bilbao-gostujoci-2024-2025-modra-kompleti","status":"publish","type":"product","link":"https:\/\/www.nogometnizaotroke.com\/da\/product\/poceni-otroske-nogometnih-dresov-athletic-bilbao-gostujoci-2024-2025-modra-kompleti\/","title":{"rendered":"Billige fodboldtr\u00f8jer til b\u00f8rn Athletic Bilbao Udebane 2024 2025 Bl\u00e5 s\u00e6t"},"content":{"rendered":"<p>Gostujo\u010di dres Athletic Bilbao 24-25 ima kraljevsko modro glavno barvo v kombinaciji s sivim ovratnikom z rde\u010do obrobo. Stranski del srajce je prav tako siv in rde\u010d.Nazadnje je Bilbao v sezoni 2018\/19 uporabil kraljevsko modro barvo za svoj dres v gosteh.Na sprednji strani je subtilen tisk, na zadnji pa baskovska zastava v obliki levje glave.<\/p>\n<p>Tips til sokker: T-shirten indeholder ikke sokker som standard. Hvis du vil have sokker, skal du v\u00e6lge sokkeindstillingerne for at betale for dem.<\/p>\n<p>Udskrivningstip: Hvis navnet og nummeret p\u00e5 billedet er pr\u00e6cis det, du vil have, beh\u00f8ver du ikke at indtaste det igen. Hvis det ikke er tilf\u00e6ldet, skal du indtaste det \u00f8nskede navn og nummer.<\/p>\n<p>Vasketip: Det anbefales at vaske fodboldtr\u00f8jer i h\u00e5nden. Hvis du vil bruge en vaskemaskine, skal du huske at vende tr\u00f8jen om og derefter vaske den. Og fyld maskinen med koldt vand og brug et sk\u00e5nsomt vaskeprogram for at beskytte farverne mere.<\/p>","protected":false},"excerpt":{"rendered":"<p>Gostujo\u010di dres Athletic Bilbao 24-25 ima kraljevsko modro glavno barvo v kombinaciji s sivim ovratnikom z rde\u010do obrobo. Stranski del srajce je prav tako siv in rde\u010d.Nazadnje je Bilbao v sezoni 2018\/19 uporabil kraljevsko modro barvo za svoj dres v gosteh.Na sprednji strani je subtilen tisk, na zadnji pa baskovska zastava v obliki levje glave. [&hellip;]<\/p>","protected":false},"featured_media":15108,"comment_status":"open","ping_status":"closed","template":"","meta":[],"product_brand":[],"product_cat":[73,52],"product_tag":[1025,220,1026,159,1024],"class_list":{"0":"post-15105","1":"product","2":"type-product","3":"status-publish","4":"has-post-thumbnail","6":"product_cat-otroski","7":"product_cat-nogometni-dresi-athletic-bilbao","8":"product_tag-dresi-athletic-bilbao-za-otroke","9":"product_tag-nogometni-dresi-za-otroke","10":"product_tag-otroski-dresi-athletic-bilbao-z-lastnim-imenom","11":"product_tag-otroski-nogometni-dresi","12":"product_tag-otroski-nogometni-dresi-athletic-bilbao","14":"first","15":"instock","16":"shipping-taxable","17":"purchasable","18":"product-type-variable"},"_links":{"self":[{"href":"https:\/\/www.nogometnizaotroke.com\/da\/wp-json\/wp\/v2\/product\/15105","targetHints":{"allow":["GET"]}}],"collection":[{"href":"https:\/\/www.nogometnizaotroke.com\/da\/wp-json\/wp\/v2\/product"}],"about":[{"href":"https:\/\/www.nogometnizaotroke.com\/da\/wp-json\/wp\/v2\/types\/product"}],"replies":[{"embeddable":true,"href":"https:\/\/www.nogometnizaotroke.com\/da\/wp-json\/wp\/v2\/comments?post=15105"}],"wp:featuredmedia":[{"embeddable":true,"href":"https:\/\/www.nogometnizaotroke.com\/da\/wp-json\/wp\/v2\/media\/15108"}],"wp:attachment":[{"href":"https:\/\/www.nogometnizaotroke.com\/da\/wp-json\/wp\/v2\/media?parent=15105"}],"wp:term":[{"taxonomy":"product_brand","embeddable":true,"href":"https:\/\/www.nogometnizaotroke.com\/da\/wp-json\/wp\/v2\/product_brand?post=15105"},{"taxonomy":"product_cat","embeddable":true,"href":"https:\/\/www.nogometnizaotroke.com\/da\/wp-json\/wp\/v2\/product_cat?post=15105"},{"taxonomy":"product_tag","embeddable":true,"href":"https:\/\/www.nogometnizaotroke.com\/da\/wp-json\/wp\/v2\/product_tag?post=15105"}],"curies":[{"name":"wp","href":"https:\/\/api.w.org\/{rel}","templated":true}]}}